{"id":9079,"date":"2019-05-02T11:27:10","date_gmt":"2019-05-02T15:27:10","guid":{"rendered":"https:\/\/www.makivik.org\/ungaluk-dev\/our-goals\/"},"modified":"2019-05-22T16:37:40","modified_gmt":"2019-05-22T20:37:40","slug":"our-goals","status":"publish","type":"page","link":"https:\/\/www.makivvik.ca\/fr\/actuellement\/ungaluk\/our-goals\/","title":{"rendered":"Objectifs prioritaires du Programme Ungaluk"},"content":{"rendered":"<p>Les projets doivent inclure un des objectifs suivants pour \u00eatre admissibles au financement. La priorit\u00e9 sera accord\u00e9e aux projets ax\u00e9s sur l\u2019objectif 1.<\/p>\n","protected":false},"excerpt":{"rendered":"<p>Les projets doivent inclure un des objectifs suivants pour \u00eatre admissibles au financement. La priorit\u00e9 sera accord\u00e9e aux projets ax\u00e9s sur l\u2019objectif 1.<\/p>\n","protected":false},"author":9,"featured_media":0,"parent":9032,"menu_order":2,"comment_status":"closed","ping_status":"closed","template":"","meta":{"_acf_changed":false,"footnotes":""},"class_list":["post-9079","page","type-page","status-publish","hentry"],"acf":[],"jetpack_shortlink":"https:\/\/wp.me\/P7v1Zk-2mr","jetpack_sharing_enabled":true,"_links":{"self":[{"href":"https:\/\/www.makivvik.ca\/fr\/wp-json\/wp\/v2\/pages\/9079","targetHints":{"allow":["GET"]}}],"collection":[{"href":"https:\/\/www.makivvik.ca\/fr\/wp-json\/wp\/v2\/pages"}],"about":[{"href":"https:\/\/www.makivvik.ca\/fr\/wp-json\/wp\/v2\/types\/page"}],"author":[{"embeddable":true,"href":"https:\/\/www.makivvik.ca\/fr\/wp-json\/wp\/v2\/users\/9"}],"replies":[{"embeddable":true,"href":"https:\/\/www.makivvik.ca\/fr\/wp-json\/wp\/v2\/comments?post=9079"}],"version-history":[{"count":2,"href":"https:\/\/www.makivvik.ca\/fr\/wp-json\/wp\/v2\/pages\/9079\/revisions"}],"predecessor-version":[{"id":9081,"href":"https:\/\/www.makivvik.ca\/fr\/wp-json\/wp\/v2\/pages\/9079\/revisions\/9081"}],"up":[{"embeddable":true,"href":"https:\/\/www.makivvik.ca\/fr\/wp-json\/wp\/v2\/pages\/9032"}],"wp:attachment":[{"href":"https:\/\/www.makivvik.ca\/fr\/wp-json\/wp\/v2\/media?parent=9079"}],"curies":[{"name":"wp","href":"https:\/\/api.w.org\/{rel}","templated":true}]}}