{"id":9074,"date":"2019-05-02T11:51:22","date_gmt":"2019-05-02T15:51:22","guid":{"rendered":"https:\/\/www.makivik.org\/ungaluk-dev\/ungaluk-priority-target-groups\/"},"modified":"2019-05-22T16:26:40","modified_gmt":"2019-05-22T20:26:40","slug":"ungaluk-priority-target-groups","status":"publish","type":"page","link":"https:\/\/www.makivvik.ca\/fr\/actuellement\/ungaluk\/ungaluk-priority-target-groups\/","title":{"rendered":"Groupes cibl\u00e9s en priorit\u00e9 par le Programme Ungaluk"},"content":{"rendered":"<p><strong>*Les projets doivent cibler les groupes suivant afin d\u2019\u00eatre admissibles au financement. La priorit\u00e9 sera accord\u00e9e aux projets qui ciblent le groupe de personnes \u00e0 risque.<\/strong><\/p>\n","protected":false},"excerpt":{"rendered":"<p>*Les projets doivent cibler les groupes suivant afin d\u2019\u00eatre admissibles au financement. La priorit\u00e9 sera accord\u00e9e aux projets qui ciblent le groupe de personnes \u00e0 risque.<\/p>\n","protected":false},"author":9,"featured_media":0,"parent":9032,"menu_order":3,"comment_status":"closed","ping_status":"closed","template":"","meta":{"_acf_changed":false,"footnotes":""},"class_list":["post-9074","page","type-page","status-publish","hentry"],"acf":[],"jetpack_shortlink":"https:\/\/wp.me\/P7v1Zk-2mm","jetpack_sharing_enabled":true,"_links":{"self":[{"href":"https:\/\/www.makivvik.ca\/fr\/wp-json\/wp\/v2\/pages\/9074","targetHints":{"allow":["GET"]}}],"collection":[{"href":"https:\/\/www.makivvik.ca\/fr\/wp-json\/wp\/v2\/pages"}],"about":[{"href":"https:\/\/www.makivvik.ca\/fr\/wp-json\/wp\/v2\/types\/page"}],"author":[{"embeddable":true,"href":"https:\/\/www.makivvik.ca\/fr\/wp-json\/wp\/v2\/users\/9"}],"replies":[{"embeddable":true,"href":"https:\/\/www.makivvik.ca\/fr\/wp-json\/wp\/v2\/comments?post=9074"}],"version-history":[{"count":2,"href":"https:\/\/www.makivvik.ca\/fr\/wp-json\/wp\/v2\/pages\/9074\/revisions"}],"predecessor-version":[{"id":9076,"href":"https:\/\/www.makivvik.ca\/fr\/wp-json\/wp\/v2\/pages\/9074\/revisions\/9076"}],"up":[{"embeddable":true,"href":"https:\/\/www.makivvik.ca\/fr\/wp-json\/wp\/v2\/pages\/9032"}],"wp:attachment":[{"href":"https:\/\/www.makivvik.ca\/fr\/wp-json\/wp\/v2\/media?parent=9074"}],"curies":[{"name":"wp","href":"https:\/\/api.w.org\/{rel}","templated":true}]}}