{"id":9069,"date":"2019-05-02T11:17:31","date_gmt":"2019-05-02T15:17:31","guid":{"rendered":"https:\/\/www.makivik.org\/ungaluk-dev\/apply-for-funding-for-ungaluk\/"},"modified":"2023-02-24T17:24:18","modified_gmt":"2023-02-24T21:24:18","slug":"apply-for-funding-for-ungaluk","status":"publish","type":"page","link":"https:\/\/www.makivvik.ca\/fr\/actuellement\/ungaluk\/apply-for-funding-for-ungaluk\/","title":{"rendered":"Pr\u00e9sentez une demande de financement dans le cadre du Programme Ungaluk"},"content":{"rendered":"<h2>Directives :<\/h2>\n<p>Please read the\u00a0<strong><u><a href=\"http:\/\/www.makivvik.ca\/wp-content\/uploads\/2017\/05\/Ungaluk-Application-Guidelines.pdf\">Guidelines\u00a0<\/a><\/u><\/strong>and\u00a0<strong><u><a href=\"http:\/\/www.makivvik.ca\/wp-content\/uploads\/2015\/05\/Ungaluk-Funding-Program-Information1.pdf\">Program Information<\/a><\/u><\/strong>\u00a0before applying.<\/p>\n<ol>\n<li><span lang=\"fr-CA\">Veuillez lire les\u00a0<\/span><span lang=\"fr-CA\">lignes directrices\u00a0<\/span><span lang=\"fr-CA\">et les\u00a0<\/span><span lang=\"fr-CA\"><a href=\"http:\/\/www.makivvik.ca\/wp-content\/uploads\/2015\/05\/Ungaluk-Funding-Program-Information1.pdf\">renseignements sur le Programme<\/a>\u00a0Ungaluk<\/span><span lang=\"fr-CA\">\u00a0avant de pr\u00e9senter une demande.<\/span><\/li>\n<li><span lang=\"fr-CA\">Le Programme Ungaluk pour des collectivit\u00e9s plus s\u00fbres recevra des demandes de financement du 6 juin jusqu\u2019au 23 septembre 2022, 17 h. Toute demande re\u00e7ue apr\u00e8s la date et l\u2019heure de cl\u00f4ture de l\u2019appel de projets ne sera pas prise en consid\u00e9ration. Les d\u00e9cisions seront rendues en d\u00e9cembre 2022. Dans le cas o\u00f9 il resterait des fonds apr\u00e8s cet appel de projets, un deuxi\u00e8me appel de projets sera lanc\u00e9 en janvier 2023. Il est toutefois recommand\u00e9 de soumettre les projets au cours du premier appel de projets.<\/span><\/li>\n<li><span lang=\"fr-CA\">Pour acc\u00e9der au formulaire de demande, vous devez d\u2019abord t\u00e9l\u00e9charger Internet Explorer ou Safari. Vous pouvez \u00e9galement utiliser Firefox, mais vous devrez t\u00e9l\u00e9charger la version longue dur\u00e9e (ESR) disponible sur le site suivant\u00a0:\u00a0https:\/\/www.mozilla.org\/en-US\/firefox\/organizations\/faq\/.<\/span><\/li>\n<li><span lang=\"fr-CA\">Une fois le navigateur t\u00e9l\u00e9charg\u00e9, ouvrez la\u00a0<\/span><a href=\"http:\/\/www.makivvik.ca\/ungaluk-program\/\"><span lang=\"fr-CA\">page web Ungaluk<\/span><\/a><span lang=\"fr-CA\">\u00a0et cliquez sur le bouton\u00a0<\/span><a href=\"http:\/\/ungaluk.makivik.org\/\"><span lang=\"fr-CA\">Formulaire de demande Ungaluk<\/span><\/a><span lang=\"fr-CA\">.<\/span><\/li>\n<li><span lang=\"fr-CA\">S\u00e9lectionnez \u00ab Cr\u00e9er un compte \u00bb. Si vous avez d\u00e9j\u00e0 un compte et avez pr\u00e9sent\u00e9 une demande dans le cadre du Programme Ungaluk l\u2019ann\u00e9e derni\u00e8re, veuillez entrer votre courriel et le mot de passe que vous avez alors utilis\u00e9.<\/span><\/li>\n<li><span lang=\"fr-CA\">Une fois que vous aurez cr\u00e9\u00e9 un compte, vous recevrez un courriel comprenant votre nom d\u2019utilisateur et votre mot de passe.<\/span><\/li>\n<li><span lang=\"fr-CA\">Connectez-vous \u00e0 votre compte.<\/span><\/li>\n<li><span lang=\"fr-CA\">Une fois que vous \u00eates connect\u00e9, allez \u00e0 \u00ab\u00a0Mon compte\u00a0\u00bb, puis \u00e0 \u00ab\u00a0Pr\u00e9senter une demande de financement \u2013 Cr\u00e9er une nouvelle demande en ligne\u00a0\u00bb. Cliquez sur \u00ab\u00a0Commencer\u00a0\u00bb.<\/span><\/li>\n<li><span lang=\"fr-CA\">Pour de plus amples renseignements, consultez les Fichiers d\u2019aide (ic\u00f4ne \u00ab\u00a0?\u00a0\u00bb situ\u00e9e \u00e0 c\u00f4t\u00e9 des questions).<\/span><\/li>\n<li><span lang=\"fr-CA\">Si vous ne pouvez pas r\u00e9pondre \u00e0 une question, inscrivez \u00ab\u00a0S. O.\u00a0\u00bb.<\/span><\/li>\n<\/ol>\n<p><span lang=\"fr-CA\">Si vous \u00e9prouvez des difficult\u00e9s, n\u2019h\u00e9sitez pas \u00e0 communiquer avec des employ\u00e9s du Programme Ungaluk<\/span><span lang=\"fr-CA\">. Cliquez sur le bouton \u00ab\u00a0Liste des employ\u00e9s Ungaluk\u00a0\u00bb qui se trouve sur la pr\u00e9sente page Web pour obtenir leurs coordonn\u00e9es.<\/span><\/p>\n<p><span lang=\"fr-CA\">Vous avez \u00e9galement l\u2019option de t\u00e9l\u00e9charger le formulaire, mais vous devez d\u2019abord cr\u00e9er un compte, vous connecter et communiquer avec un employ\u00e9 du Programme Ungaluk<\/span><span lang=\"fr-CA\">.<\/span><\/p>\n<h3>Important application criteria<\/h3>\n","protected":false},"excerpt":{"rendered":"<p>Directives : Please read the\u00a0Guidelines\u00a0and\u00a0Program Information\u00a0before applying. Veuillez lire les\u00a0lignes directrices\u00a0et les\u00a0renseignements sur le Programme\u00a0Ungaluk\u00a0avant de pr\u00e9senter une demande. Le Programme Ungaluk pour des collectivit\u00e9s plus<span class=\"excerpt-hellip\"> [\u2026]<\/span><\/p>\n","protected":false},"author":9,"featured_media":0,"parent":9032,"menu_order":0,"comment_status":"closed","ping_status":"closed","template":"","meta":{"_acf_changed":false,"footnotes":""},"class_list":["post-9069","page","type-page","status-publish","hentry"],"acf":[],"jetpack_shortlink":"https:\/\/wp.me\/P7v1Zk-2mh","jetpack_sharing_enabled":true,"_links":{"self":[{"href":"https:\/\/www.makivvik.ca\/fr\/wp-json\/wp\/v2\/pages\/9069","targetHints":{"allow":["GET"]}}],"collection":[{"href":"https:\/\/www.makivvik.ca\/fr\/wp-json\/wp\/v2\/pages"}],"about":[{"href":"https:\/\/www.makivvik.ca\/fr\/wp-json\/wp\/v2\/types\/page"}],"author":[{"embeddable":true,"href":"https:\/\/www.makivvik.ca\/fr\/wp-json\/wp\/v2\/users\/9"}],"replies":[{"embeddable":true,"href":"https:\/\/www.makivvik.ca\/fr\/wp-json\/wp\/v2\/comments?post=9069"}],"version-history":[{"count":5,"href":"https:\/\/www.makivvik.ca\/fr\/wp-json\/wp\/v2\/pages\/9069\/revisions"}],"predecessor-version":[{"id":15638,"href":"https:\/\/www.makivvik.ca\/fr\/wp-json\/wp\/v2\/pages\/9069\/revisions\/15638"}],"up":[{"embeddable":true,"href":"https:\/\/www.makivvik.ca\/fr\/wp-json\/wp\/v2\/pages\/9032"}],"wp:attachment":[{"href":"https:\/\/www.makivvik.ca\/fr\/wp-json\/wp\/v2\/media?parent=9069"}],"curies":[{"name":"wp","href":"https:\/\/api.w.org\/{rel}","templated":true}]}}