{"id":6136,"date":"2018-06-18T16:30:36","date_gmt":"2018-06-18T20:30:36","guid":{"rendered":"http:\/\/www.makivik.org\/jobs\/"},"modified":"2018-06-22T15:24:13","modified_gmt":"2018-06-22T19:24:13","slug":"jobs","status":"publish","type":"page","link":"https:\/\/www.makivvik.ca\/fr\/jobs\/","title":{"rendered":"Offres d&#8217;emploi"},"content":{"rendered":"<h4><span lang=\"fr-FR\">Makivvik est soucieuse d\u2019offrir des possibilit\u00e9s d\u2019emploi et des possibilit\u00e9s \u00e9conomiques aux b\u00e9n\u00e9ficiaires de la Convention de la Baie-James et du Nord qu\u00e9b\u00e9cois et autres r\u00e9sidents du Nunavik.<\/span><\/h4>\n<p><span lang=\"fr-FR\">Voici un aper\u00e7u des possibilit\u00e9s d\u2019emploi au sein de l\u2019organisme \u00e0 ses bureaux du Nunavik ou de Montr\u00e9al ainsi qu\u2019au sein de ses filiales.<\/span><\/p>\n","protected":false},"excerpt":{"rendered":"<p>Makivvik est soucieuse d\u2019offrir des possibilit\u00e9s d\u2019emploi et des possibilit\u00e9s \u00e9conomiques aux b\u00e9n\u00e9ficiaires de la Convention de la Baie-James et du Nord qu\u00e9b\u00e9cois et autres r\u00e9sidents<span class=\"excerpt-hellip\"> [\u2026]<\/span><\/p>\n","protected":false},"author":9,"featured_media":0,"parent":0,"menu_order":0,"comment_status":"closed","ping_status":"closed","template":"page-template\/jobs.php","meta":{"_acf_changed":false,"footnotes":""},"class_list":["post-6136","page","type-page","status-publish","hentry"],"acf":[],"jetpack_shortlink":"https:\/\/wp.me\/P7v1Zk-1AY","jetpack_sharing_enabled":true,"_links":{"self":[{"href":"https:\/\/www.makivvik.ca\/fr\/wp-json\/wp\/v2\/pages\/6136","targetHints":{"allow":["GET"]}}],"collection":[{"href":"https:\/\/www.makivvik.ca\/fr\/wp-json\/wp\/v2\/pages"}],"about":[{"href":"https:\/\/www.makivvik.ca\/fr\/wp-json\/wp\/v2\/types\/page"}],"author":[{"embeddable":true,"href":"https:\/\/www.makivvik.ca\/fr\/wp-json\/wp\/v2\/users\/9"}],"replies":[{"embeddable":true,"href":"https:\/\/www.makivvik.ca\/fr\/wp-json\/wp\/v2\/comments?post=6136"}],"version-history":[{"count":1,"href":"https:\/\/www.makivvik.ca\/fr\/wp-json\/wp\/v2\/pages\/6136\/revisions"}],"predecessor-version":[{"id":6139,"href":"https:\/\/www.makivvik.ca\/fr\/wp-json\/wp\/v2\/pages\/6136\/revisions\/6139"}],"wp:attachment":[{"href":"https:\/\/www.makivvik.ca\/fr\/wp-json\/wp\/v2\/media?parent=6136"}],"curies":[{"name":"wp","href":"https:\/\/api.w.org\/{rel}","templated":true}]}}