{"id":5990,"date":"2013-02-28T12:50:31","date_gmt":"2013-02-28T16:50:31","guid":{"rendered":"http:\/\/www.makivik.org\/movies\/"},"modified":"2018-05-16T22:42:58","modified_gmt":"2018-05-17T02:42:58","slug":"documents-audio-et-video","status":"publish","type":"page","link":"https:\/\/www.makivvik.ca\/fr\/documents-audio-et-video\/","title":{"rendered":"Documents audio et vid\u00e9o"},"content":{"rendered":"<p lang=\"en-US\"><span lang=\"fr-CA\">Vous trouverez ici une vari\u00e9t\u00e9 de documents audio et vid\u00e9o li\u00e9s au d\u00e9veloppement de Makivvik au fil des d\u00e9cennies et \u00e0 la culture inuite en g\u00e9n\u00e9ral, class\u00e9s en ordre chronologique d\u00e9croissant.<\/span><\/p>\n<h2>Iqqaumavara (Autumn 2013)<\/h2>\n<div class=\"button_align align_left\"><a class=\"button  button_left button_size_m\" href=\"\"         title=\"\"><span class=\"button_icon\"><i class=\"icon-download\"  aria-hidden=\"true\"><\/i><\/span><span class=\"button_label\">Button<\/span><\/a><\/div>\n\n<hr \/>\n<h2>Capturing Spirit &#8211; The Inuit Journey<\/h2>\n<p>&nbsp;<\/p>\n<div class=\"button_align align_left\"><a class=\"button  button_left button_size_m\" href=\"\"         title=\"\"><span class=\"button_icon\"><i class=\"icon-download\"  aria-hidden=\"true\"><\/i><\/span><span class=\"button_label\">Button<\/span><\/a><\/div>\n\n","protected":false},"excerpt":{"rendered":"<p>Vous trouverez ici une vari\u00e9t\u00e9 de documents audio et vid\u00e9o li\u00e9s au d\u00e9veloppement de Makivvik au fil des d\u00e9cennies et \u00e0 la culture inuite en g\u00e9n\u00e9ral,<span class=\"excerpt-hellip\"> [\u2026]<\/span><\/p>\n","protected":false},"author":9,"featured_media":0,"parent":0,"menu_order":0,"comment_status":"closed","ping_status":"closed","template":"","meta":{"_acf_changed":false,"footnotes":""},"class_list":["post-5990","page","type-page","status-publish","hentry"],"acf":[],"jetpack_shortlink":"https:\/\/wp.me\/P7v1Zk-1yC","jetpack_sharing_enabled":true,"_links":{"self":[{"href":"https:\/\/www.makivvik.ca\/fr\/wp-json\/wp\/v2\/pages\/5990","targetHints":{"allow":["GET"]}}],"collection":[{"href":"https:\/\/www.makivvik.ca\/fr\/wp-json\/wp\/v2\/pages"}],"about":[{"href":"https:\/\/www.makivvik.ca\/fr\/wp-json\/wp\/v2\/types\/page"}],"author":[{"embeddable":true,"href":"https:\/\/www.makivvik.ca\/fr\/wp-json\/wp\/v2\/users\/9"}],"replies":[{"embeddable":true,"href":"https:\/\/www.makivvik.ca\/fr\/wp-json\/wp\/v2\/comments?post=5990"}],"version-history":[{"count":1,"href":"https:\/\/www.makivvik.ca\/fr\/wp-json\/wp\/v2\/pages\/5990\/revisions"}],"predecessor-version":[{"id":5992,"href":"https:\/\/www.makivvik.ca\/fr\/wp-json\/wp\/v2\/pages\/5990\/revisions\/5992"}],"wp:attachment":[{"href":"https:\/\/www.makivvik.ca\/fr\/wp-json\/wp\/v2\/media?parent=5990"}],"curies":[{"name":"wp","href":"https:\/\/api.w.org\/{rel}","templated":true}]}}