{"id":5781,"date":"2018-03-07T23:35:00","date_gmt":"2018-03-08T03:35:00","guid":{"rendered":"http:\/\/www.makivik.org\/?page_id=5781"},"modified":"2023-02-24T17:20:17","modified_gmt":"2023-02-24T21:20:17","slug":"plan-de-gestion-de-lours-blanc","status":"publish","type":"page","link":"https:\/\/www.makivvik.ca\/fr\/actuellement\/plan-de-gestion-de-lours-blanc\/","title":{"rendered":"Plan de gestion de l\u2019ours blanc"},"content":{"rendered":"<p lang=\"en-US\"><span lang=\"fr-CA\">Depuis que les Inuits et les Cris habitent la r\u00e9gion c\u00f4ti\u00e8re du Nord qu\u00e9b\u00e9cois (Nunavik et Eeyou Istchee, respectivement), l\u2019ours blanc rev\u00eat une grande importance dans la culture et la subsistance de ces deux peuples. Les Inuits utilisent depuis des mill\u00e9naires l\u2019ours blanc pour s\u2019alimenter et se v\u00eatir. Les Cris d\u2019Eeyou Istchee, bien qu\u2019ils d\u00e9pendent moins de l\u2019ours blanc que les Inuits, accordent eux aussi une grande valeur \u00e0 l\u2019ours blanc en tant que symbole socioculturel. Les usages et les perceptions traditionnels de l\u2019ours blanc ont dict\u00e9 les pratiques de gestion de cet animal qui sont encore largement appliqu\u00e9es aujourd\u2019hui. <\/span><\/p>\n<p lang=\"en-US\"><span lang=\"fr-CA\">La pr\u00e9sente section comprend deux documents qui sont le fruit d\u2019ann\u00e9es de n\u00e9gociations complexes et d\u2019ententes sur le partage et la gestion de l\u2019ours blanc dans la r\u00e9gion marine du Nunavik.<\/span><\/p>\n<p lang=\"en-US\"><span lang=\"fr-CA\">1) Guide de consultation\u00a0: Plan de gestion de l\u2019ours blanc pour le Qu\u00e9bec, la r\u00e9gion marine d\u2019Eeyou et la r\u00e9gion marine du Nunavik (en anglais seulement).<\/span><\/p>\n<p><a href=\"http:\/\/www.makivvik.ca\/wp-content\/uploads\/2016\/12\/Consultation-Guide_Final.pdf\"><span lang=\"fr-CA\">http:\/\/www.makivik.org\/wp-content\/uploads\/2016\/12\/Consultation-Guide_Final.pdf<\/span><\/a><\/p>\n<p><span lang=\"fr-CA\">2) Projet de plan de gestion de l\u2019ours blanc pour le Qu\u00e9bec, la r\u00e9gion marine d\u2019Eeyou et la r\u00e9gion marine du Nunavik 2017-2027 (en anglais seulement).<\/span><\/p>\n<p><a href=\"http:\/\/www.makivvik.ca\/wp-content\/uploads\/2016\/12\/ENG_PB_Final-Draft-for-consultation.pdf\"><span lang=\"fr-CA\">http:\/\/www.makivik.org\/wp-content\/uploads\/2016\/12\/ENG_PB_Final-Draft-for-consultation.pdf<\/span><\/a><\/p>\n","protected":false},"excerpt":{"rendered":"<p>Depuis que les Inuits et les Cris habitent la r\u00e9gion c\u00f4ti\u00e8re du Nord qu\u00e9b\u00e9cois (Nunavik et Eeyou Istchee, respectivement), l\u2019ours blanc rev\u00eat une grande importance dans<span class=\"excerpt-hellip\"> [\u2026]<\/span><\/p>\n","protected":false},"author":9,"featured_media":0,"parent":4570,"menu_order":0,"comment_status":"closed","ping_status":"closed","template":"","meta":{"_acf_changed":false,"footnotes":""},"class_list":["post-5781","page","type-page","status-publish","hentry"],"acf":[],"jetpack_shortlink":"https:\/\/wp.me\/P7v1Zk-1vf","jetpack_sharing_enabled":true,"_links":{"self":[{"href":"https:\/\/www.makivvik.ca\/fr\/wp-json\/wp\/v2\/pages\/5781","targetHints":{"allow":["GET"]}}],"collection":[{"href":"https:\/\/www.makivvik.ca\/fr\/wp-json\/wp\/v2\/pages"}],"about":[{"href":"https:\/\/www.makivvik.ca\/fr\/wp-json\/wp\/v2\/types\/page"}],"author":[{"embeddable":true,"href":"https:\/\/www.makivvik.ca\/fr\/wp-json\/wp\/v2\/users\/9"}],"replies":[{"embeddable":true,"href":"https:\/\/www.makivvik.ca\/fr\/wp-json\/wp\/v2\/comments?post=5781"}],"version-history":[{"count":3,"href":"https:\/\/www.makivvik.ca\/fr\/wp-json\/wp\/v2\/pages\/5781\/revisions"}],"predecessor-version":[{"id":15529,"href":"https:\/\/www.makivvik.ca\/fr\/wp-json\/wp\/v2\/pages\/5781\/revisions\/15529"}],"up":[{"embeddable":true,"href":"https:\/\/www.makivvik.ca\/fr\/wp-json\/wp\/v2\/pages\/4570"}],"wp:attachment":[{"href":"https:\/\/www.makivvik.ca\/fr\/wp-json\/wp\/v2\/media?parent=5781"}],"curies":[{"name":"wp","href":"https:\/\/api.w.org\/{rel}","templated":true}]}}