{"id":5745,"date":"2018-01-18T00:06:45","date_gmt":"2018-01-18T04:06:45","guid":{"rendered":"http:\/\/www.makivik.org\/la-societe\/executif-de-makivik\/adamie-delisle-alaku\/"},"modified":"2018-01-18T00:07:11","modified_gmt":"2018-01-18T04:07:11","slug":"adamie-delisle-alaku","status":"publish","type":"page","link":"https:\/\/www.makivvik.ca\/fr\/la-societe\/adamie-delisle-alaku\/","title":{"rendered":"Adamie Delisle Alaku"},"content":{"rendered":"<p>Monsieur Adamie Delisle-Alaku est n\u00e9 le 28\u00a0juin\u00a01981. Il a obtenu son dipl\u00f4me d\u2019\u00e9tudes secondaires en 1999 de l\u2019\u00e9cole Ikusik de Salluit, son village natal. Il a ensuite poursuivi des \u00e9tudes en sciences pures et appliqu\u00e9es et en sciences sociales au Coll\u00e8ge MarieVictorin de Montr\u00e9al de 1999 \u00e0 2002. Apr\u00e8s ses \u00e9tudes postsecondaires, Adamie a travaill\u00e9 \u00e0 la mine Raglan pour l\u2019entreprise Kiewit Nuvummiut, d\u2019abord \u00e0 titre de coordonnateur des ressources humaines pendant sept ans, puis \u00e0 titre de chef contrema\u00eetre de la mine \u00e0 ciel ouvert pendant trois ans.<\/p>\n<p>Avant de commencer \u00e0 travailler pour Makivvik, Adamie a occup\u00e9 le poste de g\u00e9rant de l\u2019h\u00f4tel de la FCNQ \u00e0 Salluit, a servi \u00e0 titre de pompier volontaire de la communaut\u00e9 de Salluit de 1998 \u00e0 2011, et a occup\u00e9 une fonction de premier intervenant pendant sept\u00a0ans au cours de cette m\u00eame p\u00e9riode.<\/p>\n<p>Adamie s\u2019est joint \u00e0 Makivvik au printemps\u00a02011 \u00e0 titre d\u2019adjoint administratif de monsieur Johnny\u00a0Peters. Ce poste lui a permis d\u2019acqu\u00e9rir une vaste compr\u00e9hension des enjeux et des d\u00e9fis li\u00e9s \u00e0 la faune et aux ressources renouvelables auxquels sont confront\u00e9s les Inuits du Nunavik. Il consacre beaucoup d\u2019efforts pour s\u2019assurer que les Nunavimmiut soient entendus et bien repr\u00e9sent\u00e9s au niveau r\u00e9gional, national et international. Il est actuellement membre du Comit\u00e9 conjoint de chasse, p\u00eache et pi\u00e9geage auquel il participe depuis quatre ans. Il est \u00e9galement copr\u00e9sident de la Table ronde autochtone sur le caribou de la p\u00e9ninsule d\u2019Ungava et membre de l\u2019\u00c9quipe de r\u00e9tablissement du phoque d\u2019eau douce.<\/p>\n<p>Dans le cadre de ses fonctions de vice-pr\u00e9sident responsable du Service des ressources renouvelables, monsieur Delisle-Alaku occupe \u00e9galement des fonctions d\u2019administrateur de diverses filiales ou coentreprises de Makivvik, notamment Air Inuit Lt\u00e9e, Bradley Air Services (First\u00a0Air), les Cr\u00e9ations Nunavik Inc., les Entreprises Halutik Inc., G\u00e9omatiques Nunavik Inc., Nunacell Inc. et Construction Kautaq Inc.<\/p>\n<p>Adamie est un membre respect\u00e9 de Salluit, sa communaut\u00e9 d\u2019origine, mais il r\u00e9side pr\u00e9sentement \u00e0 Kuujjuaq avec sa conjointe Victoria et les deux enfants de cette derni\u00e8re, Linus et Louise.<\/p>\n<p>Adamie est parfaitement trilingue (inuktitut, fran\u00e7ais et anglais) en plus d\u2019\u00eatre un musicien accompli.<\/p>\n<p>Dans le cadre de ses fonctions \u00e0 titre d\u2019\u00e9lu de Makivvik, Adamie est d\u00e9termin\u00e9 \u00e0 d\u00e9fendre les int\u00e9r\u00eats des Nunavimmiut et leurs liens culturels avec la terre et les ressources renouvelables du Nunavik.<\/p>\n","protected":false},"excerpt":{"rendered":"<p>Monsieur Adamie Delisle-Alaku est n\u00e9 le 28\u00a0juin\u00a01981. Il a obtenu son dipl\u00f4me d\u2019\u00e9tudes secondaires en 1999 de l\u2019\u00e9cole Ikusik de Salluit, son village natal. Il a<span class=\"excerpt-hellip\"> [\u2026]<\/span><\/p>\n","protected":false},"author":9,"featured_media":0,"parent":4530,"menu_order":0,"comment_status":"closed","ping_status":"closed","template":"","meta":{"_acf_changed":false,"footnotes":""},"class_list":["post-5745","page","type-page","status-publish","hentry"],"acf":[],"jetpack_shortlink":"https:\/\/wp.me\/P7v1Zk-1uF","jetpack_sharing_enabled":true,"_links":{"self":[{"href":"https:\/\/www.makivvik.ca\/fr\/wp-json\/wp\/v2\/pages\/5745","targetHints":{"allow":["GET"]}}],"collection":[{"href":"https:\/\/www.makivvik.ca\/fr\/wp-json\/wp\/v2\/pages"}],"about":[{"href":"https:\/\/www.makivvik.ca\/fr\/wp-json\/wp\/v2\/types\/page"}],"author":[{"embeddable":true,"href":"https:\/\/www.makivvik.ca\/fr\/wp-json\/wp\/v2\/users\/9"}],"replies":[{"embeddable":true,"href":"https:\/\/www.makivvik.ca\/fr\/wp-json\/wp\/v2\/comments?post=5745"}],"version-history":[{"count":1,"href":"https:\/\/www.makivvik.ca\/fr\/wp-json\/wp\/v2\/pages\/5745\/revisions"}],"predecessor-version":[{"id":5747,"href":"https:\/\/www.makivvik.ca\/fr\/wp-json\/wp\/v2\/pages\/5745\/revisions\/5747"}],"up":[{"embeddable":true,"href":"https:\/\/www.makivvik.ca\/fr\/wp-json\/wp\/v2\/pages\/4530"}],"wp:attachment":[{"href":"https:\/\/www.makivvik.ca\/fr\/wp-json\/wp\/v2\/media?parent=5745"}],"curies":[{"name":"wp","href":"https:\/\/api.w.org\/{rel}","templated":true}]}}