{"id":5692,"date":"2018-01-17T20:07:15","date_gmt":"2018-01-18T00:07:15","guid":{"rendered":"http:\/\/www.makivik.org\/links\/"},"modified":"2023-02-24T17:24:17","modified_gmt":"2023-02-24T21:24:17","slug":"liens","status":"publish","type":"page","link":"https:\/\/www.makivvik.ca\/fr\/liens\/","title":{"rendered":"Liens"},"content":{"rendered":"<p><span lang=\"fr-CA\">Bienvenue sur la page des liens du site Web de Makivvik. Vous trouverez sur la pr\u00e9sente page des liens Web vers des entreprises et des organismes li\u00e9s au d\u00e9veloppement du Nunavik et bien plus encore. <\/span><\/p>\n<p><span lang=\"fr-CA\"><b>Filiales<\/b><\/span><\/p>\n<p><span lang=\"fr-CA\">Air Inuit <a href=\"http:\/\/www.airinuit.com\/fr\/accueil\">http:\/\/www.airinuit.com\/fr\/accueil<br \/>\n<\/a><\/span><span lang=\"en-CA\">First Air <a href=\"https:\/\/firstair.ca\/fr\/\">https:\/\/firstair.ca\/fr\/<br \/>\n<\/a><\/span><span lang=\"en-CA\">NEAS <a href=\"http:\/\/www.neas.ca\/fr\/index.cfm\">http:\/\/www.neas.ca\/fr\/index.cfm<\/a><\/span><\/p>\n<p><span lang=\"fr-CA\"><b>Organismes du Nunavik<\/b><\/span><\/p>\n<p><span lang=\"fr-CA\">Administration r\u00e9gionale Kativik <a href=\"http:\/\/www.krg.ca\/fr\/\">http:\/\/www.krg.ca\/fr\/<br \/>\n<\/a><\/span><span lang=\"fr-CA\">R\u00e9gie r\u00e9gionale de la sant\u00e9 et des services sociaux du Nunavik <a href=\"http:\/\/nrbhss.gouv.qc.ca\/fr\">www.nrbhss.gouv.qc.ca<br \/>\n<\/a><\/span><span lang=\"fr-CA\">Kativik Ilisarniliriniq <a href=\"https:\/\/www.kativik.qc.ca\/fr\/\">https:\/\/www.kativik.qc.ca\/fr\/<br \/>\n<\/a><\/span><span lang=\"fr-CA\">Association des corporations fonci\u00e8res du Nunavik <a href=\"http:\/\/www.nlhca.ca\/fr_index.shtml\">http:\/\/www.nlhca.ca\/fr_index.shtml<br \/>\n<\/a><\/span><span lang=\"fr-CA\">Institut culturel Avataq <a href=\"http:\/\/www.avataq.qc.ca\/\">www.avataq.qc.ca<br \/>\n<\/a><\/span><span lang=\"fr-CA\">Conseil jeunesse Qarjuit <a href=\"http:\/\/www.facebook.com\/qarjuit\">www.facebook.com\/qarjuit<br \/>\n<\/a><\/span><span lang=\"fr-CA\">Corps de police r\u00e9gional Kativik <a href=\"http:\/\/www.krpf.ca\/fr\">http:\/\/www.krpf.ca\/fr<\/a><\/span><\/p>\n<p><span lang=\"fr-CA\"><b>Gouvernement<\/b><\/span><\/p>\n<p><span lang=\"fr-CA\">Gouvernement du Qu\u00e9bec <a href=\"http:\/\/www.gouv.qc.ca\/\">www.gouv.qc.ca<br \/>\n<\/a><\/span><span lang=\"fr-CA\">Secr\u00e9tariat aux affaires autochtones <a href=\"http:\/\/www.autochtones.gouv.qc.ca\/\">www.autochtones.gouv.qc.ca<br \/>\n<\/a><\/span><span lang=\"fr-CA\">Gouvernement du Canada <a href=\"http:\/\/www.canada.ca\/\">www.canada.ca<br \/>\n<\/a><\/span><span lang=\"fr-CA\">Affaires autochtones et du Nord Canada <a href=\"http:\/\/www.aadnc-aandc.gc.ca\/\">www.aadnc-aandc.gc.ca<br \/>\n<\/a><\/span><span lang=\"fr-CA\">Services aux Autochtones Canada <a href=\"http:\/\/www.aadnc-aandc.gc.ca\/\">www.aadnc-aandc.gc.ca<br \/>\n<\/a><\/span><span lang=\"fr-CA\">Gouvernement du Nunavut <a href=\"https:\/\/www.gov.nu.ca\/fr\">https:\/\/www.gov.nu.ca\/fr<br \/>\n<\/a><\/span><span lang=\"fr-CA\">Gouvernement du Nunatsiavut <a href=\"http:\/\/www.nunatsiavut.com\/\">www.nunatsiavut.com<br \/>\n<\/a><\/span><span lang=\"fr-CA\">Gouvernement des Territoires du Nord-Ouest <a href=\"http:\/\/www.gov.nt.ca\/fr\">http:\/\/www.gov.nt.ca\/fr<br \/>\n<\/a><\/span><span lang=\"fr-CA\">Gouvernement du Yukon <a href=\"http:\/\/www.gov.yk.ca\/fr\/\">http:\/\/www.gov.yk.ca\/fr\/<\/a><\/span><\/p>\n<p><span lang=\"fr-CA\"><b>Organismes inuits<\/b><\/span><\/p>\n<p><span lang=\"fr-CA\">Inuit Tapiriit Kanatami (ITK) <a href=\"http:\/\/www.itk.ca\/\">www.itk.ca<br \/>\n<\/a><\/span><span lang=\"fr-CA\">Conseil circumpolaire inuit (CCI) <a href=\"http:\/\/www.inuitcircumpolar.com\/\">www.inuitcircumpolar.com<br \/>\n<\/a><\/span><span lang=\"en-CA\">National Inuit Youth Council (NIYC) <a href=\"http:\/\/www.facebook.com\/inuityouth1\">www.facebook.com\/inuityouth1<br \/>\n<\/a><\/span><span lang=\"en-CA\">Nunavut Tunngavik Incorporated <a href=\"http:\/\/www.tunngavik.com\/\">www.tunngavik.com<br \/>\n<\/a><\/span><span lang=\"en-CA\">Inuvialuit Regional Corporation <a href=\"http:\/\/www.irc.inuvialuit.com\/\">www.irc.inuvialuit.com<br \/>\n<\/a><\/span><span lang=\"en-CA\">Nunatsiavut Government <a href=\"http:\/\/www.nunatsiavut.com\/\">www.nunatsiavut.com<\/a><\/span><\/p>\n<p><span lang=\"fr-CA\"><b>Soci\u00e9t\u00e9s de d\u00e9veloppement inuites<\/b><\/span><\/p>\n<p><span lang=\"en-CA\">Nunatsiavut Group of Companies <a href=\"http:\/\/www.ngc-ng.ca\/\">www.ngc-ng.ca<br \/>\n<\/a><\/span><span lang=\"en-CA\">Nunasi Corporation <a href=\"http:\/\/www.nunasi.com\/\">www.nunasi.com<br \/>\n<\/a><\/span><span lang=\"en-CA\">Inuvialuit Development Corporation <a href=\"http:\/\/www.irc.inuvialuit.com\/\">www.irc.inuvialuit.com<\/a><\/span><\/p>\n<p><span lang=\"fr-CA\"><b>M\u00e9dias<\/b><\/span><\/p>\n<p><span lang=\"fr-CA\">Taqramiut Nipingat Incorporated <a href=\"http:\/\/www.tni-rtn.com\/?lang=fr\">http:\/\/www.tni-rtn.com\/?lang=fr<br \/>\n<\/a><\/span><span lang=\"en-CA\">CBC Northern Services <a href=\"http:\/\/www.cbc.ca\/news\/canada\/north\">www.cbc.ca\/news\/canada\/north<br \/>\n<\/a><\/span><span lang=\"en-CA\">Nunatsiaq News <a href=\"http:\/\/www.nunatsiaqonline.ca\/\">www.nunatsiaqonline.ca<br \/>\n<\/a><\/span><span lang=\"en-CA\">Northern News Services Limited <a href=\"http:\/\/www.nnsl.com\/\">www.nnsl.com<br \/>\n<\/a><\/span><span lang=\"en-CA\">OK\u00e2laKatiget <\/span><span lang=\"en-CA\">Society <a href=\"http:\/\/www.oksociety.com\/\">www.oksociety.com<br \/>\n<\/a><\/span><span lang=\"en-CA\">The Labradorian <a href=\"http:\/\/www.thelabradorian.ca\/\">www.thelabradorian.ca<\/a><\/span><\/p>\n<p><span lang=\"fr-CA\"><b>Enseignement postsecondaire<\/b><\/span><\/p>\n<p><span lang=\"fr-CA\">C\u00e9gep John Abbott <a href=\"http:\/\/www.johnabbott.qc.ca\/\">www.johnabbott.qc.ca<br \/>\n<\/a><\/span><span lang=\"fr-CA\">Universit\u00e9 McGill <a href=\"http:\/\/www.mcgill.ca\/fr\">http:\/\/www.mcgill.ca\/fr<br \/>\n<\/a><\/span><span lang=\"fr-CA\">Universit\u00e9 Concordia <a href=\"http:\/\/www.concordia.ca\/fr.html\">http:\/\/www.concordia.ca\/fr.html<br \/>\n<\/a><\/span><span lang=\"fr-CA\">Universit\u00e9 Laval <a href=\"http:\/\/www.ulaval.ca\/\">www.ulaval.ca<\/a><\/span><\/p>\n<p><span lang=\"fr-CA\"><b>Recherche scientifique<\/b><\/span><\/p>\n<p><span lang=\"fr-CA\">Centre de recherche Nunavik <a href=\"http:\/\/www.makivvik.ca\/fr\/nunavik-research-centre\/\">http:\/\/www.makivik.org\/fr\/nunavik-research-centre\/<br \/>\n<\/a><\/span><span lang=\"fr-CA\">Centre d\u2019\u00e9tudes nordiques, Universit\u00e9 Laval <a href=\"http:\/\/www.cen.ulaval.ca\/\">www.cen.ulaval.ca<br \/>\n<\/a><\/span><span lang=\"fr-CA\">Chaire d\u2019excellence en recherche du Canada sur la t\u00e9l\u00e9d\u00e9tection de la nouvelle fronti\u00e8re arctique du Canada <a href=\"http:\/\/www.cerc-arctic.ulaval.ca\/index-fr.php\">http:\/\/www.cerc-arctic.ulaval.ca\/index-fr.php<br \/>\n<\/a><\/span><span lang=\"en-CA\">ArcticNet <a href=\"http:\/\/www.arcticnet.ulaval.ca\/index-fr.php\">http:\/\/www.arcticnet.ulaval.ca\/index-fr.php<br \/>\n<\/a><\/span><span lang=\"fr-CA\">Savoir polaire Canada <a href=\"https:\/\/www.canada.ca\/fr\/savoir-polaire.html\">https:\/\/www.canada.ca\/fr\/savoir-polaire.html<br \/>\n<\/a><\/span><span lang=\"fr-CA\">Station canadienne de recherche dans l\u2019Extr\u00eame-Arctique <a href=\"http:\/\/www.canada.ca\/en\/polar-knowledge\/constructingstation\">www.canada.ca\/en\/polar-knowledge\/constructingstation<\/a><!-- Verify link. --><\/span><\/p>\n","protected":false},"excerpt":{"rendered":"<p>Bienvenue sur la page des liens du site Web de Makivvik. Vous trouverez sur la pr\u00e9sente page des liens Web vers des entreprises et des organismes<span class=\"excerpt-hellip\"> [\u2026]<\/span><\/p>\n","protected":false},"author":9,"featured_media":0,"parent":0,"menu_order":0,"comment_status":"closed","ping_status":"closed","template":"","meta":{"_acf_changed":false,"footnotes":""},"class_list":["post-5692","page","type-page","status-publish","hentry"],"acf":[],"jetpack_shortlink":"https:\/\/wp.me\/P7v1Zk-1tO","jetpack_sharing_enabled":true,"_links":{"self":[{"href":"https:\/\/www.makivvik.ca\/fr\/wp-json\/wp\/v2\/pages\/5692","targetHints":{"allow":["GET"]}}],"collection":[{"href":"https:\/\/www.makivvik.ca\/fr\/wp-json\/wp\/v2\/pages"}],"about":[{"href":"https:\/\/www.makivvik.ca\/fr\/wp-json\/wp\/v2\/types\/page"}],"author":[{"embeddable":true,"href":"https:\/\/www.makivvik.ca\/fr\/wp-json\/wp\/v2\/users\/9"}],"replies":[{"embeddable":true,"href":"https:\/\/www.makivvik.ca\/fr\/wp-json\/wp\/v2\/comments?post=5692"}],"version-history":[{"count":8,"href":"https:\/\/www.makivvik.ca\/fr\/wp-json\/wp\/v2\/pages\/5692\/revisions"}],"predecessor-version":[{"id":15630,"href":"https:\/\/www.makivvik.ca\/fr\/wp-json\/wp\/v2\/pages\/5692\/revisions\/15630"}],"wp:attachment":[{"href":"https:\/\/www.makivvik.ca\/fr\/wp-json\/wp\/v2\/media?parent=5692"}],"curies":[{"name":"wp","href":"https:\/\/api.w.org\/{rel}","templated":true}]}}