{"id":5624,"date":"2018-01-17T15:17:15","date_gmt":"2018-01-17T19:17:15","guid":{"rendered":"http:\/\/www.makivik.org\/tarquti-energy-corporation\/"},"modified":"2021-11-03T12:28:02","modified_gmt":"2021-11-03T16:28:02","slug":"tarquti-energy-corporation","status":"publish","type":"page","link":"https:\/\/www.makivvik.ca\/fr\/tarquti-energy-corporation\/","title":{"rendered":"Les \u00c9nergies Tarquti"},"content":{"rendered":"<p lang=\"fr-CA\" align=\"justify\"><strong>Profil de l\u2019entreprise<\/strong><\/p>\n<p lang=\"en-CA\" align=\"justify\"><span lang=\"fr-CA\">Les \u00c9nergies Tarquti est une entreprise en coparticipation sans pr\u00e9c\u00e9dent entre les deux principaux organismes de d\u00e9veloppement \u00e9conomique du Nunavik, soit la F\u00e9d\u00e9ration des coop\u00e9ratives du Nouveau-Qu\u00e9bec (FCNQ) et Makivvik. Ce sera une entreprise dont 100&nbsp;% des int\u00e9r\u00eats appartiendront aux Inuits.<\/span><\/p>\n<p lang=\"en-CA\" align=\"justify\"><span lang=\"fr-CA\">La cr\u00e9ation de l\u2019entreprise a \u00e9t\u00e9 annonc\u00e9e publiquement \u00e0 Ivujivik, au Nunavik, le 21&nbsp;f\u00e9vrier&nbsp;2017.<\/span><\/p>\n<p lang=\"en-CA\" align=\"justify\"><span lang=\"fr-CA\">Les \u00c9nergies Tarquti aura notamment comme objectifs ce qui suit&nbsp;:<\/span><\/p>\n<ul>\n<li>\n<p lang=\"fr-CA\" align=\"justify\">Permettre aux Inuits du Nunavik de contr\u00f4ler le d\u00e9veloppement \u00e0 long terme des \u00e9nergies renouvelables au Nunavik et veiller \u00e0 ce que les projets soient respectueux de l\u2019environnement et adapt\u00e9s aux besoins de chaque communaut\u00e9.<\/p>\n<\/li>\n<li>\n<p lang=\"fr-CA\" align=\"justify\">Favoriser l\u2019emploi d\u2019Inuits et promouvoir le d\u00e9veloppement \u00e9conomique du Nunavik en veillant \u00e0 ce que les b\u00e9n\u00e9fices provenant des activit\u00e9s r\u00e9alis\u00e9es dans la r\u00e9gion soient investis au Nunavik.<\/p>\n<\/li>\n<li>\n<p lang=\"fr-CA\" align=\"justify\">Veiller \u00e0 ce que les corporations fonci\u00e8res et les coop\u00e9ratives participent aux projets locaux en leur offrant des possibilit\u00e9s de participation.<\/p>\n<\/li>\n<li>\n<p lang=\"fr-CA\" align=\"justify\">Constituer une base de connaissances et d\u00e9velopper une expertise inuite dans le domaine des \u00e9nergies renouvelables.<\/p>\n<\/li>\n<\/ul>\n<p lang=\"en-CA\" align=\"justify\"><span lang=\"fr-CA\">L\u2019entreprise ciblera les types de projets suivants<\/span><span lang=\"fr-CA\">&nbsp;<\/span><span lang=\"fr-CA\">:<\/span><\/p>\n<ul>\n<li>\n<p lang=\"fr-CA\" align=\"justify\">Projets de production d\u2019\u00e9nergie locale situ\u00e9s sur des terres des cat\u00e9gories&nbsp;I et&nbsp;II, et d\u2019autres projets dont l\u2019objectif principal est d\u2019approvisionner une communaut\u00e9 en \u00e9nergie. Ces projets seront r\u00e9alis\u00e9s en collaboration avec la communaut\u00e9, par l\u2019entremise d\u2019une soci\u00e9t\u00e9 locale \u00e0 laquelle la corporation fonci\u00e8re et la coop\u00e9rative locales seront invit\u00e9es \u00e0 d\u00e9tenir une participation.<\/p>\n<\/li>\n<li>\n<p lang=\"fr-CA\" align=\"justify\">Projets de production d\u2019\u00e9nergies renouvelables au Nunavik pour des soci\u00e9t\u00e9s mini\u00e8res, par exemple.<\/p>\n<\/li>\n<li>\n<p lang=\"fr-CA\" align=\"justify\">Alliances strat\u00e9giques avec certaines entreprises sp\u00e9cialis\u00e9es dans les technologies des \u00e9nergies renouvelables.<\/p>\n<\/li>\n<\/ul>\n<p lang=\"en-CA\" align=\"justify\"><span lang=\"fr-CA\">Le conseil d\u2019administration de l\u2019entreprise sera compos\u00e9 de huit membres. Makivvik et la FCNQ y nommeront trois membres chacune (administrateurs d\u00e9sign\u00e9s). Les deux autres membres du conseil d\u2019administration (administrateurs externes) seront choisis d\u2019organismes externes par Makivvik et la FCNQ. Les membres du conseil d\u2019administration seront nomm\u00e9s \u00e0 la premi\u00e8re assembl\u00e9e g\u00e9n\u00e9rale annuelle suivant la constitution de l\u2019entreprise.<\/span><\/p>\n<p lang=\"fr-CA\" align=\"justify\">Actuellement, toute l\u2019\u00e9lectricit\u00e9 consomm\u00e9e au Nunavik est produite par des g\u00e9n\u00e9ratrices au diesel. La nouvelle Politique \u00e9nerg\u00e9tique 2030 du gouvernement du Qu\u00e9bec a fix\u00e9 comme objectif de r\u00e9duire de 40&nbsp;% la consommation de combustibles fossiles d\u2019ici \u00e0&nbsp;2030.<\/p>\n<p lang=\"en-CA\" align=\"justify\"><span lang=\"fr-CA\">Les \u00c9nergies Tarquti r\u00e9alisera des projets ax\u00e9s sur les \u00e9nergies renouvelables et contribuera aux efforts d\u00e9ploy\u00e9s par les Inuits du Nunavik pour r\u00e9duire les \u00e9missions de gaz \u00e0 effet de serre au seuil fix\u00e9 par le gouvernement du Canada dans le Cadre pancanadien sur la croissance propre et les changements climatiques annonc\u00e9 le 9&nbsp;d\u00e9cembre&nbsp;2016.<\/span><\/p>\n","protected":false},"excerpt":{"rendered":"<p>Profil de l\u2019entreprise Les \u00c9nergies Tarquti est une entreprise en coparticipation sans pr\u00e9c\u00e9dent entre les deux principaux organismes de d\u00e9veloppement \u00e9conomique du Nunavik, soit la F\u00e9d\u00e9ration<span class=\"excerpt-hellip\"> [\u2026]<\/span><\/p>\n","protected":false},"author":9,"featured_media":0,"parent":0,"menu_order":0,"comment_status":"closed","ping_status":"closed","template":"","meta":{"_acf_changed":false,"footnotes":""},"class_list":["post-5624","page","type-page","status-publish","hentry"],"acf":[],"jetpack_shortlink":"https:\/\/wp.me\/P7v1Zk-1sI","jetpack_sharing_enabled":true,"_links":{"self":[{"href":"https:\/\/www.makivvik.ca\/fr\/wp-json\/wp\/v2\/pages\/5624","targetHints":{"allow":["GET"]}}],"collection":[{"href":"https:\/\/www.makivvik.ca\/fr\/wp-json\/wp\/v2\/pages"}],"about":[{"href":"https:\/\/www.makivvik.ca\/fr\/wp-json\/wp\/v2\/types\/page"}],"author":[{"embeddable":true,"href":"https:\/\/www.makivvik.ca\/fr\/wp-json\/wp\/v2\/users\/9"}],"replies":[{"embeddable":true,"href":"https:\/\/www.makivvik.ca\/fr\/wp-json\/wp\/v2\/comments?post=5624"}],"version-history":[{"count":2,"href":"https:\/\/www.makivvik.ca\/fr\/wp-json\/wp\/v2\/pages\/5624\/revisions"}],"predecessor-version":[{"id":12930,"href":"https:\/\/www.makivvik.ca\/fr\/wp-json\/wp\/v2\/pages\/5624\/revisions\/12930"}],"wp:attachment":[{"href":"https:\/\/www.makivvik.ca\/fr\/wp-json\/wp\/v2\/media?parent=5624"}],"curies":[{"name":"wp","href":"https:\/\/api.w.org\/{rel}","templated":true}]}}