{"id":5615,"date":"2016-01-28T11:34:34","date_gmt":"2016-01-28T15:34:34","guid":{"rendered":"http:\/\/www.makivik.org\/nunavikgeomatics\/"},"modified":"2020-02-08T21:49:24","modified_gmt":"2020-02-09T01:49:24","slug":"nunavikgeomatics","status":"publish","type":"page","link":"https:\/\/www.makivvik.ca\/fr\/nunavikgeomatics\/","title":{"rendered":"Nunavik Geomatics"},"content":{"rendered":"<p class=\"western\" lang=\"fr-CA\" align=\"justify\"><strong><span style=\"font-family: Arial, sans-serif;\"><span style=\"font-size: medium;\">Profil de l\u2019entreprise<\/span><\/span><\/strong><\/p>\n<p lang=\"en-CA\" align=\"justify\"><span lang=\"fr-CA\">Nunavik Geomatics<\/span><span lang=\"fr-CA\"> est une firme d\u2019experts-conseils appartenant aux Inuits qui offre des solutions de g\u00e9omatique novatrices et \u00e9conomiques aux clients des secteurs public et priv\u00e9. Nous offrons des services de cartographie et d\u2019analyse spatiale \u00e0 la fine pointe de la technologie en recueillant et en analysant des donn\u00e9es g\u00e9ospatiales et d\u2019observation de la Terre afin d\u2019extraire l\u2019information qui met en lumi\u00e8re les tendances et les liens pouvant s\u2019av\u00e9rer utiles pour vos projets. Notre gamme de produits et de services comprend le soutien \u00e0 la d\u00e9cision, la gestion de projet, les syst\u00e8mes d\u2019information g\u00e9ographique, la collecte de donn\u00e9es et l\u2019inspection a\u00e9riennes ainsi que la collecte de connaissances \u00e9cologiques traditionnelles.<\/span><\/p>\n<p lang=\"en-CA\" align=\"justify\"><span lang=\"fr-CA\">Nunavik Geomatics est une filiale en propri\u00e9t\u00e9 exclusive de Makivvik.<\/span><\/p>\n<p lang=\"en-CA\" align=\"justify\"><span lang=\"fr-CA\"><br \/>\nDepuis 2009, Nunavik Geomatics a obtenu plusieurs contrats du gouvernement du Canada et du secteur priv\u00e9 pour effectuer divers travaux\u00a0: cartographie, atlas, cartes interactives, syst\u00e8mes d\u2019information g\u00e9ographique, services environnementaux, \u00e9laboration de pratiques exemplaires, examens technologiques, utilisation et occupation des terres, et \u00e9tudes sur les connaissances traditionnelles.<\/span><\/p>\n<p lang=\"fr-CA\" align=\"justify\">Services de collecte de donn\u00e9es et d\u2019inspection sur demande<\/p>\n<p lang=\"en-CA\" align=\"justify\"><span lang=\"fr-CA\"><br \/>\nDans le cadre d\u2019une strat\u00e9gie d\u2019expansion d\u2019entreprise visant \u00e0 soutenir notre offre actuelle de produits et de services, Nunavik Geomatics offre des services de collecte de donn\u00e9es \u00e0 haute r\u00e9solution et d\u2019inspection \u00e0 l\u2019aide d\u2019un v\u00e9hicule a\u00e9rien sans pilote. L\u2019achat de notre v\u00e9hicule a\u00e9rien sans pilote et l\u2019offre de services subs\u00e9quente permettront d\u2019avoir un plus grand acc\u00e8s \u00e0 l\u2019acquisition d\u2019images sur demande et reproductibles pour nos clients repr\u00e9sentants divers secteurs d\u2019activit\u00e9.<\/span><\/p>\n","protected":false},"excerpt":{"rendered":"<p>Profil de l\u2019entreprise Nunavik Geomatics est une firme d\u2019experts-conseils appartenant aux Inuits qui offre des solutions de g\u00e9omatique novatrices et \u00e9conomiques aux clients des secteurs public<span class=\"excerpt-hellip\"> [\u2026]<\/span><\/p>\n","protected":false},"author":9,"featured_media":0,"parent":0,"menu_order":0,"comment_status":"closed","ping_status":"closed","template":"","meta":{"_acf_changed":false,"footnotes":""},"class_list":["post-5615","page","type-page","status-publish","hentry"],"acf":[],"jetpack_shortlink":"https:\/\/wp.me\/P7v1Zk-1sz","jetpack_sharing_enabled":true,"_links":{"self":[{"href":"https:\/\/www.makivvik.ca\/fr\/wp-json\/wp\/v2\/pages\/5615","targetHints":{"allow":["GET"]}}],"collection":[{"href":"https:\/\/www.makivvik.ca\/fr\/wp-json\/wp\/v2\/pages"}],"about":[{"href":"https:\/\/www.makivvik.ca\/fr\/wp-json\/wp\/v2\/types\/page"}],"author":[{"embeddable":true,"href":"https:\/\/www.makivvik.ca\/fr\/wp-json\/wp\/v2\/users\/9"}],"replies":[{"embeddable":true,"href":"https:\/\/www.makivvik.ca\/fr\/wp-json\/wp\/v2\/comments?post=5615"}],"version-history":[{"count":2,"href":"https:\/\/www.makivvik.ca\/fr\/wp-json\/wp\/v2\/pages\/5615\/revisions"}],"predecessor-version":[{"id":5618,"href":"https:\/\/www.makivvik.ca\/fr\/wp-json\/wp\/v2\/pages\/5615\/revisions\/5618"}],"wp:attachment":[{"href":"https:\/\/www.makivvik.ca\/fr\/wp-json\/wp\/v2\/media?parent=5615"}],"curies":[{"name":"wp","href":"https:\/\/api.w.org\/{rel}","templated":true}]}}