{"id":4738,"date":"2015-01-14T23:50:37","date_gmt":"2015-01-15T03:50:37","guid":{"rendered":"http:\/\/www.makivik.org\/reelection-de-jobie-tukkiapik-a-la-presidence-de-makivik\/"},"modified":"2023-02-24T17:24:16","modified_gmt":"2023-02-24T21:24:16","slug":"reelection-de-jobie-tukkiapik-a-la-presidence-de-makivik","status":"publish","type":"page","link":"https:\/\/www.makivvik.ca\/fr\/reelection-de-jobie-tukkiapik-a-la-presidence-de-makivik\/","title":{"rendered":"R\u00e9\u00e9lection de Jobie Tukkiapik \u00e0 la pr\u00e9sidence de Makivvik"},"content":{"rendered":"<div class=\"call_to_action\"><div class=\"call_to_action_wrapper\"><div class=\"call_left\"><h3 class=\"title \">Communiqu\u00e9<\/h3><\/div><div class=\"call_center\"><span class=\"icon_wrapper\"><i class=\"\" aria-hidden=\"true\"><\/i><\/span><\/div><div class=\"call_right\"><div class=\"desc\">La population du Nunavik a r\u00e9\u00e9lu Jobie Tukkiapik \u00e0 la pr\u00e9sidence de Makivvik pour un nouveau mandat de trois ans. Le taux de participation des Inuits du Nunavik \u00e0 cette \u00e9lection \u00e9tait de\u00a048\u00a0%. Jobie Tukkiapik a re\u00e7u 1834\u00a0votes, soit 51\u00a0% des suffrages exprim\u00e9s, Jobie Epoo\u00a01112 votes ou 30,9\u00a0% des voix et Robert\u00a0Watt\u00a0628 votes ou 17,5\u00a0% des voix.<\/p>\n<p class=\"p1\"><span class=\"s1\">Jobie Tukkiapik s\u2019est d\u00e9clar\u00e9 honor\u00e9 par la confiance manifest\u00e9e par les Inuits du Nunavik \u00e0 l\u2019\u00e9gard de sa vision et de son leadership en lui accordant ce nouveau mandat.<\/span><\/p>\n<p><a title=\"En lire plus!\" href=\"http:\/\/www.makivvik.ca\/wp-content\/uploads\/2015\/01\/F-Elex-Press-Release-2015-FR.pdf\">Merci de cliquer ici pour en lire plus (&#8230;)<\/a><\/p>\n<p><\/div><\/div><\/div><\/div>\n\n<p class=\"p1\"><h2 id=\"tablepress-1-name\" class=\"tablepress-table-name tablepress-table-name-id-1\">2015 Universal Election for President of Makivvik<\/h2>\n<span id=\"tablepress-1-description\" class=\"tablepress-table-description tablepress-table-description-id-1\">FINAL RESULTS<\/span>\n\n<table id=\"tablepress-1\" class=\"tablepress tablepress-id-1\" aria-labelledby=\"tablepress-1-name\" aria-describedby=\"tablepress-1-description\">\n<thead>\n<tr class=\"row-1\">\n\t<th class=\"column-1\">Community<br \/>\n\u14c4\u14c7\u14d5\u1483<\/th><th class=\"column-2\">Eligible Voters<br \/>\n\u14c2\u1548\u140a\u148d\u14d0\u14c7\u1450\u1466<\/th><th class=\"column-3\">Voted<br \/>\n\u14c2\u1548\u140a\u1550\u1450\u1555\u14c3\u1466<\/th><th class=\"column-4\">%<\/th><th class=\"column-5\">Michael Gordon<br \/>\n\u14a3\u146f \u146f\u140a\u1455<\/th><th class=\"column-6\">%<\/th><th class=\"column-7\">Jobie Tukkiapik<br \/>\n\u152b\u1431 \u1455\u1550\u157f\u140a\u1431\u1483<\/th><th class=\"column-8\">%<\/th><th class=\"column-9\">Robert Watt<br \/>\n\u1405\u152e\u1433\u1466 \u148d\u140a\u1466<\/th><th class=\"column-10\">%<\/th><th class=\"column-11\">Spoiled<br \/>\n\u14f1\u1483\u146f\u1450\u1466<\/th><th class=\"column-12\">TOTAL<br \/>\n\u1472\u144e\u1466\u14f1\u144e\u1483<\/th>\n<\/tr>\n<\/thead>\n<tbody class=\"row-striping row-hover\">\n<tr class=\"row-2\">\n\t<td class=\"column-1\">Total<br \/>\n\u1472\u144e\u1466\u14f1\u144e\u1483<br \/>\n<p><\/p><\/td><td class=\"column-2\">7502<\/td><td class=\"column-3\">3593<\/td><td class=\"column-4\">47,9%<\/td><td class=\"column-5\">1112<\/td><td class=\"column-6\">30,9%<\/td><td class=\"column-7\">1834<\/td><td class=\"column-8\">51,0%<\/td><td class=\"column-9\">628<\/td><td class=\"column-10\">17,5%<\/td><td class=\"column-11\">19<\/td><td class=\"column-12\">3593<\/td>\n<\/tr>\n<tr class=\"row-3\">\n\t<td class=\"column-1\"><b>Results\/Community<\/b><\/td><td class=\"column-2\"><\/td><td class=\"column-3\"><\/td><td class=\"column-4\"><\/td><td class=\"column-5\"><\/td><td class=\"column-6\"><\/td><td class=\"column-7\"><\/td><td class=\"column-8\"><\/td><td class=\"column-9\"><\/td><td class=\"column-10\"><\/td><td class=\"column-11\"><\/td><td class=\"column-12\"><\/td>\n<\/tr>\n<tr class=\"row-4\">\n\t<td class=\"column-1\">Chisasibi<\/td><td class=\"column-2\">60<\/td><td class=\"column-3\">32<\/td><td class=\"column-4\">53,3%<\/td><td class=\"column-5\">10<\/td><td class=\"column-6\">31,2%<\/td><td class=\"column-7\">15<\/td><td class=\"column-8\">46,9%<\/td><td class=\"column-9\">7<\/td><td class=\"column-10\">21,9%<\/td><td class=\"column-11\">0<\/td><td class=\"column-12\">32<\/td>\n<\/tr>\n<tr class=\"row-5\">\n\t<td class=\"column-1\">Kuujjuaraapik<\/td><td class=\"column-2\">414<\/td><td class=\"column-3\">151<\/td><td class=\"column-4\">36,5%<\/td><td class=\"column-5\">47<\/td><td class=\"column-6\">31,1%<\/td><td class=\"column-7\">77<\/td><td class=\"column-8\">51,0%<\/td><td class=\"column-9\">25<\/td><td class=\"column-10\">16,6%<\/td><td class=\"column-11\">2<\/td><td class=\"column-12\">151<\/td>\n<\/tr>\n<tr class=\"row-6\">\n\t<td class=\"column-1\">Umiujaq<\/td><td class=\"column-2\">268<\/td><td class=\"column-3\">115<\/td><td class=\"column-4\">42,9%<\/td><td class=\"column-5\">60<\/td><td class=\"column-6\">52,2%<\/td><td class=\"column-7\">31<\/td><td class=\"column-8\">27,0%<\/td><td class=\"column-9\">24<\/td><td class=\"column-10\">20,9%<\/td><td class=\"column-11\">0<\/td><td class=\"column-12\">115<\/td>\n<\/tr>\n<tr class=\"row-7\">\n\t<td class=\"column-1\">Inukjuak<\/td><td class=\"column-2\">1020<\/td><td class=\"column-3\">477<\/td><td class=\"column-4\">46,8%<\/td><td class=\"column-5\">286<\/td><td class=\"column-6\">60,0%<\/td><td class=\"column-7\">97<\/td><td class=\"column-8\">20,3%<\/td><td class=\"column-9\">89<\/td><td class=\"column-10\">18,7%<\/td><td class=\"column-11\">5<\/td><td class=\"column-12\">477<\/td>\n<\/tr>\n<tr class=\"row-8\">\n\t<td class=\"column-1\">Puvirnituq<\/td><td class=\"column-2\">946<\/td><td class=\"column-3\">442<\/td><td class=\"column-4\">46,7%<\/td><td class=\"column-5\">192<\/td><td class=\"column-6\">43,4%<\/td><td class=\"column-7\">167<\/td><td class=\"column-8\">37,8%<\/td><td class=\"column-9\">81<\/td><td class=\"column-10\">18,3%<\/td><td class=\"column-11\">2<\/td><td class=\"column-12\">442<\/td>\n<\/tr>\n<tr class=\"row-9\">\n\t<td class=\"column-1\">Akulivik<\/td><td class=\"column-2\">353<\/td><td class=\"column-3\">125<\/td><td class=\"column-4\">35,4%<\/td><td class=\"column-5\">60<\/td><td class=\"column-6\">48,0%<\/td><td class=\"column-7\">43<\/td><td class=\"column-8\">34,4%<\/td><td class=\"column-9\">20<\/td><td class=\"column-10\">16,0%<\/td><td class=\"column-11\">2<\/td><td class=\"column-12\">125<\/td>\n<\/tr>\n<tr class=\"row-10\">\n\t<td class=\"column-1\">Ivujivik<\/td><td class=\"column-2\">231<\/td><td class=\"column-3\">88<\/td><td class=\"column-4\">38,1%<\/td><td class=\"column-5\">43<\/td><td class=\"column-6\">48,9%<\/td><td class=\"column-7\">26<\/td><td class=\"column-8\">29,5%<\/td><td class=\"column-9\">13<\/td><td class=\"column-10\">14,8%<\/td><td class=\"column-11\">6<\/td><td class=\"column-12\">88<\/td>\n<\/tr>\n<tr class=\"row-11\">\n\t<td class=\"column-1\">Salluit<\/td><td class=\"column-2\">808<\/td><td class=\"column-3\">359<\/td><td class=\"column-4\">44,4%<\/td><td class=\"column-5\">157<\/td><td class=\"column-6\">43,7%<\/td><td class=\"column-7\">133<\/td><td class=\"column-8\">37,0%<\/td><td class=\"column-9\">69<\/td><td class=\"column-10\">19,2%<\/td><td class=\"column-11\">0<\/td><td class=\"column-12\">359<\/td>\n<\/tr>\n<tr class=\"row-12\">\n\t<td class=\"column-1\">Kangiqsujuaq<\/td><td class=\"column-2\">432<\/td><td class=\"column-3\">251<\/td><td class=\"column-4\">58,1%<\/td><td class=\"column-5\">84<\/td><td class=\"column-6\">33,5%<\/td><td class=\"column-7\">127<\/td><td class=\"column-8\">50,6%<\/td><td class=\"column-9\">40<\/td><td class=\"column-10\">15,9%<\/td><td class=\"column-11\">0<\/td><td class=\"column-12\">251<\/td>\n<\/tr>\n<tr class=\"row-13\">\n\t<td class=\"column-1\">Quaqtaq<\/td><td class=\"column-2\">215<\/td><td class=\"column-3\">104<\/td><td class=\"column-4\">48,4%<\/td><td class=\"column-5\">20<\/td><td class=\"column-6\">19,2%<\/td><td class=\"column-7\">74<\/td><td class=\"column-8\">71,2%<\/td><td class=\"column-9\">10<\/td><td class=\"column-10\">9,6%<\/td><td class=\"column-11\">0<\/td><td class=\"column-12\">104<\/td>\n<\/tr>\n<tr class=\"row-14\">\n\t<td class=\"column-1\">Kangirsuk<\/td><td class=\"column-2\">313<\/td><td class=\"column-3\">238<\/td><td class=\"column-4\">76,0%<\/td><td class=\"column-5\">23<\/td><td class=\"column-6\">9,7%<\/td><td class=\"column-7\">190<\/td><td class=\"column-8\">79,8%<\/td><td class=\"column-9\">25<\/td><td class=\"column-10\">10,5%<\/td><td class=\"column-11\">0<\/td><td class=\"column-12\">238<\/td>\n<\/tr>\n<tr class=\"row-15\">\n\t<td class=\"column-1\">Aupaluk<\/td><td class=\"column-2\">124<\/td><td class=\"column-3\">69<\/td><td class=\"column-4\">55,6%<\/td><td class=\"column-5\">9<\/td><td class=\"column-6\">13,0%<\/td><td class=\"column-7\">41<\/td><td class=\"column-8\">59,4%<\/td><td class=\"column-9\">19<\/td><td class=\"column-10\">27,5%<\/td><td class=\"column-11\">0<\/td><td class=\"column-12\">69<\/td>\n<\/tr>\n<tr class=\"row-16\">\n\t<td class=\"column-1\">Tasiujaq<\/td><td class=\"column-2\">171<\/td><td class=\"column-3\">123<\/td><td class=\"column-4\">71,9%<\/td><td class=\"column-5\">16<\/td><td class=\"column-6\">13,0%<\/td><td class=\"column-7\">82<\/td><td class=\"column-8\">66,7%<\/td><td class=\"column-9\">24<\/td><td class=\"column-10\">19,5%<\/td><td class=\"column-11\">1<\/td><td class=\"column-12\">123<\/td>\n<\/tr>\n<tr class=\"row-17\">\n\t<td class=\"column-1\">Kuujjuaq<\/td><td class=\"column-2\">1195<\/td><td class=\"column-3\">635<\/td><td class=\"column-4\">53,1%<\/td><td class=\"column-5\">72<\/td><td class=\"column-6\">11,3%<\/td><td class=\"column-7\">464<\/td><td class=\"column-8\">73,1%<\/td><td class=\"column-9\">98<\/td><td class=\"column-10\">15,4%<\/td><td class=\"column-11\">1<\/td><td class=\"column-12\">635<\/td>\n<\/tr>\n<tr class=\"row-18\">\n\t<td class=\"column-1\">Kangiqsualujjuaq<\/td><td class=\"column-2\">558<\/td><td class=\"column-3\">309<\/td><td class=\"column-4\">55,4%<\/td><td class=\"column-5\">19<\/td><td class=\"column-6\">6,1%<\/td><td class=\"column-7\">227<\/td><td class=\"column-8\">73,5%<\/td><td class=\"column-9\">63<\/td><td class=\"column-10\">20,4%<\/td><td class=\"column-11\">0<\/td><td class=\"column-12\">309<\/td>\n<\/tr>\n<tr class=\"row-19\">\n\t<td class=\"column-1\">Montr\u00e9al<\/td><td class=\"column-2\">394<\/td><td class=\"column-3\">75<\/td><td class=\"column-4\">19,0%<\/td><td class=\"column-5\">14<\/td><td class=\"column-6\">18,7%<\/td><td class=\"column-7\">40<\/td><td class=\"column-8\">53,3%<\/td><td class=\"column-9\">21<\/td><td class=\"column-10\">28,0%<\/td><td class=\"column-11\">0<\/td><td class=\"column-12\">75<\/td>\n<\/tr>\n<\/tbody>\n<\/table>\n<!-- #tablepress-1 from cache --><\/p>\n<hr \/>\n<h2 style=\"text-align: center;\">Important Notice<\/h2>\n<hr \/>\n<p class=\"p1\" style=\"text-align: center;\"><span class=\"s1\"><i>The results published herein (on the Makivvik website and its Facebook page, and through any other form of social media) are preliminary results which are not official nor final, and which are subject to review and recount pursuant to the bylaws of Makivvik. The published results are merely a manner by which Makivvik and its returning officers seek to inform Nunavimmiut of interim, unofficial results from individual communities and as a service to the public. The official and final results shall be formally announced and made public by the chief returning officer.<\/i><\/span><\/p>\n<hr \/>\n<p>[box]<div class=\"jq-tabs tabs_wrapper tabs_&#8221;vertical\"><ul><li><a href=\"#tab-69ed7c8bf0125-1\">Date, hours and locations<\/a><\/li><li><a href=\"#tab-69ed7c8bf0125-2\">Proxy Documentation<\/a><\/li><\/ul><div id=\"tab-69ed7c8bf0125-1\" ><\/p>\n<h2 class=\"p1\"><span class=\"s1\"><b>The Election date for the PRESIDENT of Makivvik is scheduled on <\/b><\/span><span class=\"s3\"><b>Thursday, January 15, 2015<\/b><\/span><span class=\"s1\"><b>.<\/b><\/span><\/h2>\n<p class=\"p3\"><span class=\"s1\"><b>The Polling hours on ELECTION DAY will open at 10:00 a.m. and will close at 6:00 p.m.<\/b><\/span><\/p>\n<p class=\"p1\"><span class=\"s1\"><b>The polling station for your community will be located at the Local NV office. If you reside in Montreal, you can vote at Makivvik\u2019s office located at:<\/b><\/span><\/p>\n<p class=\"p1\"><span class=\"s1\"><b>1111, Dr. Fredrik-Philips Boulevard, 3<\/b><\/span><span class=\"s4\"><b><sup>rd<\/sup><\/b><\/span><span class=\"s1\"><b> Floor, Saint-Laurent.<\/b><\/span><\/p>\n<p><\/div><div id=\"tab-69ed7c8bf0125-2\" >\n<ul>\n<li><div class=\"button_align align_left\"><a class=\"button  button_left button_size_m button_blue\" href=\"\"         title=\"\"><span class=\"button_icon\"><i class=\"icon-download\"  aria-hidden=\"true\"><\/i><\/span><span class=\"button_label\">Button<\/span><\/a><\/div>\n\u00a0<strong>to download the\u00a0document Proxy for Election of Executive Director<\/strong>\u00a0(.doc file January 13th 2015 edition)<\/li>\n<li><div class=\"button_align align_left\"><a class=\"button  button_left button_size_m button_blue\" href=\"\"         title=\"\"><span class=\"button_icon\"><i class=\"icon-download\"  aria-hidden=\"true\"><\/i><\/span><span class=\"button_label\">Button<\/span><\/a><\/div>\n\u00a0<strong>to download the\u00a0document Election 2015 Proxy Instructions<\/strong>\u00a0(.PDF file January 13th 2015 edition)<\/li>\n<\/ul>\n<p><\/div><\/div>[\/box]<\/p>\n","protected":false},"excerpt":{"rendered":"<p>Important Notice The results published herein (on the Makivvik website and its Facebook page, and through any other form of social media) are preliminary results which<span class=\"excerpt-hellip\"> [\u2026]<\/span><\/p>\n","protected":false},"author":9,"featured_media":7102,"parent":0,"menu_order":0,"comment_status":"closed","ping_status":"closed","template":"","meta":{"_acf_changed":false,"footnotes":""},"class_list":["post-4738","page","type-page","status-publish","has-post-thumbnail","hentry"],"acf":[],"jetpack_shortlink":"https:\/\/wp.me\/P7v1Zk-1eq","jetpack_sharing_enabled":true,"_links":{"self":[{"href":"https:\/\/www.makivvik.ca\/fr\/wp-json\/wp\/v2\/pages\/4738","targetHints":{"allow":["GET"]}}],"collection":[{"href":"https:\/\/www.makivvik.ca\/fr\/wp-json\/wp\/v2\/pages"}],"about":[{"href":"https:\/\/www.makivvik.ca\/fr\/wp-json\/wp\/v2\/types\/page"}],"author":[{"embeddable":true,"href":"https:\/\/www.makivvik.ca\/fr\/wp-json\/wp\/v2\/users\/9"}],"replies":[{"embeddable":true,"href":"https:\/\/www.makivvik.ca\/fr\/wp-json\/wp\/v2\/comments?post=4738"}],"version-history":[{"count":1,"href":"https:\/\/www.makivvik.ca\/fr\/wp-json\/wp\/v2\/pages\/4738\/revisions"}],"predecessor-version":[{"id":15623,"href":"https:\/\/www.makivvik.ca\/fr\/wp-json\/wp\/v2\/pages\/4738\/revisions\/15623"}],"wp:featuredmedia":[{"embeddable":true,"href":"https:\/\/www.makivvik.ca\/fr\/wp-json\/wp\/v2\/media\/7102"}],"wp:attachment":[{"href":"https:\/\/www.makivvik.ca\/fr\/wp-json\/wp\/v2\/media?parent=4738"}],"curies":[{"name":"wp","href":"https:\/\/api.w.org\/{rel}","templated":true}]}}