{"id":4727,"date":"2014-11-21T10:01:27","date_gmt":"2014-11-21T14:01:27","guid":{"rendered":"http:\/\/www.makivik.org\/declaration-novembre-2014\/"},"modified":"2014-11-21T10:01:27","modified_gmt":"2014-11-21T14:01:27","slug":"declaration-novembre-2014","status":"publish","type":"page","link":"https:\/\/www.makivvik.ca\/fr\/actuellement\/parnasimautik\/declaration-novembre-2014\/","title":{"rendered":"D\u00e9claration &#8211; Novembre 2014"},"content":{"rendered":"<p>&nbsp;<\/p>\n<h2>Rapport de la consultation Parnasimautik<\/h2>\n<p>Des repr\u00e9sentants de tous les organismes de la r\u00e9gion se sont rencontr\u00e9s \u00e0 Kuujjuaq et ont rendu public le Rapport de la consultation Parnasimautik pr\u00e9par\u00e9 sous la direction des dirigeants de Makivvik, de l\u2019Administration r\u00e9gionale Kativik, de la R\u00e9gie r\u00e9gionale de la sant\u00e9 et des services sociaux Nunavik, de la Commission scolaire Kativik, de l\u2019Association des corporations fonci\u00e8res du Nunavik, de l\u2019Institut culturel Avataq et de l\u2019Association des jeunes Saputiit. Parnasimautik est une d\u00e9marche sans pr\u00e9c\u00e9dent fond\u00e9e sur la mobilisation et l\u2019unit\u00e9 \u00e0 l\u2019\u00e9chelle r\u00e9gionale et locale.<\/p>\n<p>Le Rapport de la consultation Parnasimautik exprime les divers points de vue des Inuits du Nunavik. Dans les ateliers organis\u00e9s dans toutes les communaut\u00e9s ainsi que lors des s\u00e9ances tenues \u00e0 Chisasibi et \u00e0 Montr\u00e9al en 2013, les participants ont manifest\u00e9 leurs besoins et leurs visions. Une s\u00e9ance d\u2019information a \u00e9galement eu lieu \u00e0 Kawawachikamach. Le rapport de la consultation marque l\u2019ach\u00e8vement des mandats fix\u00e9s lors des r\u00e9unions de tous les organismes tenues en septembre 2012 et en f\u00e9vrier 2014, soit de consulter les Inuits du Nunavik, afin de d\u00e9gager une vision d\u2019ensemble du d\u00e9veloppement r\u00e9gional et de pr\u00e9parer un rapport.<\/p>\n<h2>Discussions lors du Forum du Nunavik<\/h2>\n<p>Lors du Forum du Nunavik, les participants ont convenu que les Inuits du Nunavik n\u2019accepteraient rien de moins qu\u2019un engagement de la part des gouvernements \u00e0 adopter une approche globale, int\u00e9gr\u00e9e, durable et \u00e9quitable pour am\u00e9liorer nos vies et nos communaut\u00e9s. Le Plan Nunavik, incluant les conditions pr\u00e9alables pour que les Inuits du Nunavik appuient le Plan Nord, fait partie int\u00e9grante du Rapport de la consultation Parnasimautik.<\/p>\n<p>Le rapport couvre toutes les questions fondamentales auxquelles sont confront\u00e9s les Inuits du Nunavik. Pour aller de l\u2019avant, nos objectifs doivent \u00eatre les suivants :<\/p>\n<ul>\n<li>Am\u00e9liorer le bien-\u00eatre des Inuits du Nunavik dans le respect de la culture, de la langue et du mode de vie des Inuits.<\/li>\n<li>S\u2019attaquer maintenant aux questions fondamentales d\u00e9termin\u00e9es par les Inuits du Nunavik et s\u2019employer \u00e0 les r\u00e9soudre de mani\u00e8re continue.<\/li>\n<li>Faire en sorte que les Inuits du Nunavik disposent de superficies de terres ad\u00e9quates et plus vastes.<\/li>\n<li>Cr\u00e9er des possibilit\u00e9s pour les futures g\u00e9n\u00e9rations.<\/li>\n<li>D\u00e9ployer les efforts n\u00e9cessaires pour mettre en place une nouvelle structure de gouvernance autonome pour le Nunavik.<\/li>\n<\/ul>\n<h2>Prochaines \u00e9tapes<\/h2>\n<p>Lors du Forum du Nunavik, les participants ont reconnu l\u2019importance pour les Inuits du Nunavik de s\u2019appuyer sur le Rapport de la consultation Parnasimautik et le Plan Nunavik pour aller de l\u2019avant. Voici les prochaines \u00e9tapes qu\u2019ils ont \u00e9nonc\u00e9es, afin de produire une d\u00e9claration formelle des Inuits du Nunavik pour la r\u00e9gion :<\/p>\n<ul>\n<li>D\u00e9finir les questions fondamentales et les priorit\u00e9s.<\/li>\n<li>D\u00e9terminer \u00e0 quelles conditions le d\u00e9veloppement sera acceptable pour les Inuits du Nunavik.<\/li>\n<\/ul>\n<p>Le mandat de pr\u00e9parer la d\u00e9claration des Inuits du Nunavik et de faire part aux Inuits du Nunavik des progr\u00e8s r\u00e9alis\u00e9s \u00e0 cet effet a \u00e9t\u00e9 confi\u00e9 \u00e0 Makivvik en collaboration avec les organismes du groupe-cadre. L\u2019\u00e9ch\u00e9ance pour produire la d\u00e9claration a \u00e9t\u00e9 fix\u00e9e \u00e0 mars 2015, afin qu\u2019elle puisse \u00eatre pr\u00e9sent\u00e9e \u00e0 l\u2019assembl\u00e9e g\u00e9n\u00e9rale annuelle de Makivvik en vue de son adoption. Les organismes de la r\u00e9gion ont convenu de continuer \u00e0 travailler ensemble, de coordonner et d\u2019affecter des ressources, au besoin, et de contribuer financi\u00e8rement \u00e0 la r\u00e9alisation de ce mandat, chacun en fonction de ses propres capacit\u00e9s.<\/p>\n<p>Lors du Forum du Nunavik, les participants ont reconnu l\u2019importance pour les Inuits du Nunavik de participer \u00e0 tous les forums, tables, comit\u00e9s et groupe de travail cr\u00e9\u00e9s par les gouvernements concernant le d\u00e9veloppement du nord.<\/p>\n<p>La Table Qu\u00e9bec-Nunavik sera le forum privil\u00e9gi\u00e9 des Inuits du Nunavik et du gouvernement du Qu\u00e9bec pour assurer le suivi du Plan Nunavik et du Rapport de la consultation Parnasimautik. Chaque organisme poursuivra son travail sur les questions sectorielles conform\u00e9ment \u00e0 ses responsabilit\u00e9s et \u00e0 ses mandats.<\/p>\n<hr \/>\n<p>&nbsp;<\/p>\n<p><div class=\"button_align align_left\"><a class=\"button  button_left button_size_m button_blue\" href=\"\"         title=\"\"><span class=\"button_icon\"><i class=\"icon-download\"  aria-hidden=\"true\"><\/i><\/span><span class=\"button_label\">Button<\/span><\/a><\/div>\n\u00a0pour t\u00e9l\u00e9charger le rapport 2014 de la consultation (en anglais seulement)<\/p>\n","protected":false},"excerpt":{"rendered":"<p>&nbsp; Rapport de la consultation Parnasimautik Des repr\u00e9sentants de tous les organismes de la r\u00e9gion se sont rencontr\u00e9s \u00e0 Kuujjuaq et ont rendu public le Rapport<span class=\"excerpt-hellip\"> [\u2026]<\/span><\/p>\n","protected":false},"author":9,"featured_media":0,"parent":4654,"menu_order":0,"comment_status":"closed","ping_status":"closed","template":"","meta":{"_acf_changed":false,"footnotes":""},"class_list":["post-4727","page","type-page","status-publish","hentry"],"acf":[],"jetpack_shortlink":"https:\/\/wp.me\/P7v1Zk-1ef","jetpack_sharing_enabled":true,"_links":{"self":[{"href":"https:\/\/www.makivvik.ca\/fr\/wp-json\/wp\/v2\/pages\/4727","targetHints":{"allow":["GET"]}}],"collection":[{"href":"https:\/\/www.makivvik.ca\/fr\/wp-json\/wp\/v2\/pages"}],"about":[{"href":"https:\/\/www.makivvik.ca\/fr\/wp-json\/wp\/v2\/types\/page"}],"author":[{"embeddable":true,"href":"https:\/\/www.makivvik.ca\/fr\/wp-json\/wp\/v2\/users\/9"}],"replies":[{"embeddable":true,"href":"https:\/\/www.makivvik.ca\/fr\/wp-json\/wp\/v2\/comments?post=4727"}],"version-history":[{"count":0,"href":"https:\/\/www.makivvik.ca\/fr\/wp-json\/wp\/v2\/pages\/4727\/revisions"}],"up":[{"embeddable":true,"href":"https:\/\/www.makivvik.ca\/fr\/wp-json\/wp\/v2\/pages\/4654"}],"wp:attachment":[{"href":"https:\/\/www.makivvik.ca\/fr\/wp-json\/wp\/v2\/media?parent=4727"}],"curies":[{"name":"wp","href":"https:\/\/api.w.org\/{rel}","templated":true}]}}