{"id":4721,"date":"2014-03-19T16:31:48","date_gmt":"2014-03-19T16:31:48","guid":{"rendered":"http:\/\/www.makivik.org\/kautaq-construction-2\/"},"modified":"2023-03-16T14:26:53","modified_gmt":"2023-03-16T18:26:53","slug":"kautaq-construction","status":"publish","type":"page","link":"https:\/\/www.makivvik.ca\/fr\/kautaq-construction\/","title":{"rendered":"Kautaq Construction"},"content":{"rendered":"<p lang=\"en-CA\" align=\"justify\"><strong><span lang=\"fr-CA\">Profil de l\u2019entreprise<\/span><\/strong><\/p>\n<p lang=\"en-CA\" align=\"justify\"><span lang=\"fr-CA\">Kautaq Construction est une entreprise dont 100&nbsp;% des int\u00e9r\u00eats appartiennent \u00e0 Makivvik. Cr\u00e9\u00e9e en 2011, Kautaq Construction exerce les activit\u00e9s d\u2019un entrepreneur g\u00e9n\u00e9ral au Nunavik dans les secteurs r\u00e9sidentiel, commercial et civil.<\/span><\/p>\n<p lang=\"en-CA\" align=\"justify\"><span lang=\"fr-CA\">Kautaq Construction concentre ses activit\u00e9s \u00e0 la conception et \u00e0 la construction de divers projets de d\u00e9veloppement dans l\u2019ensemble du Nunavik. Les projets communautaires sont au c\u0153ur des activit\u00e9s de l\u2019entreprise qui se sp\u00e9cialise dans des projets clef en main tels que des entrep\u00f4ts et des centres de couture.<\/span><\/p>\n<p lang=\"en-CA\" align=\"justify\"><span lang=\"fr-CA\">Division civile<\/span><\/p>\n<ul>\n<li>\n<p lang=\"en-CA\" align=\"justify\"><span lang=\"fr-CA\">Construction de nouveaux secteurs r\u00e9sidentiels, incluant l\u2019acc\u00e8s au nouveau secteur ainsi que la pr\u00e9paration et le drainage, dans diverses communaut\u00e9s du Nunavik.<\/span><\/p>\n<\/li>\n<li>\n<p lang=\"en-CA\" align=\"justify\"><span lang=\"fr-CA\">Construction de b\u00e2timents commerciaux pour divers clients du Nunavik, tant des b\u00e2timents li\u00e9s \u00e0 l\u2019aviation que des b\u00e2timents \u00e0 usages multiples et des \u00e9glises.<\/span><\/p>\n<\/li>\n<li>\n<p lang=\"en-CA\" align=\"justify\"><span lang=\"fr-CA\">Production de pierre concass\u00e9e pour divers projets de construction dans l\u2019ensemble du Nunavik (asphaltage, parcs de stockage de produits p\u00e9troliers, construction r\u00e9sidentielle et commerciale).<\/span><\/p>\n<\/li>\n<li>\n<p lang=\"en-CA\" align=\"justify\"><span lang=\"fr-CA\">Travaux de construction d\u2019infrastructures maritimes telles que des quais, des brise-lames, des am\u00e9nagements portuaires et des rampes d\u2019acc\u00e8s.<\/span><\/p>\n<\/li>\n<\/ul>\n<p lang=\"en-CA\" align=\"justify\"><span lang=\"fr-CA\">Division r\u00e9sidentielle<\/span><\/p>\n<ul>\n<li>\n<p lang=\"en-CA\" align=\"justify\"><span lang=\"fr-CA\">Construction d\u2019habitations priv\u00e9es.<\/span><\/p>\n<\/li>\n<li>\n<p lang=\"fr-CA\" align=\"justify\">Quatre mod\u00e8les de deux \u00e0 cinq chambres \u00e0 coucher.<\/p>\n<\/li>\n<li>\n<p lang=\"fr-CA\" align=\"justify\">Aide \u00e0 la pr\u00e9paration de la documentation pour le programme d\u2019accession \u00e0 la propri\u00e9t\u00e9 priv\u00e9e au Nunavik.<\/p>\n<\/li>\n<li>\n<p lang=\"fr-CA\" align=\"justify\">Service clef en main pour la construction d\u2019habitations priv\u00e9es.<\/p>\n<\/li>\n<\/ul>\n<p lang=\"en-CA\" align=\"justify\"><span lang=\"fr-CA\">L\u2019expertise de Kautaq Construction repose sur l\u2019exp\u00e9rience de la Division de la construction de Makivvik qui a construit plus de 700&nbsp;logements sociaux dans les communaut\u00e9s du Nunavik. Le souci de la qualit\u00e9, le respect des calendriers de construction et les contacts \u00e9troits avec les clients et les communaut\u00e9s sont les valeurs essentielles qui guident notre travail. <\/span><\/p>\n<p lang=\"en-CA\" align=\"justify\"><span lang=\"fr-CA\">Les divers projets qu\u2019a r\u00e9alis\u00e9s l\u2019entreprise lui ont permis de bien comprendre les conditions de logement au Nunavik et, par cons\u00e9quent, d\u2019optimiser les constructions pour qu\u2019elles soient adapt\u00e9es au climat et aux exigences socio\u00e9conomiques de la r\u00e9gion.<\/span><\/p>\n<p lang=\"en-CA\" align=\"justify\"><span lang=\"fr-CA\">Kautaq Construction fait la promotion et encourage les retomb\u00e9es \u00e9conomiques locales et r\u00e9gionales dans tous les projets auxquels elle participe.<\/span><\/p>\n","protected":false},"excerpt":{"rendered":"<p>Profil de l\u2019entreprise Kautaq Construction est une entreprise dont 100&nbsp;% des int\u00e9r\u00eats appartiennent \u00e0 Makivvik. Cr\u00e9\u00e9e en 2011, Kautaq Construction exerce les activit\u00e9s d\u2019un entrepreneur g\u00e9n\u00e9ral<span class=\"excerpt-hellip\"> [\u2026]<\/span><\/p>\n","protected":false},"author":9,"featured_media":0,"parent":0,"menu_order":0,"comment_status":"closed","ping_status":"closed","template":"","meta":{"_acf_changed":false,"footnotes":""},"class_list":["post-4721","page","type-page","status-publish","hentry"],"acf":[],"jetpack_shortlink":"https:\/\/wp.me\/P7v1Zk-1e9","jetpack_sharing_enabled":true,"_links":{"self":[{"href":"https:\/\/www.makivvik.ca\/fr\/wp-json\/wp\/v2\/pages\/4721","targetHints":{"allow":["GET"]}}],"collection":[{"href":"https:\/\/www.makivvik.ca\/fr\/wp-json\/wp\/v2\/pages"}],"about":[{"href":"https:\/\/www.makivvik.ca\/fr\/wp-json\/wp\/v2\/types\/page"}],"author":[{"embeddable":true,"href":"https:\/\/www.makivvik.ca\/fr\/wp-json\/wp\/v2\/users\/9"}],"replies":[{"embeddable":true,"href":"https:\/\/www.makivvik.ca\/fr\/wp-json\/wp\/v2\/comments?post=4721"}],"version-history":[{"count":3,"href":"https:\/\/www.makivvik.ca\/fr\/wp-json\/wp\/v2\/pages\/4721\/revisions"}],"predecessor-version":[{"id":16028,"href":"https:\/\/www.makivvik.ca\/fr\/wp-json\/wp\/v2\/pages\/4721\/revisions\/16028"}],"wp:attachment":[{"href":"https:\/\/www.makivvik.ca\/fr\/wp-json\/wp\/v2\/media?parent=4721"}],"curies":[{"name":"wp","href":"https:\/\/api.w.org\/{rel}","templated":true}]}}