{"id":4706,"date":"2013-03-01T12:28:52","date_gmt":"2013-03-01T12:28:52","guid":{"rendered":"http:\/\/www.makivik.org\/makivik-magazine-en-ligne\/"},"modified":"2024-09-27T15:13:14","modified_gmt":"2024-09-27T19:13:14","slug":"makivik-magazine-en-ligne","status":"publish","type":"page","link":"https:\/\/www.makivvik.ca\/fr\/makivik-magazine-en-ligne\/","title":{"rendered":"Tarralik En ligne"},"content":{"rendered":"<p><span lang=\"fr-CA\">Publications de Makivvik<\/span><\/p>\n<p><span lang=\"fr-CA\">Vous trouverez ici les principales publications de Makivvik\u00a0: <\/span><span lang=\"fr-CA\">Makivvik Magazine<\/span><span lang=\"fr-CA\"> et les rapports annuels de l\u2019organisme.<\/span><\/p>\n<p><strong><span lang=\"fr-CA\">Makivvik Magazine<\/span><\/strong><\/p>\n<p><span lang=\"fr-CA\">Le magazine est produit \u00e0 l\u2019interne et comprend des textes, des photos et d\u2019autres illustrations de diverses filiales de Makivvik ainsi que de particuliers et d\u2019organismes qui ont un lien avec les Inuits du Nunavik, soit les b\u00e9n\u00e9ficiaires de la Convention de la Baie-James et du Nord qu\u00e9b\u00e9cois (CBJNQ).<\/span><\/p>\n<p><span lang=\"fr-CA\">Makivvik Magazine<\/span><span lang=\"fr-CA\"> en format papier est livr\u00e9 gratuitement \u00e0 tous les m\u00e9nages b\u00e9n\u00e9ficiaires de la CBJNQ dans toutes les communaut\u00e9s du Nunavik ainsi qu\u2019\u00e0 une liste restreinte de particuliers, de repr\u00e9sentants des gouvernements et de m\u00e9dias int\u00e9ress\u00e9s.<\/span><\/p>\n<p><span lang=\"fr-CA\">Le magazine pr\u00e9sente les \u00e9v\u00e9nements qui marquent les activit\u00e9s de Makivvik, fait la promotion d\u2019activit\u00e9s qui se d\u00e9roulent dans la r\u00e9gion et d\u00e9crit aussi les activit\u00e9s organis\u00e9es \u00e0 l\u2019intention des Inuits du Nunavik qui vivent \u00e0 l\u2019ext\u00e9rieur de la r\u00e9gion ainsi que les r\u00e9alisations de ces derniers. Les opinions qui sont exprim\u00e9es dans le magazine ne sont pas n\u00e9cessairement celles de Makivvik ou de sa direction.<\/span><\/p>\n<p><span lang=\"fr-CA\">Nous invitons nos lecteurs \u00e0 nous transmettre leurs histoires, leurs lettres et leurs photos en vue de leur publication dans ce magazine tr\u00e8s populaire.<\/span><\/p>\n<p><span lang=\"fr-CA\">Voici notre adresse courriel : <a href=\"mailto:magazine@makivvik.ca\">magazine@makivvik.ca<\/a><\/span><\/p>\n<p><strong><span lang=\"fr-CA\">Dernier num\u00e9ro de <\/span><span lang=\"fr-CA\">Makivvik Magazine<\/span><\/strong><\/p>\n<p><a class=\"button\" href=\"http:\/\/www.makivvik.ca\/taqralik\"><b><span class=\"VIiyi\" lang=\"fr\"><span class=\"JLqJ4b ChMk0b\" data-language-for-alternatives=\"fr\" data-language-to-translate-into=\"en\" data-phrase-index=\"0\">Cliquez ici pour lire le Tarralik<\/span><\/span><\/b><\/a><\/p>\n<p lang=\"en-US\"><strong><span lang=\"fr-CA\">Rapport annuel de Makivvik<\/span><\/strong><\/p>\n<p lang=\"en-US\"><span lang=\"fr-CA\">Le rapport annuel de Makivvik est \u00e9galement produit \u00e0 l\u2019interne et est compil\u00e9 et r\u00e9vis\u00e9 par le Service des communications de l\u2019organisme. Cette publication offre un compte rendu d\u00e9taill\u00e9 des activit\u00e9s des divers services et des filiales de Makivvik, des dossiers importants et des \u00e9tats financiers de l\u2019organisme pour l\u2019exercice financier allant du 1<\/span><span lang=\"fr-CA\">er<\/span><span lang=\"fr-CA\">\u00a0octobre au 30\u00a0septembre.<\/span><\/p>\n<p><a class=\"button\" href=\"https:\/\/www.makivvik.ca\/annual-reports\/\"><b><span class=\"VIiyi\" lang=\"fr\"><span class=\"JLqJ4b ChMk0b\" data-language-for-alternatives=\"fr\" data-language-to-translate-into=\"en\" data-phrase-index=\"0\">Cliquez ici pour lire le rapport annuel\u00a0<\/span><\/span><\/b><\/a><\/p>\n","protected":false},"excerpt":{"rendered":"<p>Publications de Makivvik Vous trouverez ici les principales publications de Makivvik\u00a0: Makivvik Magazine et les rapports annuels de l\u2019organisme. Makivvik Magazine Le magazine est produit \u00e0<span class=\"excerpt-hellip\"> [\u2026]<\/span><\/p>\n","protected":false},"author":9,"featured_media":0,"parent":0,"menu_order":0,"comment_status":"closed","ping_status":"closed","template":"","meta":{"_acf_changed":false,"footnotes":""},"class_list":["post-4706","page","type-page","status-publish","hentry"],"acf":[],"jetpack_shortlink":"https:\/\/wp.me\/P7v1Zk-1dU","jetpack_sharing_enabled":true,"_links":{"self":[{"href":"https:\/\/www.makivvik.ca\/fr\/wp-json\/wp\/v2\/pages\/4706","targetHints":{"allow":["GET"]}}],"collection":[{"href":"https:\/\/www.makivvik.ca\/fr\/wp-json\/wp\/v2\/pages"}],"about":[{"href":"https:\/\/www.makivvik.ca\/fr\/wp-json\/wp\/v2\/types\/page"}],"author":[{"embeddable":true,"href":"https:\/\/www.makivvik.ca\/fr\/wp-json\/wp\/v2\/users\/9"}],"replies":[{"embeddable":true,"href":"https:\/\/www.makivvik.ca\/fr\/wp-json\/wp\/v2\/comments?post=4706"}],"version-history":[{"count":5,"href":"https:\/\/www.makivvik.ca\/fr\/wp-json\/wp\/v2\/pages\/4706\/revisions"}],"predecessor-version":[{"id":18287,"href":"https:\/\/www.makivvik.ca\/fr\/wp-json\/wp\/v2\/pages\/4706\/revisions\/18287"}],"wp:attachment":[{"href":"https:\/\/www.makivvik.ca\/fr\/wp-json\/wp\/v2\/media?parent=4706"}],"curies":[{"name":"wp","href":"https:\/\/api.w.org\/{rel}","templated":true}]}}