{"id":4703,"date":"2013-03-01T10:42:59","date_gmt":"2013-03-01T10:42:59","guid":{"rendered":"http:\/\/www.makivik.org\/elections-makivik\/"},"modified":"2013-03-01T10:42:59","modified_gmt":"2013-03-01T10:42:59","slug":"elections-makivik","status":"publish","type":"page","link":"https:\/\/www.makivvik.ca\/fr\/elections-makivik\/","title":{"rendered":"\u00c9lections Makivvik"},"content":{"rendered":"<p><div class=\"button_align align_left\"><a class=\"button  button_left button_size_m\" href=\"\"         title=\"\"><span class=\"button_icon\"><i class=\"icon-download\"  aria-hidden=\"true\"><\/i><\/span><span class=\"button_label\">Button<\/span><\/a><\/div>\n <strong>February\u00a0 2013<\/strong> &#8211; R\u00e9sultat &#8211; \u00c9lection du Conseil de direction<\/p>\n<hr \/>\n<p>\u00a0<\/p>\n<p><div class=\"button_align align_left\"><a class=\"button  button_left button_size_m\" href=\"\"         title=\"\"><span class=\"button_icon\"><i class=\"icon-download\"  aria-hidden=\"true\"><\/i><\/span><span class=\"button_label\">Button<\/span><\/a><\/div>\n <strong>17<\/strong> <strong>Janvier\u00a0 2013<\/strong> &#8211; R\u00e9sultats \u00c9lections universelle 2013<\/p>\n<hr \/>\n<p><div class=\"button_align align_left\"><a class=\"button  button_left button_size_m\" href=\"\"         title=\"\"><span class=\"button_icon\"><i class=\"icon-download\"  aria-hidden=\"true\"><\/i><\/span><span class=\"button_label\">Button<\/span><\/a><\/div>\n <strong>19 Janvier\u00a0 2012<\/strong> &#8211; \u00c9lection Universelle Pr\u00e9sident Soci\u00e9t\u00e9 Makivvik Makivvik 2012<\/p>\n<hr \/>\n<p><a href=\"http:\/\/www.electionsquebec.qc.ca\/francais\/actualites.php?categorie=686\" target=\"_blank\">R\u00e9f\u00e9rendum Nunavik 2011<\/a><\/p>\n<hr \/>\n<p><div class=\"button_align align_left\"><a class=\"button  button_left button_size_m\" href=\"\"         title=\"\"><span class=\"button_icon\"><i class=\"icon-download\"  aria-hidden=\"true\"><\/i><\/span><span class=\"button_label\">Button<\/span><\/a><\/div>\n <strong>2011<\/strong> &#8211; \u00c9lection Universelle 2011 &#8211; Vice-Pr\u00e9sident\u00a0 RDD<\/p>\n<hr \/>\n<p><div class=\"button_align align_left\"><a class=\"button  button_left button_size_m\" href=\"\"         title=\"\"><span class=\"button_icon\"><i class=\"icon-download\"  aria-hidden=\"true\"><\/i><\/span><span class=\"button_label\">Button<\/span><\/a><\/div>\n <strong>2011<\/strong> &#8211; \u00c9lections Universelle 2011 &#8211; Tr\u00e9sorier<\/p>\n<hr \/>\n<p><div class=\"button_align align_left\"><a class=\"button  button_left button_size_m\" href=\"\"         title=\"\"><span class=\"button_icon\"><i class=\"icon-download\"  aria-hidden=\"true\"><\/i><\/span><span class=\"button_label\">Button<\/span><\/a><\/div>\n <strong>21 Janvier 2010<\/strong> &#8211; R\u00e9sultats &#8211; \u00c9lection VP D\u00e9veloppement \u00e9conomique<\/p>\n<hr \/>\n<p><div class=\"button_align align_left\"><a class=\"button  button_left button_size_m\" href=\"\"         title=\"\"><span class=\"button_icon\"><i class=\"icon-download\"  aria-hidden=\"true\"><\/i><\/span><span class=\"button_label\">Button<\/span><\/a><\/div>\n\u00a0<strong><\/strong><strong>21 Janvier 2010<\/strong> &#8211; R\u00e9sultats &#8211;\u00a0 \u00c9lection Secr\u00e9taire corporatif<\/p>\n","protected":false},"excerpt":{"rendered":"<p>February\u00a0 2013 &#8211; R\u00e9sultat &#8211; \u00c9lection du Conseil de direction \u00a0 17 Janvier\u00a0 2013 &#8211; R\u00e9sultats \u00c9lections universelle 2013 19 Janvier\u00a0 2012 &#8211; \u00c9lection Universelle Pr\u00e9sident<span class=\"excerpt-hellip\"> [\u2026]<\/span><\/p>\n","protected":false},"author":9,"featured_media":0,"parent":0,"menu_order":0,"comment_status":"closed","ping_status":"closed","template":"","meta":{"_acf_changed":false,"footnotes":""},"class_list":["post-4703","page","type-page","status-publish","hentry"],"acf":[],"jetpack_shortlink":"https:\/\/wp.me\/P7v1Zk-1dR","jetpack_sharing_enabled":true,"_links":{"self":[{"href":"https:\/\/www.makivvik.ca\/fr\/wp-json\/wp\/v2\/pages\/4703","targetHints":{"allow":["GET"]}}],"collection":[{"href":"https:\/\/www.makivvik.ca\/fr\/wp-json\/wp\/v2\/pages"}],"about":[{"href":"https:\/\/www.makivvik.ca\/fr\/wp-json\/wp\/v2\/types\/page"}],"author":[{"embeddable":true,"href":"https:\/\/www.makivvik.ca\/fr\/wp-json\/wp\/v2\/users\/9"}],"replies":[{"embeddable":true,"href":"https:\/\/www.makivvik.ca\/fr\/wp-json\/wp\/v2\/comments?post=4703"}],"version-history":[{"count":0,"href":"https:\/\/www.makivvik.ca\/fr\/wp-json\/wp\/v2\/pages\/4703\/revisions"}],"wp:attachment":[{"href":"https:\/\/www.makivvik.ca\/fr\/wp-json\/wp\/v2\/media?parent=4703"}],"curies":[{"name":"wp","href":"https:\/\/api.w.org\/{rel}","templated":true}]}}