{"id":4697,"date":"2013-02-28T12:42:42","date_gmt":"2013-02-28T12:42:42","guid":{"rendered":"http:\/\/www.makivik.org\/en-fr\/"},"modified":"2018-01-16T16:42:07","modified_gmt":"2018-01-16T20:42:07","slug":"iqqaumavara","status":"publish","type":"page","link":"https:\/\/www.makivvik.ca\/fr\/iqqaumavara\/","title":{"rendered":"IQQAUMAVARA"},"content":{"rendered":"<p><strong>Au d\u00e9but des ann\u00e9es 50, une douzaine de familles inuites originaires d\u2019Inukjuak ont \u00e9t\u00e9 d\u00e9port\u00e9es \u00e0 Grise Fjord et Resolute Bay par le gouvernement canadien. C\u2019est avec la promesse d\u2019une vie meilleure, d\u2019une abondance de chasse et la possibilit\u00e9 de revenir chez eux, qu\u2019on les a embarqu\u00e9s \u00e0 bord du navire C.D.Howe. Mais c\u2019est plut\u00f4t la faim, le froid et la noirceur glaciale de l\u2019hiver arctique qui les attendaient.<\/strong> Abandonn\u00e9s et isol\u00e9s dans le climat le plus inhospitalier de la plan\u00e8te, ils n\u2019ont pu revoir leurs proches pendant plusieurs d\u00e9cennies. <em>IQQAUMAVARA<\/em>-Je m\u2019en souviens -, est un site Internet essentiel sur l\u2019histoire et la m\u00e9moire des familles touch\u00e9es par la d\u00e9portation. Visionnez la bande annonce de ce site Internet en cours de production. IQQAUMAVARA est pilot\u00e9 par Makivvik et r\u00e9alis\u00e9 par Marquise Lepage (r\u00e9alisatrice du film <em>Martha qui vient du froid)<\/em>.<\/p>\n<hr \/>\n\n","protected":false},"excerpt":{"rendered":"<p>Au d\u00e9but des ann\u00e9es 50, une douzaine de familles inuites originaires d\u2019Inukjuak ont \u00e9t\u00e9 d\u00e9port\u00e9es \u00e0 Grise Fjord et Resolute Bay par le gouvernement canadien. C\u2019est<span class=\"excerpt-hellip\"> [\u2026]<\/span><\/p>\n","protected":false},"author":9,"featured_media":0,"parent":0,"menu_order":0,"comment_status":"closed","ping_status":"closed","template":"","meta":{"_acf_changed":false,"footnotes":""},"class_list":["post-4697","page","type-page","status-publish","hentry"],"acf":[],"jetpack_shortlink":"https:\/\/wp.me\/P7v1Zk-1dL","jetpack_sharing_enabled":true,"_links":{"self":[{"href":"https:\/\/www.makivvik.ca\/fr\/wp-json\/wp\/v2\/pages\/4697","targetHints":{"allow":["GET"]}}],"collection":[{"href":"https:\/\/www.makivvik.ca\/fr\/wp-json\/wp\/v2\/pages"}],"about":[{"href":"https:\/\/www.makivvik.ca\/fr\/wp-json\/wp\/v2\/types\/page"}],"author":[{"embeddable":true,"href":"https:\/\/www.makivvik.ca\/fr\/wp-json\/wp\/v2\/users\/9"}],"replies":[{"embeddable":true,"href":"https:\/\/www.makivvik.ca\/fr\/wp-json\/wp\/v2\/comments?post=4697"}],"version-history":[{"count":1,"href":"https:\/\/www.makivvik.ca\/fr\/wp-json\/wp\/v2\/pages\/4697\/revisions"}],"predecessor-version":[{"id":5324,"href":"https:\/\/www.makivvik.ca\/fr\/wp-json\/wp\/v2\/pages\/4697\/revisions\/5324"}],"wp:attachment":[{"href":"https:\/\/www.makivvik.ca\/fr\/wp-json\/wp\/v2\/media?parent=4697"}],"curies":[{"name":"wp","href":"https:\/\/api.w.org\/{rel}","templated":true}]}}