{"id":4690,"date":"2013-02-28T09:12:24","date_gmt":"2013-02-28T09:12:24","guid":{"rendered":"http:\/\/www.makivik.org\/pail-2\/"},"modified":"2023-02-24T17:27:32","modified_gmt":"2023-02-24T21:27:32","slug":"pail-2","status":"publish","type":"page","link":"https:\/\/www.makivvik.ca\/fr\/pail-2\/","title":{"rendered":"PAIL"},"content":{"rendered":"<p><a href=\"http:\/\/www.pail.ca\/\" target=\"_blank\" rel=\"noopener\"><img data-recalc-dims=\"1\" loading=\"lazy\" decoding=\"async\" class=\"alignleft size-full wp-image-608\" src=\"https:\/\/i0.wp.com\/www.makivvik.ca\/wp-content\/uploads\/2013\/02\/pail.png?resize=229%2C140\" alt=\"pail\" width=\"229\" height=\"140\" \/><\/a>Pan Arctic Inuit Logistics (PAIL) est une entreprise d\u00e9tenue en coparticipation par les sept soci\u00e9t\u00e9s de d\u00e9veloppement inuit du Canada, dont Makivvik. Les Inuit des quatre r\u00e9gions de revendications territoriales en sont propri\u00e9taires \u00e0 cent pour cent. L\u2019entreprise a \u00e9t\u00e9 cr\u00e9\u00e9e en 2001 et d\u00e9tient un partenariat \u00e0 parts \u00e9gales avec Atco Frontec et Nasituuq Corporation. La Nasittuq Corporation et la PAIL exploitent le Syst\u00e8me d\u2019alerte du Nord, contrat attribu\u00e9 par le minist\u00e8re de la D\u00e9fense nationale.<\/p>\n<blockquote><p>Les Inuit des quatre r\u00e9gions de revendications territoriales en sont propri\u00e9taires \u00e0 cent pour cent.<\/p><\/blockquote>\n<p>PAIL contribue \u00e9galement \u00e0 l\u2019\u00e9laboration et \u00e0 la mise \u00e0 jour du National Inuit Business Directory (r\u00e9pertoire national d\u2019entreprises inuit) et \u00e0 la promotion des possibilit\u00e9s \u00e9conomiques et de formation pour les Inuit du Canada.<\/p>\n","protected":false},"excerpt":{"rendered":"<p>Pan Arctic Inuit Logistics (PAIL) est une entreprise d\u00e9tenue en coparticipation par les sept soci\u00e9t\u00e9s de d\u00e9veloppement inuit du Canada, dont Makivvik. Les Inuit des quatre<span class=\"excerpt-hellip\"> [\u2026]<\/span><\/p>\n","protected":false},"author":9,"featured_media":0,"parent":0,"menu_order":0,"comment_status":"closed","ping_status":"closed","template":"","meta":{"_acf_changed":false,"footnotes":""},"class_list":["post-4690","page","type-page","status-publish","hentry"],"acf":[],"jetpack_shortlink":"https:\/\/wp.me\/P7v1Zk-1dE","jetpack_sharing_enabled":true,"_links":{"self":[{"href":"https:\/\/www.makivvik.ca\/fr\/wp-json\/wp\/v2\/pages\/4690","targetHints":{"allow":["GET"]}}],"collection":[{"href":"https:\/\/www.makivvik.ca\/fr\/wp-json\/wp\/v2\/pages"}],"about":[{"href":"https:\/\/www.makivvik.ca\/fr\/wp-json\/wp\/v2\/types\/page"}],"author":[{"embeddable":true,"href":"https:\/\/www.makivvik.ca\/fr\/wp-json\/wp\/v2\/users\/9"}],"replies":[{"embeddable":true,"href":"https:\/\/www.makivvik.ca\/fr\/wp-json\/wp\/v2\/comments?post=4690"}],"version-history":[{"count":1,"href":"https:\/\/www.makivvik.ca\/fr\/wp-json\/wp\/v2\/pages\/4690\/revisions"}],"predecessor-version":[{"id":15912,"href":"https:\/\/www.makivvik.ca\/fr\/wp-json\/wp\/v2\/pages\/4690\/revisions\/15912"}],"wp:attachment":[{"href":"https:\/\/www.makivvik.ca\/fr\/wp-json\/wp\/v2\/media?parent=4690"}],"curies":[{"name":"wp","href":"https:\/\/api.w.org\/{rel}","templated":true}]}}