{"id":4687,"date":"2013-02-28T09:01:44","date_gmt":"2013-02-28T13:01:44","guid":{"rendered":"http:\/\/www.makivik.org\/en-fr\/"},"modified":"2018-01-17T17:58:23","modified_gmt":"2018-01-17T21:58:23","slug":"pecheries-unaaq","status":"publish","type":"page","link":"https:\/\/www.makivvik.ca\/fr\/pecheries-unaaq\/","title":{"rendered":"P\u00eacheries Unaaq"},"content":{"rendered":"<p class=\"western\" lang=\"en-CA\" align=\"justify\"><span style=\"font-family: Arial, sans-serif;\"><span style=\"font-size: medium;\"><span lang=\"fr-CA\"><b>Profil de l\u2019entreprise<\/b><\/span><\/span><\/span><\/p>\n<p class=\"western\" lang=\"en-CA\" align=\"justify\"><span style=\"font-family: Arial, sans-serif;\"><span style=\"font-size: medium;\"><span lang=\"fr-CA\">Makivvik s\u2019est b\u00e2ti une solide r\u00e9putation dans l\u2019industrie des p\u00eaches nordiques et, depuis aussi loin que 1978, <\/span><\/span><\/span><span style=\"font-family: Arial, sans-serif;\"><span style=\"font-size: medium;\"><span lang=\"fr-CA\">m\u00e8ne des recherches afin de d\u00e9velopper une industrie viable de p\u00eache \u00e0 la crevette<\/span><\/span><\/span><span style=\"font-family: Arial, sans-serif;\"><span style=\"font-size: medium;\"><span lang=\"fr-CA\"> dans les d\u00e9troits d\u2019Hudson et de Davis.<\/span><\/span><\/span><\/p>\n<p class=\"western\" lang=\"en-CA\" align=\"justify\"><span style=\"font-family: Arial, sans-serif;\"><span style=\"font-size: medium;\"><span lang=\"fr-CA\">Au fil des ans, Makivvik a form\u00e9, avec ses partenaires, des \u00e9quipages inuits et a \u00e9tabli des entreprises en coparticipation avec <\/span><\/span><\/span><span style=\"font-family: Arial, sans-serif;\"><span style=\"font-size: medium;\"><span lang=\"fr-CA\">des entreprises des p\u00eaches nationales et internationales<\/span><\/span><\/span><span style=\"font-family: Arial, sans-serif;\"><span style=\"font-size: medium;\"><span lang=\"fr-CA\">.<\/span><\/span><\/span><\/p>\n<p class=\"western\" lang=\"en-CA\" align=\"justify\"><span style=\"font-family: Arial, sans-serif;\"><span style=\"font-size: medium;\"><span lang=\"fr-CA\">Par l\u2019entremise des P\u00eacheries Unaaq, Makivvik partage un permis de p\u00eache \u00e0 la crevette avec la Qikiqtaaluk Corporation du Nunavut. Makivvik est \u00e9galement titulaire \u00e0 part enti\u00e8re d\u2019un autre permis de p\u00eache. Par l\u2019entremise d\u2019une entente sur les redevances, les deux permis sont utilis\u00e9s par Newfound Resources Limited, une entreprise situ\u00e9e \u00e0 Terre-Neuve-et-Labrador.<\/span><\/span><\/span><\/p>\n<p class=\"western\" lang=\"en-CA\" align=\"justify\"><span style=\"font-family: Arial, sans-serif;\"><span style=\"font-size: medium;\"><span lang=\"fr-CA\">\u00c0 bord du navire <\/span><\/span><\/span><span style=\"font-family: Arial, sans-serif;\"><span style=\"font-size: medium;\"><span lang=\"fr-CA\"><i>Newfound Pioneer<\/i><\/span><\/span><\/span><span style=\"font-family: Arial, sans-serif;\"><span style=\"font-size: medium;\"><span lang=\"fr-CA\"> et du navire <\/span><\/span><\/span><span style=\"font-family: Arial, sans-serif;\"><span style=\"font-size: medium;\"><span lang=\"fr-CA\"><i>Newfoundland Victor<\/i><\/span><\/span><\/span><span style=\"font-family: Arial, sans-serif;\"><span style=\"font-size: medium;\"><span lang=\"fr-CA\">, lequel a \u00e9t\u00e9 construit en 2016 et a commenc\u00e9 \u00e0 \u00eatre utilis\u00e9 en janvier\u00a02017, plus de 7\u00a0000\u00a0tonnes de crevettes (<\/span><\/span><\/span><span style=\"font-family: Arial, sans-serif;\"><span style=\"font-size: medium;\"><span lang=\"fr-CA\"><i>Pandalus Montagui<\/i><\/span><\/span><\/span><span style=\"font-family: Arial, sans-serif;\"><span style=\"font-size: medium;\"><span lang=\"fr-CA\"> et <\/span><\/span><\/span><span style=\"font-family: Arial, sans-serif;\"><span style=\"font-size: medium;\"><span lang=\"fr-CA\"><i>Pandalus Borealis<\/i><\/span><\/span><\/span><span style=\"font-family: Arial, sans-serif;\"><span style=\"font-size: medium;\"><span lang=\"fr-CA\">) sont p\u00each\u00e9es par ann\u00e9e.<\/span><\/span><\/span><\/p>\n<p class=\"western\" lang=\"en-CA\" align=\"justify\"><span style=\"font-family: Arial, sans-serif;\"><span style=\"font-size: medium;\"><span lang=\"fr-CA\">Les crevettes surgel\u00e9es et empaquet\u00e9es sont exp\u00e9di\u00e9es directement du quai aux consommateurs du monde entier.<\/span><\/span><\/span><\/p>\n","protected":false},"excerpt":{"rendered":"<p>Profil de l\u2019entreprise Makivvik s\u2019est b\u00e2ti une solide r\u00e9putation dans l\u2019industrie des p\u00eaches nordiques et, depuis aussi loin que 1978, m\u00e8ne des recherches afin de d\u00e9velopper<span class=\"excerpt-hellip\"> [\u2026]<\/span><\/p>\n","protected":false},"author":9,"featured_media":0,"parent":0,"menu_order":0,"comment_status":"closed","ping_status":"closed","template":"","meta":{"_acf_changed":false,"footnotes":""},"class_list":["post-4687","page","type-page","status-publish","hentry"],"acf":[],"jetpack_shortlink":"https:\/\/wp.me\/P7v1Zk-1dB","jetpack_sharing_enabled":true,"_links":{"self":[{"href":"https:\/\/www.makivvik.ca\/fr\/wp-json\/wp\/v2\/pages\/4687","targetHints":{"allow":["GET"]}}],"collection":[{"href":"https:\/\/www.makivvik.ca\/fr\/wp-json\/wp\/v2\/pages"}],"about":[{"href":"https:\/\/www.makivvik.ca\/fr\/wp-json\/wp\/v2\/types\/page"}],"author":[{"embeddable":true,"href":"https:\/\/www.makivvik.ca\/fr\/wp-json\/wp\/v2\/users\/9"}],"replies":[{"embeddable":true,"href":"https:\/\/www.makivvik.ca\/fr\/wp-json\/wp\/v2\/comments?post=4687"}],"version-history":[{"count":4,"href":"https:\/\/www.makivvik.ca\/fr\/wp-json\/wp\/v2\/pages\/4687\/revisions"}],"predecessor-version":[{"id":5673,"href":"https:\/\/www.makivvik.ca\/fr\/wp-json\/wp\/v2\/pages\/4687\/revisions\/5673"}],"wp:attachment":[{"href":"https:\/\/www.makivvik.ca\/fr\/wp-json\/wp\/v2\/media?parent=4687"}],"curies":[{"name":"wp","href":"https:\/\/api.w.org\/{rel}","templated":true}]}}