{"id":4684,"date":"2013-02-28T08:50:19","date_gmt":"2013-02-28T12:50:19","guid":{"rendered":"http:\/\/www.makivik.org\/en-fr\/"},"modified":"2018-01-17T17:51:28","modified_gmt":"2018-01-17T21:51:28","slug":"neas","status":"publish","type":"page","link":"https:\/\/www.makivvik.ca\/fr\/neas\/","title":{"rendered":"NEAS"},"content":{"rendered":"<p lang=\"fr-CA\" align=\"justify\"><strong>Profil de l\u2019entreprise<\/strong><\/p>\n<p lang=\"en-CA\" align=\"justify\"><span lang=\"fr-CA\">Le Groupe NEAS est compos\u00e9 des transporteurs maritimes Nunavut Eastern Arctic Shipping Inc., Nunavik Eastern Arctic Shipping Inc. et NEAS Inc.<\/span><\/p>\n<p lang=\"en-CA\" align=\"justify\"><span lang=\"fr-CA\">Fond\u00e9e en 1998, Nunavut Eastern Arctic Shipping Inc., dont le si\u00e8ge social est situ\u00e9 \u00e0 Iqaluit, est d\u00e9tenue en majoritairement par des entreprises inuites locales du Nunavut. L\u2019entreprise a pour mission d&#8217;offrir des services d&#8217;une qualit\u00e9 exceptionnelle dans le domaine du transport maritime, du triage, de l&#8217;empaquetage et de l&#8217;empotage de conteneurs dans les r\u00e9gions de Baffin, Kivalliq et Kitikmeot qui font partie du Nunavut.<\/span><\/p>\n<p lang=\"en-CA\" align=\"justify\"><span lang=\"fr-CA\">Fond\u00e9e en 2011, Nunavik Eastern Arctic Shipping Inc. est d\u00e9tenue majoritairement par Makivvik. Son objectif est d&#8217;offrir un service de ravitaillement maritime de qualit\u00e9 sup\u00e9rieure aux 14 communaut\u00e9s du Nunavik et de tirer profit des possibilit\u00e9s qu&#8217;offre le Plan Nord du gouvernement du Qu\u00e9bec. Nunavik Eastern Arctic Shipping Inc. s&#8217;engage \u00e0 augmenter de fa\u00e7on substantielle le niveau d&#8217;activit\u00e9 commerciale de NEAS dans l\u2019ensemble du Nunavik.<\/span><\/p>\n<p lang=\"en-CA\" align=\"justify\"><span lang=\"fr-CA\">NEAS Inc. est la soci\u00e9t\u00e9 d\u2019exploitation et elle est d\u00e9tenue conjointement par Makivvik et Transport Nanuk Inc., une entreprise en coparticipation avec Logistec Corporation et The North West Company.<\/span><\/p>\n<p align=\"justify\"><span lang=\"fr-CA\">NEAS a pour mission<\/span> <span lang=\"fr-CA\">d&#8217;offrir des services d&#8217;une qualit\u00e9 exceptionnelle dans le domaine du transport maritime et des services de cargaison connexes, gr\u00e2ce \u00e0 ses employ\u00e9s hautement qualifi\u00e9s qui s&#8217;engagent \u00e0 fournir le meilleur ravitaillement maritime possible aux clients de l\u2019est et de l\u2019ouest de l&#8217;Arctique canadien.<\/span><\/p>\n<p align=\"justify\"><span lang=\"fr-CA\">NEAS est le bon choix en mati\u00e8re de transport maritime au nord, car l\u2019entreprise offre une technologie de transport adapt\u00e9e \u00e0 vos marchandises. Gr\u00e2ce \u00e0 notre centre de conditionnement de la marchandise, NEAS r\u00e9pond \u00e0 tous vos besoins \u00e0 partir d&#8217;un seul centre.<\/span><\/p>\n<p align=\"justify\"><span lang=\"fr-CA\">Gr\u00e2ce \u00e0 son expertise \u00e9tablie de longue date dans le transport maritime vers l\u2019Arctique canadien, NEAS s\u2019engage \u00e0 assurer l\u2019excellence de son service \u00e0 tous les niveaux op\u00e9rationnels, du personnel de gestion jusqu\u2019aux matelots. NEAS constitue un lien \u00e9conomique fiable entre l\u2019Arctique canadien et le reste du monde.<\/span><\/p>\n<p align=\"justify\"><span lang=\"fr-CA\">Le syst\u00e8me de conteneurisation de NEAS a r\u00e9volutionn\u00e9 la circulation des marchandises, augment\u00e9 la s\u00e9curit\u00e9 et l\u2019efficacit\u00e9, et r\u00e9duit les impacts environnementaux. NEAS offre le service de remplissage de conteneurs de 20\u00a0pi. L\u2019entreprise offre aussi la plus importante capacit\u00e9 de transport de marchandises.<\/span><\/p>\n<p align=\"justify\"><span lang=\"fr-CA\">NEAS, par l\u2019entremise de son centre de conditionnement de la marchandise, offre des services d\u2019empaquetage et de conteneurisation. Les marchandises y sont donc mises en caisse, empaquet\u00e9es, attach\u00e9es, fix\u00e9es \u00e0 une palette, entoil\u00e9es, marqu\u00e9es, pes\u00e9es ou tri\u00e9es. Un tel conditionnement favorise le transport de vos marchandises en toute s\u00e9curit\u00e9.<\/span><\/p>\n<p lang=\"en-CA\" align=\"justify\"><span lang=\"fr-CA\">NEAS g\u00e9n\u00e8re une participation importante des Inuits des communaut\u00e9s locales dans l&#8217;industrie essentielle du transport maritime, y compris la formation, la cr\u00e9ation d&#8217;emplois, les possibilit\u00e9s d&#8217;avancement ainsi que des occasions de partenariat.<\/span><\/p>\n","protected":false},"excerpt":{"rendered":"<p>Profil de l\u2019entreprise Le Groupe NEAS est compos\u00e9 des transporteurs maritimes Nunavut Eastern Arctic Shipping Inc., Nunavik Eastern Arctic Shipping Inc. et NEAS Inc. Fond\u00e9e en<span class=\"excerpt-hellip\"> [\u2026]<\/span><\/p>\n","protected":false},"author":9,"featured_media":0,"parent":0,"menu_order":0,"comment_status":"closed","ping_status":"closed","template":"","meta":{"_acf_changed":false,"footnotes":""},"class_list":["post-4684","page","type-page","status-publish","hentry"],"acf":[],"jetpack_shortlink":"https:\/\/wp.me\/P7v1Zk-1dy","jetpack_sharing_enabled":true,"_links":{"self":[{"href":"https:\/\/www.makivvik.ca\/fr\/wp-json\/wp\/v2\/pages\/4684","targetHints":{"allow":["GET"]}}],"collection":[{"href":"https:\/\/www.makivvik.ca\/fr\/wp-json\/wp\/v2\/pages"}],"about":[{"href":"https:\/\/www.makivvik.ca\/fr\/wp-json\/wp\/v2\/types\/page"}],"author":[{"embeddable":true,"href":"https:\/\/www.makivvik.ca\/fr\/wp-json\/wp\/v2\/users\/9"}],"replies":[{"embeddable":true,"href":"https:\/\/www.makivvik.ca\/fr\/wp-json\/wp\/v2\/comments?post=4684"}],"version-history":[{"count":4,"href":"https:\/\/www.makivvik.ca\/fr\/wp-json\/wp\/v2\/pages\/4684\/revisions"}],"predecessor-version":[{"id":5664,"href":"https:\/\/www.makivvik.ca\/fr\/wp-json\/wp\/v2\/pages\/4684\/revisions\/5664"}],"wp:attachment":[{"href":"https:\/\/www.makivvik.ca\/fr\/wp-json\/wp\/v2\/media?parent=4684"}],"curies":[{"name":"wp","href":"https:\/\/api.w.org\/{rel}","templated":true}]}}