{"id":4681,"date":"2013-02-28T08:38:05","date_gmt":"2013-02-28T08:38:05","guid":{"rendered":"http:\/\/www.makivik.org\/joint-venture-2\/"},"modified":"2023-02-24T17:27:32","modified_gmt":"2023-02-24T21:27:32","slug":"joint-venture-2","status":"publish","type":"page","link":"https:\/\/www.makivvik.ca\/fr\/joint-venture-2\/","title":{"rendered":"Joint venture"},"content":{"rendered":"<p><a href=\"http:\/\/www.makivvik.ca\/fr\/cruise-north-expeditions\/\">Exp\u00e9ditions Croisi\u00e8re Nord inc.<\/a><\/p>\n<hr \/>\n<p><a href=\"http:\/\/www.makivvik.ca\/fr\/neas-group\/\">Groupe NEAS Inc.<\/a><\/p>\n<hr \/>\n<p><a href=\"http:\/\/www.makivvik.ca\/fr\/unaaq-fisheries\/\">P\u00eacheries UNAAQ<\/a><\/p>\n<hr \/>\n<p><a href=\"http:\/\/www.makivvik.ca\/pail\/\">Pan Arctic Inuit Logistic (PAIL)<\/a><\/p>\n<hr \/>\n","protected":false},"excerpt":{"rendered":"<p>Exp\u00e9ditions Croisi\u00e8re Nord inc. Groupe NEAS Inc. P\u00eacheries UNAAQ Pan Arctic Inuit Logistic (PAIL)<\/p>\n","protected":false},"author":9,"featured_media":0,"parent":0,"menu_order":0,"comment_status":"closed","ping_status":"closed","template":"","meta":{"_acf_changed":false,"footnotes":""},"class_list":["post-4681","page","type-page","status-publish","hentry"],"acf":[],"jetpack_shortlink":"https:\/\/wp.me\/P7v1Zk-1dv","jetpack_sharing_enabled":true,"_links":{"self":[{"href":"https:\/\/www.makivvik.ca\/fr\/wp-json\/wp\/v2\/pages\/4681","targetHints":{"allow":["GET"]}}],"collection":[{"href":"https:\/\/www.makivvik.ca\/fr\/wp-json\/wp\/v2\/pages"}],"about":[{"href":"https:\/\/www.makivvik.ca\/fr\/wp-json\/wp\/v2\/types\/page"}],"author":[{"embeddable":true,"href":"https:\/\/www.makivvik.ca\/fr\/wp-json\/wp\/v2\/users\/9"}],"replies":[{"embeddable":true,"href":"https:\/\/www.makivvik.ca\/fr\/wp-json\/wp\/v2\/comments?post=4681"}],"version-history":[{"count":4,"href":"https:\/\/www.makivvik.ca\/fr\/wp-json\/wp\/v2\/pages\/4681\/revisions"}],"predecessor-version":[{"id":15916,"href":"https:\/\/www.makivvik.ca\/fr\/wp-json\/wp\/v2\/pages\/4681\/revisions\/15916"}],"wp:attachment":[{"href":"https:\/\/www.makivvik.ca\/fr\/wp-json\/wp\/v2\/media?parent=4681"}],"curies":[{"name":"wp","href":"https:\/\/api.w.org\/{rel}","templated":true}]}}