{"id":4678,"date":"2013-02-28T08:21:32","date_gmt":"2013-02-28T08:21:32","guid":{"rendered":"http:\/\/www.makivik.org\/en-fr\/"},"modified":"2023-02-24T17:24:14","modified_gmt":"2023-02-24T21:24:14","slug":"aipainunavik","status":"publish","type":"page","link":"https:\/\/www.makivvik.ca\/fr\/aipainunavik\/","title":{"rendered":"AiPaiNunavik"},"content":{"rendered":"\n<div class=\"wp-block-image\"><figure class=\"alignleft\"><a href=\"https:\/\/i0.wp.com\/www.makivvik.ca\/wp-content\/uploads\/2013\/02\/Aipainunavik.png\"><img data-recalc-dims=\"1\" loading=\"lazy\" decoding=\"async\" width=\"181\" height=\"300\" src=\"https:\/\/i0.wp.com\/www.makivvik.ca\/wp-content\/uploads\/2013\/02\/Aipainunavik-181x300.png?resize=181%2C300\" alt=\"Aipainunavik\" class=\"wp-image-581\" srcset=\"https:\/\/i0.wp.com\/www.makivvik.ca\/wp-content\/uploads\/2013\/02\/Aipainunavik.png?resize=181%2C300&amp;ssl=1 181w, https:\/\/i0.wp.com\/www.makivvik.ca\/wp-content\/uploads\/2013\/02\/Aipainunavik.png?w=251&amp;ssl=1 251w\" sizes=\"auto, (max-width:767px) 181px, 181px\" \/><\/a><\/figure><\/div>\n\n\n\n<p>La police de caract\u00e8res AiPaiNunavik, qui a \u00e9t\u00e9 cr\u00e9\u00e9e pour les personnes qui souhaitent saisir des caract\u00e8res syllabiques, peut \u00eatre t\u00e9l\u00e9charg\u00e9e en cliquant sur la version appropri\u00e9e pour votre syst\u00e8me ci-dessous.<\/p>\n\n\n\n<div class=\"wp-block-columns is-layout-flex wp-container-core-columns-is-layout-9d6595d7 wp-block-columns-is-layout-flex\">\n<div class=\"wp-block-column is-layout-flow wp-block-column-is-layout-flow\">\n<p> <a class=\"button\" href=\"https:\/\/www.makivvik.ca\/wp-content\/uploads\/2021\/12\/Inuktitut-Keyboard-for-Nunavik-3.6.66.zip\">Windows Installer<\/a> <\/p>\n<\/div>\n\n\n\n<div class=\"wp-block-column is-layout-flow wp-block-column-is-layout-flow\">\n<p> <a class=\"button\" href=\"https:\/\/www.makivvik.ca\/wp-content\/uploads\/2021\/12\/Inuktitut-Keyboard-for-Nunavik-3.6.640.pkg_.zip\">macOS Installer<\/a> <\/p>\n<\/div>\n<\/div>\n\n\n\n<blockquote class=\"wp-block-quote is-layout-flow wp-block-quote-is-layout-flow\"><p>La police de caract\u00e8res AiPaiNunavik a \u00e9t\u00e9 cr\u00e9\u00e9e en 2001<\/p><\/blockquote>\n\n\n\n<p>La police de caract\u00e8res AiPaiNunavik a \u00e9t\u00e9 cr\u00e9\u00e9e en 2001 et inclut la colonne pour ai, pai, tai, kai, gai, mai , nai, sai, lai, jai, vai, rai, qai et ngai. Cette colonne \u00e9tait inexistante pendant des ann\u00e9es et \u00e9tait r\u00e9clam\u00e9e par de nombreux r\u00e9dacteurs en langue inuktitut.<\/p>\n","protected":false},"excerpt":{"rendered":"<p>La police de caract\u00e8res AiPaiNunavik, qui a \u00e9t\u00e9 cr\u00e9\u00e9e pour les personnes qui souhaitent saisir des caract\u00e8res syllabiques, peut \u00eatre t\u00e9l\u00e9charg\u00e9e en cliquant sur la version<span class=\"excerpt-hellip\"> [\u2026]<\/span><\/p>\n","protected":false},"author":9,"featured_media":0,"parent":0,"menu_order":0,"comment_status":"closed","ping_status":"closed","template":"","meta":{"_acf_changed":false,"footnotes":""},"class_list":["post-4678","page","type-page","status-publish","hentry"],"acf":[],"jetpack_shortlink":"https:\/\/wp.me\/P7v1Zk-1ds","jetpack_sharing_enabled":true,"_links":{"self":[{"href":"https:\/\/www.makivvik.ca\/fr\/wp-json\/wp\/v2\/pages\/4678","targetHints":{"allow":["GET"]}}],"collection":[{"href":"https:\/\/www.makivvik.ca\/fr\/wp-json\/wp\/v2\/pages"}],"about":[{"href":"https:\/\/www.makivvik.ca\/fr\/wp-json\/wp\/v2\/types\/page"}],"author":[{"embeddable":true,"href":"https:\/\/www.makivvik.ca\/fr\/wp-json\/wp\/v2\/users\/9"}],"replies":[{"embeddable":true,"href":"https:\/\/www.makivvik.ca\/fr\/wp-json\/wp\/v2\/comments?post=4678"}],"version-history":[{"count":5,"href":"https:\/\/www.makivvik.ca\/fr\/wp-json\/wp\/v2\/pages\/4678\/revisions"}],"predecessor-version":[{"id":15602,"href":"https:\/\/www.makivvik.ca\/fr\/wp-json\/wp\/v2\/pages\/4678\/revisions\/15602"}],"wp:attachment":[{"href":"https:\/\/www.makivvik.ca\/fr\/wp-json\/wp\/v2\/media?parent=4678"}],"curies":[{"name":"wp","href":"https:\/\/api.w.org\/{rel}","templated":true}]}}