{"id":4672,"date":"2013-02-27T14:39:25","date_gmt":"2013-02-27T14:39:25","guid":{"rendered":"http:\/\/www.makivik.org\/en-fr\/"},"modified":"2018-05-17T23:44:33","modified_gmt":"2018-05-18T03:44:33","slug":"medias","status":"publish","type":"page","link":"https:\/\/www.makivvik.ca\/fr\/medias\/","title":{"rendered":"M\u00e9dia"},"content":{"rendered":"<p><span lang=\"fr-CA\">Notre histoire est \u00e0 la fois moderne et ancienne, \u00e9crite et orale. Nous d\u00e9ployons les efforts n\u00e9cessaires afin de consigner et de pr\u00e9server notre histoire contemporaine par des publications et des documents archiv\u00e9s. La Convention de la Baie-James et du Nord qu\u00e9b\u00e9cois a \u00e9t\u00e9 le tout premier r\u00e8glement de revendications territoriales globales sign\u00e9 au Canada. Au fil des ans, elle rev\u00eatira une importance de plus en plus grande dans notre histoire et dans nos relations de mani\u00e8re g\u00e9n\u00e9rale avec le Canada.<\/span><\/p>\n<p><a name=\"_GoBack\"><\/a> <span lang=\"fr-CA\">Vous trouverez, dans la pr\u00e9sente section, les r\u00e9sultats des plus r\u00e9centes \u00e9lections \u00e0 Makivvik, des communiqu\u00e9s de presse, des publications de Makivvik (<\/span><span lang=\"fr-CA\">Makivvik Magazine<\/span><span lang=\"fr-CA\">, rapports annuels, bulletins), des cartes du Nunavik, des documents publics ainsi que des documents audio et vid\u00e9o.<\/span>***<\/p>\n","protected":false},"excerpt":{"rendered":"<p>Notre histoire est \u00e0 la fois moderne et ancienne, \u00e9crite et orale. Nous d\u00e9ployons les efforts n\u00e9cessaires afin de consigner et de pr\u00e9server notre histoire contemporaine<span class=\"excerpt-hellip\"> [\u2026]<\/span><\/p>\n","protected":false},"author":9,"featured_media":0,"parent":0,"menu_order":0,"comment_status":"closed","ping_status":"closed","template":"","meta":{"_acf_changed":false,"footnotes":""},"class_list":["post-4672","page","type-page","status-publish","hentry"],"acf":[],"jetpack_shortlink":"https:\/\/wp.me\/P7v1Zk-1dm","jetpack_sharing_enabled":true,"_links":{"self":[{"href":"https:\/\/www.makivvik.ca\/fr\/wp-json\/wp\/v2\/pages\/4672","targetHints":{"allow":["GET"]}}],"collection":[{"href":"https:\/\/www.makivvik.ca\/fr\/wp-json\/wp\/v2\/pages"}],"about":[{"href":"https:\/\/www.makivvik.ca\/fr\/wp-json\/wp\/v2\/types\/page"}],"author":[{"embeddable":true,"href":"https:\/\/www.makivvik.ca\/fr\/wp-json\/wp\/v2\/users\/9"}],"replies":[{"embeddable":true,"href":"https:\/\/www.makivvik.ca\/fr\/wp-json\/wp\/v2\/comments?post=4672"}],"version-history":[{"count":2,"href":"https:\/\/www.makivvik.ca\/fr\/wp-json\/wp\/v2\/pages\/4672\/revisions"}],"predecessor-version":[{"id":5988,"href":"https:\/\/www.makivvik.ca\/fr\/wp-json\/wp\/v2\/pages\/4672\/revisions\/5988"}],"wp:attachment":[{"href":"https:\/\/www.makivvik.ca\/fr\/wp-json\/wp\/v2\/media?parent=4672"}],"curies":[{"name":"wp","href":"https:\/\/api.w.org\/{rel}","templated":true}]}}