{"id":4669,"date":"2013-02-27T12:42:27","date_gmt":"2013-02-27T12:42:27","guid":{"rendered":"http:\/\/www.makivik.org\/en-fr\/"},"modified":"2023-02-24T17:20:03","modified_gmt":"2023-02-24T21:20:03","slug":"histoire-recente-et-demographie","status":"publish","type":"page","link":"https:\/\/www.makivvik.ca\/fr\/histoire-recente-et-demographie\/","title":{"rendered":"Histoire r\u00e9cente et d\u00e9mographie"},"content":{"rendered":"<p><a href=\"https:\/\/i0.wp.com\/www.makivvik.ca\/wp-content\/uploads\/2013\/02\/demographic.png\"><img data-recalc-dims=\"1\" loading=\"lazy\" decoding=\"async\" class=\"alignleft size-medium wp-image-493\" src=\"https:\/\/i0.wp.com\/www.makivvik.ca\/wp-content\/uploads\/2013\/02\/demographic-300x163.png?resize=300%2C163\" alt=\"demographic\" width=\"300\" height=\"163\" srcset=\"https:\/\/i0.wp.com\/www.makivvik.ca\/wp-content\/uploads\/2013\/02\/demographic.png?resize=300%2C163&amp;ssl=1 300w, https:\/\/i0.wp.com\/www.makivvik.ca\/wp-content\/uploads\/2013\/02\/demographic.png?w=437&amp;ssl=1 437w\" sizes=\"auto, (max-width:767px) 300px, 300px\" \/><\/a><\/p>\n<p>Depuis plus de 4 000 ans, les Inuit du Qu\u00e9bec nordique occupent le territoire du Nunavik. Au cours des trois derniers si\u00e8cles, les Inuit du Nunavik ont eu des contacts soutenus et de longue dur\u00e9e avec les Europ\u00e9ens par l\u2019entremise des missionnaires anglicans, des marchands de fourrures et des repr\u00e9sentants de la Compagnie de la Baie d\u2019Hudson. Les Inuit \u00e9taient un peuple nomade. Ce n\u2019est qu\u2019au d\u00e9but des ann\u00e9es 1950 qu\u2019ils ont adopt\u00e9 un mode de vie s\u00e9dentaire en s\u2019\u00e9tablissant en permanence dans des villages.<\/p>\n<blockquote><p>Le Nunavik compte plus de 10 000 Inuit, qui vivent dans 15 villages, r\u00e9partis le long des c\u00f4tes de la baie d\u2019Ungava, du d\u00e9troit d\u2019Hudson et de la baie d\u2019Hudson (incluant le village de Chisasibi, qui est situ\u00e9 en dehors du Nunavik).<\/p><\/blockquote>\n<p>Le Nunavik compte plus de 10 000 Inuit, qui vivent dans 15 villages, r\u00e9partis le long des c\u00f4tes de la baie d\u2019Ungava, du d\u00e9troit d\u2019Hudson et de la baie d\u2019Hudson (incluant le village de Chisasibi, qui est situ\u00e9 en dehors du Nunavik). Situ\u00e9s entre 1 000 \u00e0 1 900 km au nord de Montr\u00e9al, tous ces villages, sauf quatre, comptent moins de 1 000 habitants. Les communaut\u00e9s les plus populeuses sont celles de Kuujjuaq, de Puvirnituq, de Salluit et d\u2019Inukjuak. Citoyens canadiens, les Inuit sont assujettis aux lois f\u00e9d\u00e9rales et provinciales sur les taxes de vente et les imp\u00f4ts.<\/p>\n<p>Lors du dernier recensement, il y avait environ 1 000 r\u00e9sidents non inuit vivant au Nunavik.<\/p>\n<p>La population du Nunavik est jeune. Plus de 60 % de la population est \u00e2g\u00e9e de moins de 30 ans, soit le double de la proportion correspondante dans le sud du Qu\u00e9bec. Chez les Inuit, le taux de croissance naturelle de la population est de trois \u00e0 quatre fois sup\u00e9rieur \u00e0 la moyenne qu\u00e9b\u00e9coise. Depuis les ann\u00e9es 1950, l\u2019esp\u00e9rance de vie a consid\u00e9rablement augment\u00e9, passant de 48 \u00e0 66 ans.<\/p>\n<p>Les premi\u00e8res \u00e9coles ont \u00e9t\u00e9 \u00e9tablies par le gouvernement f\u00e9d\u00e9ral dans les ann\u00e9es 1950. Le syst\u00e8me d\u2019\u00e9ducation actuel est offert par la Commission scolaire Kativik. De la maternelle \u00e0 la troisi\u00e8me ann\u00e9e, les \u00e9l\u00e8ves re\u00e7oivent leur \u00e9ducation en inuktitut, apr\u00e8s quoi ils choisissent une seconde langue d\u2019enseignement. La langue et la culture inuit sont enseign\u00e9es tout au long du primaire et du secondaire. Le taux de r\u00e9tention de la langue au Nunavik est de plus de 95 %, l\u2019inuktitut demeurant la principale langue parl\u00e9e.<\/p>\n<p>La religion anglicane pr\u00e9domine au Nunavik.<\/p>\n","protected":false},"excerpt":{"rendered":"<p>Depuis plus de 4 000 ans, les Inuit du Qu\u00e9bec nordique occupent le territoire du Nunavik. Au cours des trois derniers si\u00e8cles, les Inuit du Nunavik<span class=\"excerpt-hellip\"> [\u2026]<\/span><\/p>\n","protected":false},"author":9,"featured_media":0,"parent":0,"menu_order":0,"comment_status":"closed","ping_status":"closed","template":"","meta":{"_acf_changed":false,"footnotes":""},"class_list":["post-4669","page","type-page","status-publish","hentry"],"acf":[],"jetpack_shortlink":"https:\/\/wp.me\/P7v1Zk-1dj","jetpack_sharing_enabled":true,"_links":{"self":[{"href":"https:\/\/www.makivvik.ca\/fr\/wp-json\/wp\/v2\/pages\/4669","targetHints":{"allow":["GET"]}}],"collection":[{"href":"https:\/\/www.makivvik.ca\/fr\/wp-json\/wp\/v2\/pages"}],"about":[{"href":"https:\/\/www.makivvik.ca\/fr\/wp-json\/wp\/v2\/types\/page"}],"author":[{"embeddable":true,"href":"https:\/\/www.makivvik.ca\/fr\/wp-json\/wp\/v2\/users\/9"}],"replies":[{"embeddable":true,"href":"https:\/\/www.makivvik.ca\/fr\/wp-json\/wp\/v2\/comments?post=4669"}],"version-history":[{"count":3,"href":"https:\/\/www.makivvik.ca\/fr\/wp-json\/wp\/v2\/pages\/4669\/revisions"}],"predecessor-version":[{"id":15384,"href":"https:\/\/www.makivvik.ca\/fr\/wp-json\/wp\/v2\/pages\/4669\/revisions\/15384"}],"wp:attachment":[{"href":"https:\/\/www.makivvik.ca\/fr\/wp-json\/wp\/v2\/media?parent=4669"}],"curies":[{"name":"wp","href":"https:\/\/api.w.org\/{rel}","templated":true}]}}