{"id":4660,"date":"2013-02-27T11:18:37","date_gmt":"2013-02-27T11:18:37","guid":{"rendered":"http:\/\/www.makivik.org\/division-construction\/"},"modified":"2023-05-31T10:32:19","modified_gmt":"2023-05-31T14:32:19","slug":"construction","status":"publish","type":"page","link":"https:\/\/www.makivvik.ca\/fr\/construction\/","title":{"rendered":"Division Construction"},"content":{"rendered":"<p><span lang=\"fr-CA\"><span lang=\"en-US\"><img data-recalc-dims=\"1\" loading=\"lazy\" decoding=\"async\" class=\"size-medium wp-image-5804 alignleft\" src=\"https:\/\/i0.wp.com\/www.makivvik.ca\/wp-content\/uploads\/2018\/09\/IVU-2-Medium.jpg?resize=300%2C225\" alt=\"\" width=\"300\" height=\"225\"><\/span>Comme la population du Nunavik est jeune et s\u2019accro\u00eet rapidement, il demeure prioritaire pour Makivvik, l\u2019Administration r\u00e9gionale Kativik (ARK), l\u2019Office municipal d\u2019habitation Kativik (OMHK) et les gouvernements f\u00e9d\u00e9ral et provincial d\u2019offrir des logements ad\u00e9quats.<\/span><\/p>\n<p><span lang=\"fr-CA\">La Division de la construction de Makivvik en est \u00e0 sa quatri\u00e8me entente quinquennale conclue avec le gouvernement du Canada et le gouvernement du Qu\u00e9bec en vue de construire des logements sociaux dans les 14 communaut\u00e9s du Nunavik, et ce, afin de tenter de pallier la p\u00e9nurie de logements qui perdure dans la r\u00e9gion.<\/span><\/p>\n<ol>\n<li><span lang=\"fr-CA\">L\u2019entente quinquennale en vigueur a \u00e9t\u00e9 sign\u00e9e en&nbsp;2017 par le gouvernement du Canada, le gouvernement du Qu\u00e9bec, l\u2019OMHK, l\u2019ARK et Makivvik. Elle est assortie d\u2019une enveloppe d\u2019environ 125&nbsp;millions de dollars sur une p\u00e9riode de cinq ans.<\/span><\/li>\n<\/ol>\n<p><span lang=\"fr-CA\">La Division de la construction est charg\u00e9e de mettre en \u0153uvre le programme de construction de logements sociaux au Nunavik. Son principal objectif est de faire en sorte que les travaux de construction soient de qualit\u00e9 et r\u00e9alis\u00e9s selon les r\u00e8gles de l\u2019art tout en maximisant les possibilit\u00e9s d\u2019emploi pour les Inuits du Nunavik, en offrant de la formation, au besoin, et en encourageant le plus possible l\u2019\u00e9conomie locale.<\/span><\/p>\n<p><strong><span lang=\"fr-CA\">Renseignements additionnels&nbsp;:<br \/>\n<\/span><\/strong><span lang=\"fr-CA\">T\u00e9l. 514-745-8880<\/span><\/p>\n<p>Ou \u00e9crivez-nous en utilisant notre<a href=\"https:\/\/www.makivvik.ca\/contact\/\"> formulaire de contact<\/a><\/p>\n","protected":false},"excerpt":{"rendered":"<p>Comme la population du Nunavik est jeune et s\u2019accro\u00eet rapidement, il demeure prioritaire pour Makivvik, l\u2019Administration r\u00e9gionale Kativik (ARK), l\u2019Office municipal d\u2019habitation Kativik (OMHK) et les<span class=\"excerpt-hellip\"> [\u2026]<\/span><\/p>\n","protected":false},"author":9,"featured_media":0,"parent":0,"menu_order":0,"comment_status":"closed","ping_status":"closed","template":"","meta":{"_acf_changed":false,"footnotes":""},"class_list":["post-4660","page","type-page","status-publish","hentry"],"acf":[],"jetpack_shortlink":"https:\/\/wp.me\/P7v1Zk-1da","jetpack_sharing_enabled":true,"_links":{"self":[{"href":"https:\/\/www.makivvik.ca\/fr\/wp-json\/wp\/v2\/pages\/4660","targetHints":{"allow":["GET"]}}],"collection":[{"href":"https:\/\/www.makivvik.ca\/fr\/wp-json\/wp\/v2\/pages"}],"about":[{"href":"https:\/\/www.makivvik.ca\/fr\/wp-json\/wp\/v2\/types\/page"}],"author":[{"embeddable":true,"href":"https:\/\/www.makivvik.ca\/fr\/wp-json\/wp\/v2\/users\/9"}],"replies":[{"embeddable":true,"href":"https:\/\/www.makivvik.ca\/fr\/wp-json\/wp\/v2\/comments?post=4660"}],"version-history":[{"count":5,"href":"https:\/\/www.makivvik.ca\/fr\/wp-json\/wp\/v2\/pages\/4660\/revisions"}],"predecessor-version":[{"id":16200,"href":"https:\/\/www.makivvik.ca\/fr\/wp-json\/wp\/v2\/pages\/4660\/revisions\/16200"}],"wp:attachment":[{"href":"https:\/\/www.makivvik.ca\/fr\/wp-json\/wp\/v2\/media?parent=4660"}],"curies":[{"name":"wp","href":"https:\/\/api.w.org\/{rel}","templated":true}]}}