{"id":4657,"date":"2013-02-26T13:37:04","date_gmt":"2013-02-26T13:37:04","guid":{"rendered":"http:\/\/www.makivik.org\/developpement-social\/"},"modified":"2023-02-24T17:27:31","modified_gmt":"2023-02-24T21:27:31","slug":"developpement-social","status":"publish","type":"page","link":"https:\/\/www.makivvik.ca\/fr\/developpement-social\/","title":{"rendered":"D\u00e9veloppement social"},"content":{"rendered":"<p><a href=\"https:\/\/i0.wp.com\/www.makivvik.ca\/wp-content\/uploads\/2013\/02\/social-development.jpg\"><img data-recalc-dims=\"1\" loading=\"lazy\" decoding=\"async\" class=\"alignleft size-medium wp-image-452\" alt=\"social-development\" src=\"https:\/\/i0.wp.com\/www.makivvik.ca\/wp-content\/uploads\/2013\/02\/social-development-300x199.jpg?resize=300%2C199\" width=\"300\" height=\"199\" \/><\/a><\/p>\n<p>Le d\u00e9veloppement social au Nunavik doit \u00eatre consid\u00e9r\u00e9 dans un contexte de partenariat entre des organismes, dont Makivvik, le gouvernement du Qu\u00e9bec et l\u2019Administration r\u00e9gionale Kativik (ARK).<\/p>\n<p>D\u2019une mani\u00e8re g\u00e9n\u00e9rale, la responsabilit\u00e9 relative aux politiques, aux programmes et aux services sociaux a continu\u00e9 de reposer sur le gouvernement du Qu\u00e9bec et la R\u00e9gie r\u00e9gionale de la sant\u00e9 et des services sociaux du Nunavik (RRSSSN) apr\u00e8s la signature de la Convention de la Baie James et du Nord qu\u00e9b\u00e9cois. Toutefois, Makivvik a inclus le d\u00e9veloppement social dans son mandat en s\u2019engageant \u00e0 assurer la sant\u00e9 et le bien-\u00eatre des Inuit du Nunavik.<\/p>\n<blockquote><p>Au cours des 30 derni\u00e8res ann\u00e9es, Makivvik a investi pas moins de 100 millions de dollars dans des programmes communautaires et de d\u00e9veloppement social, que ce soit dans la construction de gymnases, d\u2019ar\u00e9nas et de piscines ou la mise sur pied de camps pour les jeunes.<\/p><\/blockquote>\n<p>Il n\u2019est donc pas surprenant que Makivvik maintienne un engagement ferme \u00e0 l\u2019\u00e9gard de ce mandat de base. En fait, Makivvik participe au financement du d\u00e9veloppement social et communautaire au Nunavik avec l\u2019ARK, la RRSSSN et le gouvernement provincial.<\/p>\n<p>Au cours des 30 derni\u00e8res ann\u00e9es, Makivvik a investi pas moins de 100 millions de dollars dans des programmes communautaires et de d\u00e9veloppement social, que ce soit dans la construction de gymnases, d\u2019ar\u00e9nas et de piscines ou la mise sur pied de camps pour les jeunes. Tous ces projets avaient pour objectif d\u2019offrir aux jeunes une certaine structure et des programmes favorisant leur \u00e9panouissement. Dans la r\u00e9alisation de ce mandat, Makivvik a aussi investi massivement dans les programmes destin\u00e9s aux a\u00een\u00e9s du Nunavik.<\/p>\n<p>En outre, Makivvik soutient \u00e9galement l\u2019Association des jeunes Saputiit, ainsi que l\u2019Association des femmes inuit du Nunavik Saturviit. Saturviit, qui signifie \u00ab celles qui donnent de l\u2019espoir \u00bb, a \u00e9t\u00e9 cr\u00e9\u00e9e en 2005 par 14 femmes inuit du Nunavik qui s\u2019\u00e9taient r\u00e9unies \u00e0 Puvirnituq pour discuter des conditions sociales des femmes dans leur communaut\u00e9. Leurs pr\u00e9occupations portent notamment sur la violence familiale, le r\u00f4le parental, l\u2019\u00e9ducation, la langue inuktitut, la d\u00e9fense des droits des enfants, la n\u00e9cessit\u00e9 d\u2019organiser des ateliers de gu\u00e9rison adapt\u00e9s aux Inuit et le taux de suicide \u00e9lev\u00e9 chez les jeunes. Saturviit a \u00e9galement adopt\u00e9 un manifeste contre la violence au Nunavik.<\/p>\n","protected":false},"excerpt":{"rendered":"<p>Le d\u00e9veloppement social au Nunavik doit \u00eatre consid\u00e9r\u00e9 dans un contexte de partenariat entre des organismes, dont Makivvik, le gouvernement du Qu\u00e9bec et l\u2019Administration r\u00e9gionale Kativik<span class=\"excerpt-hellip\"> [\u2026]<\/span><\/p>\n","protected":false},"author":9,"featured_media":0,"parent":0,"menu_order":0,"comment_status":"closed","ping_status":"closed","template":"","meta":{"_acf_changed":false,"footnotes":""},"class_list":["post-4657","page","type-page","status-publish","hentry"],"acf":[],"jetpack_shortlink":"https:\/\/wp.me\/P7v1Zk-1d7","jetpack_sharing_enabled":true,"_links":{"self":[{"href":"https:\/\/www.makivvik.ca\/fr\/wp-json\/wp\/v2\/pages\/4657","targetHints":{"allow":["GET"]}}],"collection":[{"href":"https:\/\/www.makivvik.ca\/fr\/wp-json\/wp\/v2\/pages"}],"about":[{"href":"https:\/\/www.makivvik.ca\/fr\/wp-json\/wp\/v2\/types\/page"}],"author":[{"embeddable":true,"href":"https:\/\/www.makivvik.ca\/fr\/wp-json\/wp\/v2\/users\/9"}],"replies":[{"embeddable":true,"href":"https:\/\/www.makivvik.ca\/fr\/wp-json\/wp\/v2\/comments?post=4657"}],"version-history":[{"count":2,"href":"https:\/\/www.makivvik.ca\/fr\/wp-json\/wp\/v2\/pages\/4657\/revisions"}],"predecessor-version":[{"id":15906,"href":"https:\/\/www.makivvik.ca\/fr\/wp-json\/wp\/v2\/pages\/4657\/revisions\/15906"}],"wp:attachment":[{"href":"https:\/\/www.makivvik.ca\/fr\/wp-json\/wp\/v2\/media?parent=4657"}],"curies":[{"name":"wp","href":"https:\/\/api.w.org\/{rel}","templated":true}]}}