{"id":4654,"date":"2013-02-26T13:24:15","date_gmt":"2013-02-26T13:24:15","guid":{"rendered":"http:\/\/www.makivik.org\/en-fr\/"},"modified":"2023-02-24T17:20:01","modified_gmt":"2023-02-24T21:20:01","slug":"parnasimautik","status":"publish","type":"page","link":"https:\/\/www.makivvik.ca\/fr\/actuellement\/parnasimautik\/","title":{"rendered":"Parnasimautik"},"content":{"rendered":"<div id=\"attachment_444\" style=\"width: 310px\" class=\"wp-caption alignleft\"><a href=\"http:\/\/parnasimautik.com\/\"><img data-recalc-dims=\"1\" loading=\"lazy\" decoding=\"async\" aria-describedby=\"caption-attachment-444\" class=\"size-medium wp-image-444\" src=\"https:\/\/i0.wp.com\/www.makivvik.ca\/wp-content\/uploads\/2013\/02\/parnasimautik-300x149.png?resize=300%2C149\" alt=\"parnasimautik\" width=\"300\" height=\"149\" srcset=\"https:\/\/i0.wp.com\/www.makivvik.ca\/wp-content\/uploads\/2013\/02\/parnasimautik.png?resize=300%2C149&amp;ssl=1 300w, https:\/\/i0.wp.com\/www.makivvik.ca\/wp-content\/uploads\/2013\/02\/parnasimautik.png?resize=1024%2C508&amp;ssl=1 1024w, https:\/\/i0.wp.com\/www.makivvik.ca\/wp-content\/uploads\/2013\/02\/parnasimautik.png?resize=940%2C470&amp;ssl=1 940w, https:\/\/i0.wp.com\/www.makivvik.ca\/wp-content\/uploads\/2013\/02\/parnasimautik.png?resize=470%2C235&amp;ssl=1 470w, https:\/\/i0.wp.com\/www.makivvik.ca\/wp-content\/uploads\/2013\/02\/parnasimautik.png?w=1542&amp;ssl=1 1542w\" sizes=\"auto, (max-width:767px) 300px, 300px\" \/><\/a><p id=\"caption-attachment-444\" class=\"wp-caption-text\">Cliquez sur l&#8217;image pour visiter le site Parnasimautik Workshop<\/p><\/div>\n<p><span lang=\"fr-CA\">Les Nunavimmiuts connaissent bien les d\u00e9fis que pose le d\u00e9veloppement. La Convention de la Baie\u2011James et du Nord qu\u00e9b\u00e9cois sign\u00e9e en\u00a01975 reconna\u00eet les droits des Inuits du Nunavik sur notre vaste territoire et nous conf\u00e8re un statut juridique et un syst\u00e8me de gouvernance sp\u00e9cial. L\u2019Entente Sanarrutik sign\u00e9e en\u00a02002 a \u00e9tabli une nouvelle relation de nation \u00e0 nation entre le Nunavik et le Qu\u00e9bec et propose une vision commune du d\u00e9veloppement \u00e9conomique et communautaire. Toutefois, comme la demande internationale de ressources min\u00e9rales et hydro\u00e9lectriques devrait augmenter de mani\u00e8re significative, des efforts doivent \u00eatre d\u00e9ploy\u00e9s maintenant pour que le d\u00e9veloppement ne menace pas notre avenir.<\/span><\/p>\n<p><span lang=\"fr-CA\">Parnasimautik offre l\u2019occasion \u00e0 tous les Nunavimmiuts d\u2019examiner les multiples secteurs de notre vie quotidienne (Qui nous sommes, Nos communaut\u00e9s et Notre r\u00e9gion) et propose un mod\u00e8le de d\u00e9veloppement durable qui est acceptable pour nous tous.<\/span><\/p>\n<p><span lang=\"fr-CA\">Parnasimautik est un outil \u00e0 l\u2019intention des Nunavimmiuts. Il s\u2019agit d\u2019un processus visant \u00e0 d\u00e9finir une vision globale du d\u00e9veloppement de notre r\u00e9gion. Une vision o\u00f9 le mode de vie traditionnel des Inuits (notre culture, notre identit\u00e9 et notre langue) et l\u2019environnement seront prot\u00e9g\u00e9s et mis en valeur, et par laquelle les Nunavimmiuts d\u00e9termineront \u00e0 quelles conditions notre r\u00e9gion se d\u00e9veloppera.<\/span><\/p>\n<p><span lang=\"fr-CA\">Nous vous encourageons \u00e0 visiter le site Web de Parnasimautik pour avoir une id\u00e9e de l\u2019\u00e9norme travail que nous avons accompli ensemble pendant les consultations tenues en\u00a02014 et depuis. Parnasimautik est un processus qui se poursuit.<\/span><\/p>\n<h3><a href=\"http:\/\/parnasimautik.com\/\" target=\"_blank\" rel=\"noopener\">Cliquez ici pour visiter le site Parnasimautik Workshop<\/a><\/h3>\n","protected":false},"excerpt":{"rendered":"<p>Les Nunavimmiuts connaissent bien les d\u00e9fis que pose le d\u00e9veloppement. La Convention de la Baie\u2011James et du Nord qu\u00e9b\u00e9cois sign\u00e9e en\u00a01975 reconna\u00eet les droits des Inuits<span class=\"excerpt-hellip\"> [\u2026]<\/span><\/p>\n","protected":false},"author":9,"featured_media":0,"parent":4570,"menu_order":0,"comment_status":"closed","ping_status":"closed","template":"","meta":{"_acf_changed":false,"footnotes":""},"class_list":["post-4654","page","type-page","status-publish","hentry"],"acf":[],"jetpack_shortlink":"https:\/\/wp.me\/P7v1Zk-1d4","jetpack_sharing_enabled":true,"_links":{"self":[{"href":"https:\/\/www.makivvik.ca\/fr\/wp-json\/wp\/v2\/pages\/4654","targetHints":{"allow":["GET"]}}],"collection":[{"href":"https:\/\/www.makivvik.ca\/fr\/wp-json\/wp\/v2\/pages"}],"about":[{"href":"https:\/\/www.makivvik.ca\/fr\/wp-json\/wp\/v2\/types\/page"}],"author":[{"embeddable":true,"href":"https:\/\/www.makivvik.ca\/fr\/wp-json\/wp\/v2\/users\/9"}],"replies":[{"embeddable":true,"href":"https:\/\/www.makivvik.ca\/fr\/wp-json\/wp\/v2\/comments?post=4654"}],"version-history":[{"count":3,"href":"https:\/\/www.makivvik.ca\/fr\/wp-json\/wp\/v2\/pages\/4654\/revisions"}],"predecessor-version":[{"id":15370,"href":"https:\/\/www.makivvik.ca\/fr\/wp-json\/wp\/v2\/pages\/4654\/revisions\/15370"}],"up":[{"embeddable":true,"href":"https:\/\/www.makivvik.ca\/fr\/wp-json\/wp\/v2\/pages\/4570"}],"wp:attachment":[{"href":"https:\/\/www.makivvik.ca\/fr\/wp-json\/wp\/v2\/media?parent=4654"}],"curies":[{"name":"wp","href":"https:\/\/api.w.org\/{rel}","templated":true}]}}