{"id":4651,"date":"2013-02-26T12:44:53","date_gmt":"2013-02-26T12:44:53","guid":{"rendered":"http:\/\/www.makivik.org\/chaire-de-recherche-en-developpement-durable\/"},"modified":"2023-02-24T17:20:01","modified_gmt":"2023-02-24T21:20:01","slug":"chaire-de-recherche-en-developpement-durable","status":"publish","type":"page","link":"https:\/\/www.makivvik.ca\/fr\/chaire-de-recherche-en-developpement-durable\/","title":{"rendered":"Chaire de recherche en d\u00e9veloppement durable"},"content":{"rendered":"<p><strong><a href=\"https:\/\/i0.wp.com\/www.makivvik.ca\/wp-content\/uploads\/2013\/02\/research-chair.png\"><img data-recalc-dims=\"1\" loading=\"lazy\" decoding=\"async\" class=\"alignleft size-medium wp-image-437\" alt=\"research-chair\" src=\"https:\/\/i0.wp.com\/www.makivvik.ca\/wp-content\/uploads\/2013\/02\/research-chair-300x168.png?resize=300%2C168\" width=\"300\" height=\"168\" srcset=\"https:\/\/i0.wp.com\/www.makivvik.ca\/wp-content\/uploads\/2013\/02\/research-chair.png?resize=300%2C168&amp;ssl=1 300w, https:\/\/i0.wp.com\/www.makivvik.ca\/wp-content\/uploads\/2013\/02\/research-chair.png?resize=470%2C264&amp;ssl=1 470w, https:\/\/i0.wp.com\/www.makivvik.ca\/wp-content\/uploads\/2013\/02\/research-chair.png?w=849&amp;ssl=1 849w\" sizes=\"auto, (max-width:767px) 300px, 300px\" \/><\/a><\/strong>Le Nord poss\u00e8de un potentiel \u00e9conomique, culturel et symbolique immense et son d\u00e9veloppement est, depuis les ann\u00e9es cinquante, un des moteurs de l\u2019\u00e9conomie du Canada. Cependant, si les ressources du Nord ont clairement profit\u00e9 au sud du pays, les retomb\u00e9es ont \u00e9t\u00e9\u00a0 plus limit\u00e9es pour les habitants du Nord, soit les communaut\u00e9s autochtones et les nouvelles communaut\u00e9s n\u00e9es de l\u2019exploitation des ressources. Ces communaut\u00e9s sont caract\u00e9ris\u00e9es par leur position p\u00e9riph\u00e9rique par rapport aux prises de d\u00e9cisions et par le besoin d\u2019une plus grande implication dans le d\u00e9veloppement des ressources. En fait, le Nord est une r\u00e9gion qui fait face \u00e0 des d\u00e9fis importants de d\u00e9veloppement. Dans le cas des populations autochtones, on assiste \u00e0 une importante croissance d\u00e9mographique accompagn\u00e9e de nombreux probl\u00e8mes sociaux.<\/p>\n<p>La Chaire de recherche sur le d\u00e9veloppement durable du Nord vise \u00e0\u00a0 am\u00e9liorer la connaissance des enjeux du Nord et \u00e0 repenser les mod\u00e8les de d\u00e9veloppement pour \u00e9clairer la prise de d\u00e9cision en termes de d\u00e9veloppement durable pour les gouvernements provincial et f\u00e9d\u00e9ral, les administrations r\u00e9gionales du Nunavik et les organisations inuites.<\/p>\n<p><div class=\"button_align align_left\"><a class=\"button  button_left button_size_m\" href=\"\"         title=\"\"><span class=\"button_icon\"><i class=\"icon-download\"  aria-hidden=\"true\"><\/i><\/span><span class=\"button_label\">Button<\/span><\/a><\/div>\n\u00a0pour t\u00e9l\u00e9charger le programme.<\/p>\n<p><div class=\"button_align align_left\"><a class=\"button  button_left button_size_m\" href=\"\"         title=\"\"><span class=\"button_icon\"><i class=\"icon-download\"  aria-hidden=\"true\"><\/i><\/span><span class=\"button_label\">Button<\/span><\/a><\/div>\n\u00a0pour t\u00e9l\u00e9charger le communiqu\u00e9 de presse.<\/p>\n","protected":false},"excerpt":{"rendered":"<p>Le Nord poss\u00e8de un potentiel \u00e9conomique, culturel et symbolique immense et son d\u00e9veloppement est, depuis les ann\u00e9es cinquante, un des moteurs de l\u2019\u00e9conomie du Canada. Cependant,<span class=\"excerpt-hellip\"> [\u2026]<\/span><\/p>\n","protected":false},"author":9,"featured_media":0,"parent":0,"menu_order":0,"comment_status":"closed","ping_status":"closed","template":"","meta":{"_acf_changed":false,"footnotes":""},"class_list":["post-4651","page","type-page","status-publish","hentry"],"acf":[],"jetpack_shortlink":"https:\/\/wp.me\/P7v1Zk-1d1","jetpack_sharing_enabled":true,"_links":{"self":[{"href":"https:\/\/www.makivvik.ca\/fr\/wp-json\/wp\/v2\/pages\/4651","targetHints":{"allow":["GET"]}}],"collection":[{"href":"https:\/\/www.makivvik.ca\/fr\/wp-json\/wp\/v2\/pages"}],"about":[{"href":"https:\/\/www.makivvik.ca\/fr\/wp-json\/wp\/v2\/types\/page"}],"author":[{"embeddable":true,"href":"https:\/\/www.makivvik.ca\/fr\/wp-json\/wp\/v2\/users\/9"}],"replies":[{"embeddable":true,"href":"https:\/\/www.makivvik.ca\/fr\/wp-json\/wp\/v2\/comments?post=4651"}],"version-history":[{"count":2,"href":"https:\/\/www.makivvik.ca\/fr\/wp-json\/wp\/v2\/pages\/4651\/revisions"}],"predecessor-version":[{"id":15367,"href":"https:\/\/www.makivvik.ca\/fr\/wp-json\/wp\/v2\/pages\/4651\/revisions\/15367"}],"wp:attachment":[{"href":"https:\/\/www.makivvik.ca\/fr\/wp-json\/wp\/v2\/media?parent=4651"}],"curies":[{"name":"wp","href":"https:\/\/api.w.org\/{rel}","templated":true}]}}