{"id":4648,"date":"2013-02-26T12:24:12","date_gmt":"2013-02-26T12:24:12","guid":{"rendered":"http:\/\/www.makivik.org\/en-fr\/"},"modified":"2023-02-24T17:20:00","modified_gmt":"2023-02-24T21:20:00","slug":"dinfrastructures-maritimes","status":"publish","type":"page","link":"https:\/\/www.makivvik.ca\/fr\/dinfrastructures-maritimes\/","title":{"rendered":"D\u2019infrastructures maritimes"},"content":{"rendered":"<p><a href=\"https:\/\/i0.wp.com\/www.makivvik.ca\/wp-content\/uploads\/2013\/02\/marine_infrastructure.jpg\"><img data-recalc-dims=\"1\" loading=\"lazy\" decoding=\"async\" class=\"alignleft size-medium wp-image-427\" src=\"https:\/\/i0.wp.com\/www.makivvik.ca\/wp-content\/uploads\/2013\/02\/marine_infrastructure-300x180.jpg?resize=300%2C180\" alt=\"marine_infrastructure\" width=\"300\" height=\"180\" srcset=\"https:\/\/i0.wp.com\/www.makivvik.ca\/wp-content\/uploads\/2013\/02\/marine_infrastructure.jpg?resize=300%2C180&amp;ssl=1 300w, https:\/\/i0.wp.com\/www.makivvik.ca\/wp-content\/uploads\/2013\/02\/marine_infrastructure.jpg?resize=1024%2C616&amp;ssl=1 1024w, https:\/\/i0.wp.com\/www.makivvik.ca\/wp-content\/uploads\/2013\/02\/marine_infrastructure.jpg?resize=940%2C565&amp;ssl=1 940w, https:\/\/i0.wp.com\/www.makivvik.ca\/wp-content\/uploads\/2013\/02\/marine_infrastructure.jpg?resize=470%2C282&amp;ssl=1 470w, https:\/\/i0.wp.com\/www.makivvik.ca\/wp-content\/uploads\/2013\/02\/marine_infrastructure.jpg?w=1886&amp;ssl=1 1886w\" sizes=\"auto, (max-width:767px) 300px, 300px\" \/><\/a>Les 14 communaut\u00e9s du Nunavik sont d\u2019abord et avant tout des villages c\u00f4tiers qui doivent pouvoir compter sur un acc\u00e8s s\u00e9curitaire et fiable \u00e0 la mer pour assurer leur d\u00e9veloppement \u00e9conomique et pratiquer leurs activit\u00e9s de chasse, de p\u00eache et de cueillette de subsistance, de m\u00eame que leurs activit\u00e9s de loisirs.\u00a0Autrement dit, l\u2019acc\u00e8s \u00e0 la mer au Nunavik rev\u00eat une importance tout aussi grande que les autoroutes ou le transport en commun dans les milieux urbains du sud.<\/p>\n<blockquote><p>En l998, Makivvik a conclu une entente avec le gouvernement f\u00e9d\u00e9ral concernant le financement d\u2019une premi\u00e8re phase d\u2019un programme de construction d\u2019infrastructures maritimes dans chacune des 14 communaut\u00e9s.<\/p><\/blockquote>\n<p>En l998, Makivvik a conclu une entente avec le gouvernement f\u00e9d\u00e9ral concernant le financement d\u2019une premi\u00e8re phase d\u2019un programme de construction d\u2019infrastructures maritimes dans chacune des 14 communaut\u00e9s. La Soci\u00e9t\u00e9 a alors cr\u00e9\u00e9 une division de la construction pour r\u00e9aliser le Programme d\u2019infrastructures maritimes au Nunavik. Cette nouvelle division s\u2019est ensuite lanc\u00e9e dans la construction d\u2019habitations sociales. En une d\u00e9cennie, des infrastructures maritimes ont \u00e9t\u00e9 construites dans toutes les communaut\u00e9s, de mani\u00e8re \u00e0 r\u00e9pondre aux besoins uniques de chacune d\u2019elles, ainsi qu\u2019\u00e0 diverses exigences en mati\u00e8re de mar\u00e9es, de courants, de vagues, de mouvements des glaces et des conditions m\u00e9t\u00e9orologiques variables.<\/p>\n<p>Le gouvernement provincial a entre-temps accept\u00e9 de participer \u00e0 une deuxi\u00e8me phase du Programme d\u2019infrastructures maritimes. Une fois cette deuxi\u00e8me phase termin\u00e9e, les gouvernements f\u00e9d\u00e9ral et provincial auront contribu\u00e9 chacun environ 44 millions de dollars \u00e0 cet important projet de d\u00e9veloppement du Nunavik.<\/p>\n<p>La deuxi\u00e8me phase du Programme est en cours de r\u00e9alisation et consiste \u00e0 effectuer certains travaux aux infrastructures maritimes, afin de faciliter les op\u00e9rations de ravitaillement par bateau et d\u2019am\u00e9liorer les installations d\u2019amarrage des bateaux de p\u00eache et des bateaux de recherche et de sauvetage.<\/p>\n<p>Chaque ann\u00e9e, de la machinerie lourde, comprenant des camions, des bouteurs, des excavatrices et des concasseurs, est exp\u00e9di\u00e9e dans deux autres villages pour r\u00e9aliser les travaux de la deuxi\u00e8me phase du Programme d\u2019infrastructures maritimes.<\/p>\n<p>Non seulement la construction d\u2019infrastructures r\u00e9pond \u00e0 un important objectif de Makivvik, soit de d\u00e9velopper des communaut\u00e9s viables et plus fortes, mais elle permet aussi d\u2019injecter des sommes consid\u00e9rables dans les communaut\u00e9s et de cr\u00e9er des emplois; en effet, environ 70 % des travailleurs qui r\u00e9alisent les travaux dans le cadre du Programme d\u2019infrastructures maritimes sont des Inuit.<\/p>\n<p>En plus de construire et d\u2019am\u00e9liorer les infrastructures maritimes, la Division de la construction de Makivvik est souvent appel\u00e9e \u00e0 r\u00e9aliser certains travaux d\u2019am\u00e9lioration dans les communaut\u00e9s, dont la production de pierre concass\u00e9e et l\u2019am\u00e9nagement de radiers devant servir de fondation \u00e0 des habitations et \u00e0 d\u2019autres projets de construction.<\/p>\n","protected":false},"excerpt":{"rendered":"<p>Les 14 communaut\u00e9s du Nunavik sont d\u2019abord et avant tout des villages c\u00f4tiers qui doivent pouvoir compter sur un acc\u00e8s s\u00e9curitaire et fiable \u00e0 la mer<span class=\"excerpt-hellip\"> [\u2026]<\/span><\/p>\n","protected":false},"author":9,"featured_media":0,"parent":0,"menu_order":0,"comment_status":"closed","ping_status":"closed","template":"","meta":{"_acf_changed":false,"footnotes":""},"class_list":["post-4648","page","type-page","status-publish","hentry"],"acf":[],"jetpack_shortlink":"https:\/\/wp.me\/P7v1Zk-1cY","jetpack_sharing_enabled":true,"_links":{"self":[{"href":"https:\/\/www.makivvik.ca\/fr\/wp-json\/wp\/v2\/pages\/4648","targetHints":{"allow":["GET"]}}],"collection":[{"href":"https:\/\/www.makivvik.ca\/fr\/wp-json\/wp\/v2\/pages"}],"about":[{"href":"https:\/\/www.makivvik.ca\/fr\/wp-json\/wp\/v2\/types\/page"}],"author":[{"embeddable":true,"href":"https:\/\/www.makivvik.ca\/fr\/wp-json\/wp\/v2\/users\/9"}],"replies":[{"embeddable":true,"href":"https:\/\/www.makivvik.ca\/fr\/wp-json\/wp\/v2\/comments?post=4648"}],"version-history":[{"count":4,"href":"https:\/\/www.makivvik.ca\/fr\/wp-json\/wp\/v2\/pages\/4648\/revisions"}],"predecessor-version":[{"id":15361,"href":"https:\/\/www.makivvik.ca\/fr\/wp-json\/wp\/v2\/pages\/4648\/revisions\/15361"}],"wp:attachment":[{"href":"https:\/\/www.makivvik.ca\/fr\/wp-json\/wp\/v2\/media?parent=4648"}],"curies":[{"name":"wp","href":"https:\/\/api.w.org\/{rel}","templated":true}]}}