{"id":4645,"date":"2013-02-26T07:52:13","date_gmt":"2013-02-26T07:52:13","guid":{"rendered":"http:\/\/www.makivik.org\/gouvernement-du-nunavik\/"},"modified":"2023-02-24T17:19:59","modified_gmt":"2023-02-24T21:19:59","slug":"gouvernement-du-nunavik","status":"publish","type":"page","link":"https:\/\/www.makivvik.ca\/fr\/gouvernement-du-nunavik\/","title":{"rendered":"Gouvernement du Nunavik"},"content":{"rendered":"<p><a href=\"https:\/\/i0.wp.com\/www.makivvik.ca\/wp-content\/uploads\/2013\/02\/proposed-timeline.png\"><img data-recalc-dims=\"1\" loading=\"lazy\" decoding=\"async\" class=\"alignleft size-medium wp-image-417\" alt=\"proposed-timeline\" src=\"https:\/\/i0.wp.com\/www.makivvik.ca\/wp-content\/uploads\/2013\/02\/proposed-timeline-300x180.png?resize=300%2C180\" width=\"300\" height=\"180\" srcset=\"https:\/\/i0.wp.com\/www.makivvik.ca\/wp-content\/uploads\/2013\/02\/proposed-timeline.png?resize=300%2C180&amp;ssl=1 300w, https:\/\/i0.wp.com\/www.makivvik.ca\/wp-content\/uploads\/2013\/02\/proposed-timeline.png?resize=470%2C282&amp;ssl=1 470w, https:\/\/i0.wp.com\/www.makivvik.ca\/wp-content\/uploads\/2013\/02\/proposed-timeline.png?w=837&amp;ssl=1 837w\" sizes=\"auto, (max-width:767px) 300px, 300px\" \/><\/a>En mati\u00e8re de d\u00e9veloppement politique, l\u2019autonomie gouvernementale au Nunavik constitue une autre \u00ab r\u00e9volution tranquille \u00bb au Qu\u00e9bec, en ce sens qu\u2019elle fait sont chemin lentement, mais s\u00fbrement, et ce, depuis avant m\u00eame la signature de la Convention de la Baie-James et du Nord qu\u00e9b\u00e9cois (CBJNQ) en 1975.<\/p>\n<blockquote><p>En mati\u00e8re de d\u00e9veloppement politique, l\u2019autonomie gouvernementale au Nunavik constitue une autre \u00ab r\u00e9volution tranquille \u00bb au Qu\u00e9bec, en ce sens qu\u2019elle fait sont chemin lentement, mais s\u00fbrement, et ce, depuis avant m\u00eame la signature de la Convention de la Baie-James et du Nord qu\u00e9b\u00e9cois (CBJNQ) en 1975.<\/p><\/blockquote>\n<p>D\u00e8s 1960, alors que la commission f\u00e9d\u00e9rale-provinciale sur le Qu\u00e9bec arctique tentait de d\u00e9terminer si les Inuit du Nunavik se consid\u00e9raient sous le r\u00e9gime provincial ou f\u00e9d\u00e9ral, la r\u00e9ponse des Inuit a \u00e9t\u00e9 on ne peut plus claire et simple : \u00ab ni l\u2019un, ni l\u2019autre; nous voulons nous gouverner nous-m\u00eames \u00bb.<\/p>\n<p>Bien que les Inuit aient tent\u00e9 \u00e0 plusieurs reprises au d\u00e9but des ann\u00e9es 1990 de n\u00e9gocier l\u2019\u00e9tablissement d\u2019un gouvernement, les n\u00e9gociations qui avaient \u00e9t\u00e9 entam\u00e9es ont soit \u00e9chou\u00e9, soit \u00e9t\u00e9 mises en veilleuse en raison du climat politique qui r\u00e9gnait au Qu\u00e9bec \u00e0 ce moment-l\u00e0. Les n\u00e9gociations sur l\u2019autonomie gouvernementale au Nunavik ont officiellement \u00e9t\u00e9 relanc\u00e9es avec les gouvernements f\u00e9d\u00e9ral et provincial en 2002. Puis, le 5 d\u00e9cembre 2007, les Inuit du Qu\u00e9bec, le gouvernement du Qu\u00e9bec et le gouvernement du Canada ont sign\u00e9 \u00e0 Qu\u00e9bec une entente de principe sur la cr\u00e9ation d\u2019un gouvernement r\u00e9gional au Nunavik.<\/p>\n<p>Ce ne sera pas un gouvernement inuit, mais un gouvernement populaire repr\u00e9sentant tous les citoyens du Nunavik.<\/p>\n<p>Selon l\u2019entente de principe, l\u2019Assembl\u00e9e du Nunavik sera constitu\u00e9e d\u2019au moins 21 repr\u00e9sentants \u00e9lus, provenant des 14 communaut\u00e9s. Il est pr\u00e9vu que les communaut\u00e9s de 2 000 habitants et plus auront deux repr\u00e9sentants \u00e9lus. Cinq repr\u00e9sentants \u00e9lus formeront le Conseil ex\u00e9cutif, lequel comprendra un leader \u00e9lu par la population.<\/p>\n<p>L\u2019entente de principe pr\u00e9voit la fusion de trois organismes cr\u00e9\u00e9s en vertu de la CBJNQ, soit l\u2019Administration r\u00e9gionale Kativik (ARK), qui a les pouvoirs limit\u00e9s d\u2019une municipalit\u00e9, la Commission scolaire Kativik (CSK) et la R\u00e9gie r\u00e9gionale de la sant\u00e9 et des services sociaux du Nunavik (RRSSSN), pour cr\u00e9er une nouvelle structure gouvernementale r\u00e9gionale au Nunavik. Une fois le gouvernement r\u00e9gional du Nunavik en place, il est pr\u00e9vu dans l\u2019entente qu\u2019il y aura des n\u00e9gociations pour le transfert de pouvoirs et de responsabilit\u00e9s additionnelles.<\/p>\n<p>Makivvik croit que la fusion de ces organismes et la cr\u00e9ation d\u2019une nouvelle structure gouvernementale auront pour effet d\u2019am\u00e9liorer les conditions de vie dans toutes les communaut\u00e9s du Nunavik gr\u00e2ce \u00e0 la mise en commun des ressources humaines et financi\u00e8res.<\/p>\n<p>L\u2019autonomie gouvernementale n\u2019aura pas pour effet de retirer des droits ancestraux aux Inuit du Nunavik. En effet, ces droits continueront d\u2019\u00eatre prot\u00e9g\u00e9s par Makivvik, par l\u2019entremise des dispositions de la CBJNQ sign\u00e9e en 1975 et de l\u2019Accord sur les revendications territoriales des Inuit du Nunavik qui est entr\u00e9 en vigueur en 2008, lesquelles jouissent d\u2019une protection constitutionnelle.<\/p>\n<p>Le premier ministre du Qu\u00e9bec, Jean Charest, a dit que l\u2019entente sur le gouvernement r\u00e9gional du Nunavik s\u2019inscrivait \u00ab au c\u0153ur de notre volont\u00e9 de favoriser, comme jamais auparavant, le d\u00e9veloppement socio-\u00e9conomique des communaut\u00e9s inuites \u00bb. Le ministre f\u00e9d\u00e9ral des Affaires indiennes et du Nord canadien, Chuck Strahl, pr\u00e9voit aussi que l\u2019entente am\u00e9liorera la situation et les possibilit\u00e9s socio\u00e9conomiques de la r\u00e9gion et a ajout\u00e9 que les Inuit pourront \u00ab prendre leurs propres d\u00e9cisions concernant la pr\u00e9servation et le d\u00e9veloppement de leur culture distinctive \u00bb.<\/p>\n<p>Aucune date n\u2019a encore \u00e9t\u00e9 fix\u00e9e pour la tenue de la premi\u00e8re \u00e9lection et de la premi\u00e8re s\u00e9ance de l\u2019Assembl\u00e9e du Nunavik.<\/p>\n<p>Toutes les parties entament maintenant les n\u00e9gociations et les pr\u00e9paratifs pour la conclusion de l\u2019entente finale, processus qui pourrait prendre 18 mois.<\/p>\n<p><a href=\"http:\/\/nunavikgovernment.ca\/\">http:\/\/nunavikgovernment.ca\/<\/a><\/p>\n","protected":false},"excerpt":{"rendered":"<p>En mati\u00e8re de d\u00e9veloppement politique, l\u2019autonomie gouvernementale au Nunavik constitue une autre \u00ab r\u00e9volution tranquille \u00bb au Qu\u00e9bec, en ce sens qu\u2019elle fait sont chemin lentement,<span class=\"excerpt-hellip\"> [\u2026]<\/span><\/p>\n","protected":false},"author":9,"featured_media":0,"parent":0,"menu_order":0,"comment_status":"closed","ping_status":"closed","template":"","meta":{"_acf_changed":false,"footnotes":""},"class_list":["post-4645","page","type-page","status-publish","hentry"],"acf":[],"jetpack_shortlink":"https:\/\/wp.me\/P7v1Zk-1cV","jetpack_sharing_enabled":true,"_links":{"self":[{"href":"https:\/\/www.makivvik.ca\/fr\/wp-json\/wp\/v2\/pages\/4645","targetHints":{"allow":["GET"]}}],"collection":[{"href":"https:\/\/www.makivvik.ca\/fr\/wp-json\/wp\/v2\/pages"}],"about":[{"href":"https:\/\/www.makivvik.ca\/fr\/wp-json\/wp\/v2\/types\/page"}],"author":[{"embeddable":true,"href":"https:\/\/www.makivvik.ca\/fr\/wp-json\/wp\/v2\/users\/9"}],"replies":[{"embeddable":true,"href":"https:\/\/www.makivvik.ca\/fr\/wp-json\/wp\/v2\/comments?post=4645"}],"version-history":[{"count":2,"href":"https:\/\/www.makivvik.ca\/fr\/wp-json\/wp\/v2\/pages\/4645\/revisions"}],"predecessor-version":[{"id":15355,"href":"https:\/\/www.makivvik.ca\/fr\/wp-json\/wp\/v2\/pages\/4645\/revisions\/15355"}],"wp:attachment":[{"href":"https:\/\/www.makivvik.ca\/fr\/wp-json\/wp\/v2\/media?parent=4645"}],"curies":[{"name":"wp","href":"https:\/\/api.w.org\/{rel}","templated":true}]}}