{"id":4642,"date":"2013-02-26T07:37:23","date_gmt":"2013-02-26T07:37:23","guid":{"rendered":"http:\/\/www.makivik.org\/en-fr\/"},"modified":"2024-10-08T16:59:25","modified_gmt":"2024-10-08T20:59:25","slug":"umiujaq","status":"publish","type":"page","link":"https:\/\/www.makivvik.ca\/fr\/umiujaq\/","title":{"rendered":"Umiujaq"},"content":{"rendered":"<p><strong>Signification :<\/strong> Qui ressemble \u00e0 un bateau<br \/>\n<strong>Population : <\/strong>541<\/p>\n<hr \/>\n<p><a href=\"https:\/\/i0.wp.com\/www.makivvik.ca\/wp-content\/uploads\/2013\/02\/Umiujak.png\"><img data-recalc-dims=\"1\" loading=\"lazy\" decoding=\"async\" id=\"exifviewer-img-1\" class=\"alignleft size-full wp-image-413\" src=\"https:\/\/i0.wp.com\/www.makivvik.ca\/wp-content\/uploads\/2013\/02\/Umiujak.png?resize=265%2C168\" alt=\"Umiujak\" width=\"265\" height=\"168\" \/><\/a>C\u2019est au pied d\u2019une colline ressemblant \u00e0 un umiaq (embarcation inuit traditionnelle fabriqu\u00e9e en peaux de morse) que le village d\u2019Umiujaq a \u00e9t\u00e9 \u00e9tabli. Le paysage est magnifique et diversifi\u00e9. Il est particuli\u00e8rement agr\u00e9able d\u2019explorer la r\u00e9gion \u00e0 pied, car le terrain aux alentours est montagneux, bien drain\u00e9 et les lacs sont peu nombreux.<\/p>\n<blockquote><p>C\u2019est au pied d\u2019une colline ressemblant \u00e0 un umiaq (embarcation inuit traditionnelle fabriqu\u00e9e en peaux de morse) que le village d\u2019Umiujaq a \u00e9t\u00e9 \u00e9tabli.<\/p><\/blockquote>\n<p>Le lac Guillaume-Delisle (Tasiujaq), situ\u00e9 \u00e0 15 km \u00e0 l\u2019est du village, est une immense baie int\u00e9rieure. Il est reli\u00e9 \u00e0 la baie d\u2019Hudson par un goulet rocheux poli par les glaciers qui ressemble \u00e0 un canyon. Les courants sont tellement forts que le goulet ne g\u00e8le m\u00eame pas en hiver. La rive ouest du lac est bord\u00e9e de plages et de falaises remarquables. Bien que les nombreuses rivi\u00e8res qui se jettent dans le lac Guillaume-Delisle rendent son eau saum\u00e2tre, il constitue en habitat sain pour les ombles de fontaine, les grands cor\u00e9gones, les phoques et les b\u00e9lugas. Cet environnement maritime prot\u00e9g\u00e9 permet \u00e9galement \u00e0 quelques \u00e9pinettes noires et m\u00e9l\u00e8zes \u00e9pars de cro\u00eetre et de d\u00e9fier la toundra qui les encercle. Sur la rive sud du lac, il est encore possible de voir les vestiges d\u2019un poste de traite de la Compagnie de la Baie d\u2019Hudson.<\/p>\n<p>Les falaises du lac Guillaume-Delisle offrent une vue splendide vers l\u2019ouest de la baie d\u2019Hudson et des \u00eeles Nastapoka situ\u00e9es \u00e0 proximit\u00e9. De nombreuses esp\u00e8ces d\u2019oiseaux, comme le plongeon huard, l\u2019eider et le faucon p\u00e8lerin, y trouvent refuge l\u2019\u00e9t\u00e9 et y construisent leur nid. Tout comme les \u00eeles Manitounuk pr\u00e8s de Kuujjuarapik, les \u00eeles Nastapoka sont, en termes g\u00e9ographiques, des cuestas. Leurs falaises rocheuses plongent \u00e0 pic dans la passe Nastapoka, dont la profondeur peut atteindre 110 m. La rivi\u00e8re Nastapoka, qui se trouve \u00e0 seulement 30 km au nord d\u2019Umiujaq, rec\u00e8le des chutes spectaculaires de 30 m de hauteur. L\u2019estuaire de la rivi\u00e8re Nastapoka constitue un endroit extraordinaire tant pour les p\u00eacheurs que pour les randonneurs.<\/p>\n<p>Situ\u00e9 \u00e0 environ 160 km au nord de Kuujjuarapik, Umiujaq a \u00e9t\u00e9 inaugur\u00e9 en 1986. Compte tenu du complexe hydro\u00e9lectrique La Grande et advenant la r\u00e9alisation du projet Grande-Baleine, les Inuit ont demand\u00e9 qu\u2019une clause de la Convention de la Baie-James et du Nord qu\u00e9b\u00e9cois sign\u00e9e en 1975 pr\u00e9voit le d\u00e9placement des Inuit de Kuujjuarapik vers le lac Guillaume-Delisle. Ces derniers se sont prononc\u00e9s par voie de r\u00e9f\u00e9rendum en 1982 en faveur de la cr\u00e9ation d\u2019une nouvelle communaut\u00e9 o\u00f9 ils pourraient pr\u00e9server leur mode de vie traditionnel dans une r\u00e9gion o\u00f9 le poisson et le gibier ne seraient pas menac\u00e9s. \u00c0 la suite de nombreuses \u00e9tudes arch\u00e9ologiques, \u00e9cologiques et d\u2019am\u00e9nagement du territoire, la construction du petit village d\u2019Umiujaq a d\u00e9but\u00e9 \u00e0 l\u2019\u00e9t\u00e9 de 1985 pour se terminer en d\u00e9cembre 1986. Pendant la p\u00e9riode de construction du village, les Inuit de Kuujjuarapik qui avaient d\u00e9cid\u00e9 de d\u00e9m\u00e9nager \u00e0 Umiujaq ont v\u00e9cu dans des tentes sur le site de leur future communaut\u00e9.<\/p>\n<h2>ATTRAITS<\/h2>\n<ul>\n<li>Le lac \u00e0 l\u2019Eau claire : troisi\u00e8me plus grand lac naturel du Qu\u00e9bec.<\/li>\n<li>Le lac des Loups marins et le Petit lac des Loups marins o\u00f9 vit une population de phoques d\u2019eau douce.<\/li>\n<li>Observation de la faune.<\/li>\n<li>Dans les bureaux du conseil municipal, on peut admirer une collection d\u2019outil et d\u2019articles de maison traditionnels, de m\u00eame que des artefacts retrouv\u00e9s au cours des fouilles arch\u00e9ologiques effectu\u00e9es avant la construction du village.<\/li>\n<\/ul>\n","protected":false},"excerpt":{"rendered":"<p>Signification : Qui ressemble \u00e0 un bateau Population : 541 C\u2019est au pied d\u2019une colline ressemblant \u00e0 un umiaq (embarcation inuit traditionnelle fabriqu\u00e9e en peaux de<span class=\"excerpt-hellip\"> [\u2026]<\/span><\/p>\n","protected":false},"author":9,"featured_media":0,"parent":0,"menu_order":0,"comment_status":"closed","ping_status":"closed","template":"","meta":{"_acf_changed":false,"footnotes":""},"class_list":["post-4642","page","type-page","status-publish","hentry"],"acf":[],"jetpack_shortlink":"https:\/\/wp.me\/P7v1Zk-1cS","jetpack_sharing_enabled":true,"_links":{"self":[{"href":"https:\/\/www.makivvik.ca\/fr\/wp-json\/wp\/v2\/pages\/4642","targetHints":{"allow":["GET"]}}],"collection":[{"href":"https:\/\/www.makivvik.ca\/fr\/wp-json\/wp\/v2\/pages"}],"about":[{"href":"https:\/\/www.makivvik.ca\/fr\/wp-json\/wp\/v2\/types\/page"}],"author":[{"embeddable":true,"href":"https:\/\/www.makivvik.ca\/fr\/wp-json\/wp\/v2\/users\/9"}],"replies":[{"embeddable":true,"href":"https:\/\/www.makivvik.ca\/fr\/wp-json\/wp\/v2\/comments?post=4642"}],"version-history":[{"count":4,"href":"https:\/\/www.makivvik.ca\/fr\/wp-json\/wp\/v2\/pages\/4642\/revisions"}],"predecessor-version":[{"id":18333,"href":"https:\/\/www.makivvik.ca\/fr\/wp-json\/wp\/v2\/pages\/4642\/revisions\/18333"}],"wp:attachment":[{"href":"https:\/\/www.makivvik.ca\/fr\/wp-json\/wp\/v2\/media?parent=4642"}],"curies":[{"name":"wp","href":"https:\/\/api.w.org\/{rel}","templated":true}]}}