{"id":4639,"date":"2013-02-26T07:31:12","date_gmt":"2013-02-26T07:31:12","guid":{"rendered":"http:\/\/www.makivik.org\/en-fr\/"},"modified":"2024-10-08T16:58:00","modified_gmt":"2024-10-08T20:58:00","slug":"tasiujaq","status":"publish","type":"page","link":"https:\/\/www.makivvik.ca\/fr\/tasiujaq\/","title":{"rendered":"Tasiujaq"},"content":{"rendered":"<p><strong>Signification :<\/strong> Qui ressemble \u00e0 un lac<br \/>\n<strong>Population :<\/strong> 420<\/p>\n<hr \/>\n<p><a href=\"https:\/\/i0.wp.com\/www.makivvik.ca\/wp-content\/uploads\/2013\/02\/tasiujaq2.jpg\"><img data-recalc-dims=\"1\" loading=\"lazy\" decoding=\"async\" class=\"alignleft size-medium wp-image-409\" src=\"https:\/\/i0.wp.com\/www.makivvik.ca\/wp-content\/uploads\/2013\/02\/tasiujaq2-300x199.jpg?resize=300%2C199\" alt=\"tasiujaq2\" width=\"300\" height=\"199\" srcset=\"https:\/\/i0.wp.com\/www.makivvik.ca\/wp-content\/uploads\/2013\/02\/tasiujaq2.jpg?resize=300%2C199&amp;ssl=1 300w, https:\/\/i0.wp.com\/www.makivvik.ca\/wp-content\/uploads\/2013\/02\/tasiujaq2.jpg?resize=470%2C313&amp;ssl=1 470w, https:\/\/i0.wp.com\/www.makivvik.ca\/wp-content\/uploads\/2013\/02\/tasiujaq2.jpg?w=500&amp;ssl=1 500w\" sizes=\"auto, (max-width:767px) 300px, 300px\" \/><\/a>Tasiujaq a \u00e9t\u00e9 \u00e9tabli sur les rives du lac aux Feuilles, au fond de l\u2019anse Profonde. La rivi\u00e8re B\u00e9rard coule le long de la limite sud du village. Tasiujaq est situ\u00e9 tout juste au nord de la limite des arbres, \u00e0 l\u2019endroit o\u00f9 la toundra arbustive c\u00e8de d\u00e9finitivement devant la toundra arctique. L\u2019appellation Tasiujaq, laquelle signifie \u00ab qui ressemble \u00e0 un lac \u00bb, d\u00e9signe en fait tout le bassin form\u00e9 par le lac, le passage et la baie aux Feuilles. Le bassin aux Feuilles est reconnue pour ses mar\u00e9es exceptionnelles qui exc\u00e8dent r\u00e9guli\u00e8rement les 15 m.<\/p>\n<blockquote><p>La r\u00e9gion abonde en mammif\u00e8res marins (phoque et b\u00e9luga), en poissons (omble chevalier, saumon de l\u2019Atlantique et truite), en canards (plus particuli\u00e8rement en eider) et en de nombreuses esp\u00e8ces d\u2019oiseaux de mer.<\/p><\/blockquote>\n<p>La r\u00e9gion abonde en mammif\u00e8res marins (phoque et b\u00e9luga), en poissons (omble chevalier, saumon de l\u2019Atlantique et truite), en canards (plus particuli\u00e8rement en eider) et en de nombreuses esp\u00e8ces d\u2019oiseaux de mer. De plus, pr\u00e8s de 1000 bufs musqu\u00e9s errent dans les alentours. Une importante colonie de faucons gerfauts et de faucons p\u00e8lerins nichent dans les \u00eeles du bassin aux Feuilles et dans les falaises environnantes.<\/p>\n<p>La soci\u00e9t\u00e9 fran\u00e7aise de fourrure R\u00e9villon Fr\u00e8res et la Compagnie de la Baie d\u2019Hudson ont toutes les deux \u00e9tabli des postes de traite, en 1905 et 1907 respectivement, \u00e0 l\u2019est du village actuel. Cependant, les postes, qui se trouvaient sur le sentier qu\u2019empruntaient traditionnellement les Inuit qui voyageaient en tra\u00eeneaux \u00e0 chiens de Kuujjuaq \u00e0 Kangirsuk, avaient ferm\u00e9 tous les deux leurs portes en 1935 sans qu\u2019aucun village ne se soit d\u00e9velopp\u00e9 \u00e0 cet endroit.<\/p>\n<p>Dans les ann\u00e9es 1950, le gouvernement f\u00e9d\u00e9ral a ouvert une \u00e9cole \u00e0 Kuujjuaq et a commenc\u00e9 \u00e0 offrir des services sociaux, ce qui a amen\u00e9 beaucoup d\u2019Inuit \u00e0 s\u2019\u00e9tablir dans ce tout nouveau village. Toutefois, les ressources fauniques dans les environs de Kuujjuaq \u00e9taient rares et bon nombre d\u2019Inuit ont d\u00fb avoir recours aux prestations du gouvernement pour survivre. En 1963, dans le but de rem\u00e9dier en partie \u00e0 ce probl\u00e8me, la Direction g\u00e9n\u00e9rale du Nouveau-Qu\u00e9bec du gouvernement provincial a d\u00e9cid\u00e9 de cr\u00e9er un nouveau village sur la rive sud du lac aux Feuilles, o\u00f9 les ressources fauniques \u00e9taient plus abondantes.<\/p>\n<p>En 1966, alors que le projet \u00e9tait sur le point de d\u00e9marrer, les familles inuit qui d\u00e9siraient d\u00e9m\u00e9nager ne s\u2019entendaient pas sur le choix de l\u2019endroit o\u00f9 leur futur village allait \u00eatre construit. Certains pr\u00e9f\u00e9raient un site connu sous le nom de Qaamanialuk Paanga, alors que le choix des autres portait sur le site des anciens postes de traite. Qaamanialuk Paanga a finalement \u00e9t\u00e9 choisi pour bon nombre de raisons : l\u2019acc\u00e8s par bateaux qu\u2019utilisent les Inuit pour la chasse et la p\u00eache estivales \u00e9tait facile; la rivi\u00e8re B\u00e9rard qui est situ\u00e9e \u00e0 proximit\u00e9 pouvait fournir l\u2019eau potable n\u00e9cessaire; et il y avait suffisamment d\u2019espace pour construire une piste d\u2019atterrissage. On a par la suite donn\u00e9 le nom de Tasiujaq au nouveau village. Le site des anciens postes de traite a \u00e9t\u00e9 principalement \u00e9cart\u00e9 en raison des nombreux gros rochers qui pars\u00e8ment l\u2019estran et qui auraient rendu difficile l\u2019acc\u00e8s par bateau en \u00e9t\u00e9. En 1971, une fois que la communaut\u00e9 \u00e9tait bien \u00e9tablie, les r\u00e9sidents de Tasiujaq ont fond\u00e9 une coop\u00e9rative ind\u00e9pendante de leur propre initiative. Cette coop\u00e9rative continue d\u2019\u00eatre la seule coop\u00e9rative \u00e0 ne pas faire partie de la F\u00e9d\u00e9ration des coop\u00e9ratives du Nouveau-Qu\u00e9bec.<\/p>\n<h2>ATTRAITS<\/h2>\n<ul>\n<li>Le bassin aux Feuilles : mar\u00e9es exceptionnelles d\u00e9tenant le record du monde.<\/li>\n<li>Bonnes occasions de chasse et p\u00eache \u00e0 l\u2019omble chevalier de renomm\u00e9e internationale.<\/li>\n<\/ul>\n<p>Source: Nunavik Tourism Association<\/p>\n","protected":false},"excerpt":{"rendered":"<p>Signification : Qui ressemble \u00e0 un lac Population : 420 Tasiujaq a \u00e9t\u00e9 \u00e9tabli sur les rives du lac aux Feuilles, au fond de l\u2019anse Profonde.<span class=\"excerpt-hellip\"> [\u2026]<\/span><\/p>\n","protected":false},"author":9,"featured_media":0,"parent":0,"menu_order":0,"comment_status":"closed","ping_status":"closed","template":"","meta":{"_acf_changed":false,"footnotes":""},"class_list":["post-4639","page","type-page","status-publish","hentry"],"acf":[],"jetpack_shortlink":"https:\/\/wp.me\/P7v1Zk-1cP","jetpack_sharing_enabled":true,"_links":{"self":[{"href":"https:\/\/www.makivvik.ca\/fr\/wp-json\/wp\/v2\/pages\/4639","targetHints":{"allow":["GET"]}}],"collection":[{"href":"https:\/\/www.makivvik.ca\/fr\/wp-json\/wp\/v2\/pages"}],"about":[{"href":"https:\/\/www.makivvik.ca\/fr\/wp-json\/wp\/v2\/types\/page"}],"author":[{"embeddable":true,"href":"https:\/\/www.makivvik.ca\/fr\/wp-json\/wp\/v2\/users\/9"}],"replies":[{"embeddable":true,"href":"https:\/\/www.makivvik.ca\/fr\/wp-json\/wp\/v2\/comments?post=4639"}],"version-history":[{"count":4,"href":"https:\/\/www.makivvik.ca\/fr\/wp-json\/wp\/v2\/pages\/4639\/revisions"}],"predecessor-version":[{"id":18330,"href":"https:\/\/www.makivvik.ca\/fr\/wp-json\/wp\/v2\/pages\/4639\/revisions\/18330"}],"wp:attachment":[{"href":"https:\/\/www.makivvik.ca\/fr\/wp-json\/wp\/v2\/media?parent=4639"}],"curies":[{"name":"wp","href":"https:\/\/api.w.org\/{rel}","templated":true}]}}