{"id":4636,"date":"2013-02-26T07:23:54","date_gmt":"2013-02-26T07:23:54","guid":{"rendered":"http:\/\/www.makivik.org\/en-fr\/"},"modified":"2024-10-08T16:56:47","modified_gmt":"2024-10-08T20:56:47","slug":"salluit","status":"publish","type":"page","link":"https:\/\/www.makivvik.ca\/fr\/salluit\/","title":{"rendered":"Salluit"},"content":{"rendered":"<p><strong>Signification :<\/strong> Les gens minces<br \/>\n<strong>Population :<\/strong> 1,580<\/p>\n<hr \/>\n<p><a href=\"https:\/\/i0.wp.com\/www.makivvik.ca\/wp-content\/uploads\/2013\/02\/salluit1.jpg\"><img data-recalc-dims=\"1\" loading=\"lazy\" decoding=\"async\" class=\"alignleft size-medium wp-image-405\" src=\"https:\/\/i0.wp.com\/www.makivvik.ca\/wp-content\/uploads\/2013\/02\/salluit1-300x199.jpg?resize=300%2C199\" alt=\"salluit1\" width=\"300\" height=\"199\" srcset=\"https:\/\/i0.wp.com\/www.makivvik.ca\/wp-content\/uploads\/2013\/02\/salluit1.jpg?resize=300%2C199&amp;ssl=1 300w, https:\/\/i0.wp.com\/www.makivvik.ca\/wp-content\/uploads\/2013\/02\/salluit1.jpg?resize=470%2C313&amp;ssl=1 470w, https:\/\/i0.wp.com\/www.makivvik.ca\/wp-content\/uploads\/2013\/02\/salluit1.jpg?w=500&amp;ssl=1 500w\" sizes=\"auto, (max-width:767px) 300px, 300px\" \/><\/a><\/p>\n<p>Salluit se cache au creux de l\u2019\u00e9troit fjord de Salluit, \u00e0 10 km du d\u00e9troit d\u2019Hudson, entour\u00e9 de hautes montagnes dentel\u00e9es s\u2019\u00e9levant \u00e0 presque 500 m. Comme Salluit se trouve \u00e0 mi-chemin entre les villages de la c\u00f4te de l\u2019Hudson et ceux de la c\u00f4te de l\u2019Ungava, il est un lieu strat\u00e9gique pour les r\u00e9unions auxquelles participent les 14 communaut\u00e9s du Nunavik.<\/p>\n<blockquote><p>Bien que le nom du village sugg\u00e8re que ce n\u2019ait pas toujours \u00e9t\u00e9 le cas, la r\u00e9gion abonde en faune et plantes arctiques.<\/p><\/blockquote>\n<p>Bien que le nom du village sugg\u00e8re que ce n\u2019ait pas toujours \u00e9t\u00e9 le cas, la r\u00e9gion abonde en faune et plantes arctiques. Le fond de la mer pr\u00e8s de la c\u00f4te regorge de moules et de myes. Les Sallumiut aiment divers plats, compos\u00e9s, entre autres, d\u2019omble chevalier, de caribou, de pain bannock, de baies, de racines et d\u2019herbes. Le tr\u00e8s rude climat auquel sont depuis toujours expos\u00e9s le Sallumiut s\u2019est incarn\u00e9 dans leur mode de vie et les a dot\u00e9s d\u2019un incroyable instinct de survie. Le nom donn\u00e9 \u00e0 ce village fait r\u00e9f\u00e9rence \u00e0 une l\u00e9gende selon laquelle, il y a tr\u00e8s longtemps, on aurait dit \u00e0 des Inuit qu\u2019ils trouveraient dans la r\u00e9gion une faune abondante. Or, une fois arriv\u00e9s sur les lieux, ils n\u2019auraient trouv\u00e9 presque rien \u00e0 manger et auraient souffert de famine.<\/p>\n<p>En 1958, on a effectu\u00e9 des fouilles arch\u00e9ologiques dans l\u2019\u00eele Qikirtaq, situ\u00e9e \u00e0 l\u2019embouchure du fjord de Salluit. Les objets trouv\u00e9s montrent que le peuple de Dorset occupait la r\u00e9gion de 800 avant J.-C. \u00e0 1000 de notre \u00e8re environ. Les trois sites o\u00f9 les fouilles ont eu lieu ont \u00e9t\u00e9 nomm\u00e9s Keataina, Tyara et Toonoo. Le masque miniature de Sugluk, sculpture d\u2019ivoire mesurant 2 cm, a \u00e9t\u00e9 trouv\u00e9 au site de Tyara et daterait de 400 avant J.-C.<\/p>\n<p>En 1925, un commer\u00e7ant ind\u00e9pendant a ouvert un poste de traite \u00e0 l\u2019endroit o\u00f9 se trouve Salluit aujourd\u2019hui. La concurrence \u00e9tait acharn\u00e9e toutefois et la Compagnie de la baie d\u2019Hudson (CBH) a vite \u00e9tabli son propre poste sur l\u2019autre rive du fjord de Salluit. L\u2019ann\u00e9e suivante, la CBH a d\u00e9m\u00e9nag\u00e9 son poste de traite \u00e0 la baie D\u00e9ception, mais, en 1930, elle a ouvert un magasin pourvu d\u2019un logement \u00e0 l\u2019endroit o\u00f9 se trouve Salluit aujourd\u2019hui. Elle a ferm\u00e9 les portes de son poste de la baie D\u00e9ception en 1932. Les fructueuses ann\u00e9es de pelleterie se sont termin\u00e9es vers 1936, alors que le prix des fourrures a chut\u00e9.<\/p>\n<p>Une mission catholique s\u2019est \u00e9tablie dans la r\u00e9gion en 1930, mais a cess\u00e9 toute activit\u00e9 apr\u00e8s une vingtaine d\u2019ann\u00e9es. En 1955, une mission anglicane a pris la rel\u00e8ve. Deux ans plus tard, une \u00e9cole f\u00e9d\u00e9rale ouvrait ses portes. La construction des premi\u00e8res habitations r\u00e9sidentielles a eu lieu en 1959. C\u2019est en 1979 que Salluit a \u00e9t\u00e9 l\u00e9galement constitu\u00e9 en municipalit\u00e9.<\/p>\n<p>De concert avec les habitants d\u2019Ivujivik et de Puvirnituq, 49 % des Sallumiut ont refus\u00e9 de signer la Convention de la Baie-James et du Nord qu\u00e9b\u00e9cois en 1975. Ils ont plut\u00f4t form\u00e9 un mouvement appel\u00e9 Inuit Tungavinga Nunamini. En vertu de la convention, les autres Inuit du Nunavik ont c\u00e9d\u00e9 certaines revendications territoriales et certains droits sur le territoire, afin que le gouvernement du Qu\u00e9bec puisse r\u00e9aliser son ambitieux projet hydro\u00e9lectrique La Grande de la baie James.<\/p>\n<h2>ATTRAITS<\/h2>\n<ul>\n<li>La baie D\u00e9ception : magnifique lieu r\u00e9put\u00e9 pour l\u2019excellence de sa chasse et de sa p\u00eache.<\/li>\n<li>Le fjord de Salluit : les amants de la nature en resteront bouche b\u00e9e. Observation de la faune.<\/li>\n<\/ul>\n","protected":false},"excerpt":{"rendered":"<p>Signification : Les gens minces Population : 1,580 Salluit se cache au creux de l\u2019\u00e9troit fjord de Salluit, \u00e0 10 km du d\u00e9troit d\u2019Hudson, entour\u00e9 de<span class=\"excerpt-hellip\"> [\u2026]<\/span><\/p>\n","protected":false},"author":9,"featured_media":0,"parent":0,"menu_order":0,"comment_status":"closed","ping_status":"closed","template":"","meta":{"_acf_changed":false,"footnotes":""},"class_list":["post-4636","page","type-page","status-publish","hentry"],"acf":[],"jetpack_shortlink":"https:\/\/wp.me\/P7v1Zk-1cM","jetpack_sharing_enabled":true,"_links":{"self":[{"href":"https:\/\/www.makivvik.ca\/fr\/wp-json\/wp\/v2\/pages\/4636","targetHints":{"allow":["GET"]}}],"collection":[{"href":"https:\/\/www.makivvik.ca\/fr\/wp-json\/wp\/v2\/pages"}],"about":[{"href":"https:\/\/www.makivvik.ca\/fr\/wp-json\/wp\/v2\/types\/page"}],"author":[{"embeddable":true,"href":"https:\/\/www.makivvik.ca\/fr\/wp-json\/wp\/v2\/users\/9"}],"replies":[{"embeddable":true,"href":"https:\/\/www.makivvik.ca\/fr\/wp-json\/wp\/v2\/comments?post=4636"}],"version-history":[{"count":4,"href":"https:\/\/www.makivvik.ca\/fr\/wp-json\/wp\/v2\/pages\/4636\/revisions"}],"predecessor-version":[{"id":18327,"href":"https:\/\/www.makivvik.ca\/fr\/wp-json\/wp\/v2\/pages\/4636\/revisions\/18327"}],"wp:attachment":[{"href":"https:\/\/www.makivvik.ca\/fr\/wp-json\/wp\/v2\/media?parent=4636"}],"curies":[{"name":"wp","href":"https:\/\/api.w.org\/{rel}","templated":true}]}}