{"id":4633,"date":"2013-02-26T07:16:02","date_gmt":"2013-02-26T07:16:02","guid":{"rendered":"http:\/\/www.makivik.org\/en-fr\/"},"modified":"2024-10-08T16:55:07","modified_gmt":"2024-10-08T20:55:07","slug":"quaqtaq","status":"publish","type":"page","link":"https:\/\/www.makivvik.ca\/fr\/quaqtaq\/","title":{"rendered":"Quaqtaq"},"content":{"rendered":"<p><strong>Signification :<\/strong> Ver intestinal<br \/>\n<strong>Population :<\/strong> 453<\/p>\n<hr \/>\n<p><a href=\"https:\/\/i0.wp.com\/www.makivvik.ca\/wp-content\/uploads\/2013\/02\/quartaq1.jpg\"><img data-recalc-dims=\"1\" loading=\"lazy\" decoding=\"async\" id=\"exifviewer-img-1\" class=\"alignleft size-medium wp-image-400\" src=\"https:\/\/i0.wp.com\/www.makivvik.ca\/wp-content\/uploads\/2013\/02\/quartaq1-300x199.jpg?resize=300%2C199\" alt=\"quartaq1\" width=\"300\" height=\"199\" srcset=\"https:\/\/i0.wp.com\/www.makivvik.ca\/wp-content\/uploads\/2013\/02\/quartaq1.jpg?resize=300%2C199&amp;ssl=1 300w, https:\/\/i0.wp.com\/www.makivvik.ca\/wp-content\/uploads\/2013\/02\/quartaq1.jpg?resize=470%2C313&amp;ssl=1 470w, https:\/\/i0.wp.com\/www.makivvik.ca\/wp-content\/uploads\/2013\/02\/quartaq1.jpg?w=500&amp;ssl=1 500w\" sizes=\"auto, (max-width:767px) 300px, 300px\" \/><\/a><\/p>\n<p>Le village de Quaqtaq est situ\u00e9 sur la rive est de la baie Diana, appel\u00e9e Tuvaaluk (la grande banquise) en inuktitut, sur une p\u00e9ninsule qui avance dans le d\u00e9troit d\u2019Hudson, l\u00e0 o\u00f9 il se confond avec la baie d\u2019Ungava. Des montagnes se dressent sur la p\u00e9ninsule au nord et il y a de basses collines rocheuses au sud-ouest. Les alentours de la baie Diana regorgent de mammif\u00e8res terrestres et marins, de m\u00eame que de poissons et de fruits de mer, dont les moules, les p\u00e9toncles et les myes.<\/p>\n<blockquote><p>Jusqu\u2019au d\u00e9but des ann\u00e9es 1930, l\u2019endroit \u00e9tait connu sous le nom de Nuvukutaaq (la longue pointe).<\/p><\/blockquote>\n<p>Jusqu\u2019au d\u00e9but des ann\u00e9es 1930, l\u2019endroit \u00e9tait connu sous le nom de Nuvukutaaq (la longue pointe). Toutefois, selon les histoires que l\u2019on raconte encore aujourd\u2019hui, un homme serait un jour venu dans la r\u00e9gion pour chasser le b\u00e9luga et aurait trouv\u00e9 des parasites vivants dans ses selles. Ses compagnons de chasse auraient alors donn\u00e9 le nom de Quaqtaq (ver intestinal) \u00e0 l\u2019endroit et l\u2019utilisation de cette nouvelle appellation se serait rapidement r\u00e9pandue.<\/p>\n<p>Des objets trouv\u00e9s lors de fouilles arch\u00e9ologiques indiquent que divers peuples ont occup\u00e9 la r\u00e9gion depuis environ 3500 ans. Les Thul\u00e9ens, les anc\u00eatres des Inuit d\u2019aujourd\u2019hui, seraient arriv\u00e9s dans la r\u00e9gion aux alentours de 1400 ou 1500 de notre \u00e8re.<\/p>\n<p>Un commer\u00e7ant ind\u00e9pendant a construit le premier poste de traite \u00e0 Iggiajaaq en 1927, \u00e0 quelques kilom\u00e8tres au sud-ouest de Quaqtaq. Il a tenu ce magasin pendant 11 ans. \u00c0 cette \u00e9poque, les Inuit de Tuvaaluk installaient leurs campements d\u2019hiver \u00e0 l\u2019endroit o\u00f9 est situ\u00e9 Quaqtaq aujourd\u2019hui, car ils se trouvaient ainsi \u00e0 proximit\u00e9 de la limite de la banquise c\u00f4ti\u00e8re. Les mammif\u00e8res marins abondaient \u00e0 cet endroit au cours de la saison froide. En 1931, la soci\u00e9t\u00e9 fran\u00e7aise de fourrure R\u00e9villon Fr\u00e8res a ouvert un autre magasin \u00e0 Iggiajaaq, lequel est ensuite pass\u00e9 aux mains de la Compagnie de la Baie d\u2019Hudson. La Baffin Trading Company (BTC) a \u00e9tabli un poste dans la m\u00eame r\u00e9gion en 1939 et, l\u2019ann\u00e9e suivante, la CBH a ferm\u00e9 les portes de son poste. Le poste de BTC a \u00e9galement ferm\u00e9 dix ans plus tard, ce qui a pouss\u00e9 les Inuit qui passaient normalement l\u2019hiver \u00e0 Iggiajaaq \u00e0 se d\u00e9placer vers Quaqtaq. En 1947, une mission catholique a \u00e9t\u00e9 \u00e9tablie \u00e0 Quaqtaq.<\/p>\n<p>Quaqtaq n\u2019a pas b\u00e9n\u00e9fici\u00e9 des services publics en m\u00eame temps que les autres communaut\u00e9s. Le village \u00e9tait consid\u00e9r\u00e9 trop petit. Ce n\u2019est qu\u2019apr\u00e8s qu\u2019une \u00e9pid\u00e9mie de rougeole a frapp\u00e9 la r\u00e9gion en 1952, tuant 11 adultes, soit 10 % de la population de Quaqtaq, que le gouvernement f\u00e9d\u00e9ral a commenc\u00e9 \u00e0 dispenser des soins de base. La construction du poste de soins infirmiers a eu lieu en 1963. Dans les ann\u00e9es 1960, le gouvernement du Qu\u00e9bec a ouvert \u00e0 Quaqtaq un magasin et un bureau de poste \u00e9quip\u00e9 d\u2019un radiot\u00e9l\u00e9phone. En 1974, le magasin est devenu une coop\u00e9rative et, en 1978, Quaqtaq a \u00e9t\u00e9 constitu\u00e9 en village nordique.<\/p>\n<p>L\u2019\u00eele Akpatok, qui se dresse telle une forteresse dans les eaux de la baie d\u2019Ungava \u00e0 l\u2019est de Quaqtaq, est depuis longtemps reconnue comme \u00e9tant l\u2019endroit par excellence dans la r\u00e9gion pour chasser le morse et l\u2019ours polaire. Par ailleurs, les vertigineuses falaises de roc qui gardent l\u2019\u00eele sont le site de nidification estivale d\u2019une importante colonie de guillemots de Br\u00fcnnich.<\/p>\n<h2>ATTRAITS<\/h2>\n<ul>\n<li>Tuvaaluk (baie Diana) : excellent lieu de chasse et d\u2019observation de la faune.<\/li>\n<li>On trouve de nombreux sites arch\u00e9ologiques un peu partout dans la r\u00e9gion.<\/li>\n<\/ul>\n","protected":false},"excerpt":{"rendered":"<p>Signification : Ver intestinal Population : 453 Le village de Quaqtaq est situ\u00e9 sur la rive est de la baie Diana, appel\u00e9e Tuvaaluk (la grande banquise)<span class=\"excerpt-hellip\"> [\u2026]<\/span><\/p>\n","protected":false},"author":9,"featured_media":0,"parent":0,"menu_order":0,"comment_status":"closed","ping_status":"closed","template":"","meta":{"_acf_changed":false,"footnotes":""},"class_list":["post-4633","page","type-page","status-publish","hentry"],"acf":[],"jetpack_shortlink":"https:\/\/wp.me\/P7v1Zk-1cJ","jetpack_sharing_enabled":true,"_links":{"self":[{"href":"https:\/\/www.makivvik.ca\/fr\/wp-json\/wp\/v2\/pages\/4633","targetHints":{"allow":["GET"]}}],"collection":[{"href":"https:\/\/www.makivvik.ca\/fr\/wp-json\/wp\/v2\/pages"}],"about":[{"href":"https:\/\/www.makivvik.ca\/fr\/wp-json\/wp\/v2\/types\/page"}],"author":[{"embeddable":true,"href":"https:\/\/www.makivvik.ca\/fr\/wp-json\/wp\/v2\/users\/9"}],"replies":[{"embeddable":true,"href":"https:\/\/www.makivvik.ca\/fr\/wp-json\/wp\/v2\/comments?post=4633"}],"version-history":[{"count":4,"href":"https:\/\/www.makivvik.ca\/fr\/wp-json\/wp\/v2\/pages\/4633\/revisions"}],"predecessor-version":[{"id":18324,"href":"https:\/\/www.makivvik.ca\/fr\/wp-json\/wp\/v2\/pages\/4633\/revisions\/18324"}],"wp:attachment":[{"href":"https:\/\/www.makivvik.ca\/fr\/wp-json\/wp\/v2\/media?parent=4633"}],"curies":[{"name":"wp","href":"https:\/\/api.w.org\/{rel}","templated":true}]}}