{"id":4630,"date":"2013-02-26T07:08:48","date_gmt":"2013-02-26T07:08:48","guid":{"rendered":"http:\/\/www.makivik.org\/en-fr\/"},"modified":"2024-10-08T16:53:09","modified_gmt":"2024-10-08T20:53:09","slug":"puvirnituq","status":"publish","type":"page","link":"https:\/\/www.makivvik.ca\/fr\/puvirnituq\/","title":{"rendered":"Puvirnituq"},"content":{"rendered":"<p><strong>Signification :<\/strong> L\u00e0 o\u00f9 il y a une odeur de viande putr\u00e9fi\u00e9e<br \/>\n<strong>Population :<\/strong> 2,129<\/p>\n<hr \/>\n<p><a href=\"https:\/\/i0.wp.com\/www.makivvik.ca\/wp-content\/uploads\/2013\/02\/Puvirnituq.jpg\"><img data-recalc-dims=\"1\" loading=\"lazy\" decoding=\"async\" class=\"alignleft size-medium wp-image-396\" src=\"https:\/\/i0.wp.com\/www.makivvik.ca\/wp-content\/uploads\/2013\/02\/Puvirnituq-300x201.jpg?resize=300%2C201\" alt=\"Puvirnituq\" width=\"300\" height=\"201\" srcset=\"https:\/\/i0.wp.com\/www.makivvik.ca\/wp-content\/uploads\/2013\/02\/Puvirnituq.jpg?resize=300%2C201&amp;ssl=1 300w, https:\/\/i0.wp.com\/www.makivvik.ca\/wp-content\/uploads\/2013\/02\/Puvirnituq.jpg?resize=1024%2C688&amp;ssl=1 1024w, https:\/\/i0.wp.com\/www.makivvik.ca\/wp-content\/uploads\/2013\/02\/Puvirnituq.jpg?resize=940%2C632&amp;ssl=1 940w, https:\/\/i0.wp.com\/www.makivvik.ca\/wp-content\/uploads\/2013\/02\/Puvirnituq.jpg?resize=470%2C316&amp;ssl=1 470w, https:\/\/i0.wp.com\/www.makivvik.ca\/wp-content\/uploads\/2013\/02\/Puvirnituq.jpg?w=2440&amp;ssl=1 2440w\" sizes=\"auto, (max-width:767px) 300px, 300px\" \/><\/a>Situ\u00e9 \u00e0 4 km de la baie de Puvirnituq, sur la rive nord de la grande rivi\u00e8re du m\u00eame nom, ce village inuit est entour\u00e9 d\u2019un large plateau. D\u2019innombrables lacs et rivi\u00e8res pars\u00e8ment cette r\u00e9gion o\u00f9 vit une faune abondante. De plus, tous les automnes, le troupeau de caribous de la rivi\u00e8re aux Feuilles d\u00e9file pendant plusieurs jours \u00e0 proximit\u00e9 du village. Des milliers de caribous mart\u00e8lent le sol gel\u00e9 de la toundra et traversent inlassablement la rivi\u00e8re de Puvirnituq. C\u2019est un spectacle d\u2019une magnificence extraordinaire.<\/p>\n<blockquote><p>Situ\u00e9 \u00e0 4 km de la baie de Puvirnituq, sur la rive nord de la grande rivi\u00e8re du m\u00eame nom, ce village inuit est entour\u00e9 d\u2019un large plateau.<\/p><\/blockquote>\n<p>Il y a deux explications au curieux nom donn\u00e9 au village. D\u2019abord, on raconte qu\u2019il y a tr\u00e8s longtemps, quand les caribous auraient tent\u00e9 de traverser la rivi\u00e8re lors de leur migration, bon nombre d\u2019entre eux se seraient noy\u00e9s. Leurs carcasses, \u00e9chou\u00e9es sur la rive, se seraient d\u00e9compos\u00e9es, d\u2019o\u00f9 l\u2019odeur naus\u00e9abonde. L\u2019autre explication veut qu\u2019une \u00e9pid\u00e9mie emporta tous les habitants de cet endroit, ne laissant aucun survivant pour enterrer les morts. Quand les corps ont commenc\u00e9 \u00e0 se d\u00e9composer, ils auraient vici\u00e9 l\u2019air. Le village cependant se trouve dans une r\u00e9gion qui porte un nom beaucoup plus agr\u00e9able, soit celui de Amaamatisivik, qui signifie l\u2019endroit o\u00f9 les femmes allaitent leurs b\u00e9b\u00e9s. Selon la l\u00e9gende, les femmes de la r\u00e9gion allaiteraient leurs b\u00e9b\u00e9s pour ne pas qu\u2019ils pleurent et fassent fuir les hardes de caribous en migration.<\/p>\n<p>En 1921, la Compagnie de la Baie d\u2019Hudson (CBH) \u00e9tablissait \u00e0 Puvirnituq un comptoir satellite. Les Inuit qui venaient \u00e9changer des fourrures \u00e0 cette \u00e9poque occupaient divers camps dispers\u00e9s un peu partout dans la r\u00e9gion. En 1951, la CBH a ouvert un magasin g\u00e9n\u00e9ral \u00e0 Puvirnituq et a ferm\u00e9 les postes de Qikirtajuaq (cap Smith pr\u00e8s d\u2019Akulivik) et de Kangirsuruaq. Les Inuit qui vivaient pr\u00e8s de ces deux endroits n\u2019ont pas eu d\u2019autre choix que de s\u2019installer \u00e0 Puvirnituq.<\/p>\n<p>En 1956, une mission catholique a \u00e9t\u00e9 \u00e9tablie \u00e0 Puvirnituq. Deux ans plus tard, le p\u00e8re Steinman a incit\u00e9 les r\u00e9sidents \u00e0 former l\u2019Association des sculpteurs de Povungnituk, qui est devenue l\u2019Association coop\u00e9rative de Povungnituk. Aujourd\u2019hui un symbole de la solidarit\u00e9 et d\u2019ind\u00e9pendance des membres de la communaut\u00e9, cette coop\u00e9rative est l\u2019une des plus dynamiques de toutes les coop\u00e9ratives de la F\u00e9d\u00e9ration des coop\u00e9ratives du Nouveau-Qu\u00e9bec.<\/p>\n<p>De concert avec les habitants d\u2019Ivujivik et 49 % de ceux de Salluit, les Inuit de Puvirnituq ont refus\u00e9 de signer la Convention de la Baie-James et du Nord qu\u00e9b\u00e9cois (CBJNQ) en 1975. Ils ont plut\u00f4t form\u00e9 un mouvement appel\u00e9 Inuit Tungavinga Nunamini. En vertu de la CBJNQ, les autres Inuit du Nunavik ont c\u00e9d\u00e9 certaines revendications territoriales et certains droits sur le territoire, afin que le gouvernement du Qu\u00e9bec puisse r\u00e9aliser son ambitieux projet hydro\u00e9lectrique La Grande de la baie James.<\/p>\n<p>En ce d\u00e9but du XXIe si\u00e8cle, Puvirnituq est le carrefour de la c\u00f4te de l\u2019Hudson. L\u2019a\u00e9roport du village est la porte d\u2019acc\u00e8s aux communaut\u00e9s plus \u00e9loign\u00e9es. De plus, Puvirnituq et Kuujjuaq, les deux centres administratifs du Nunavik, sont reli\u00e9s par un vol direct deux fois par semaine.<\/p>\n<h2>ATTRAITS<\/h2>\n<ul>\n<li>Le Festival des neiges de Puvirnituq : c\u00e9l\u00e9bration des traditions. Le fait saillant du Festival est le concours de sculpture au cours desquels des l\u00e9gendes inuit prennent forme de fa\u00e7on tout \u00e0 fait impressionnante dans l\u2019\u00e9l\u00e9ment le plus naturel de la r\u00e9gion : la neige.<\/li>\n<li>Collection Tamusi Qumak : outils, \u00e9quipement de chasse et d\u2019attirail de p\u00eache, articles de maison et v\u00eatements traditionnels.<\/li>\n<li>Sites arch\u00e9ologiques datant de la p\u00e9riode de Thul\u00e9.<\/li>\n<\/ul>\n","protected":false},"excerpt":{"rendered":"<p>Signification : L\u00e0 o\u00f9 il y a une odeur de viande putr\u00e9fi\u00e9e Population : 2,129 Situ\u00e9 \u00e0 4 km de la baie de Puvirnituq, sur la<span class=\"excerpt-hellip\"> [\u2026]<\/span><\/p>\n","protected":false},"author":9,"featured_media":0,"parent":0,"menu_order":0,"comment_status":"closed","ping_status":"closed","template":"","meta":{"_acf_changed":false,"footnotes":""},"class_list":["post-4630","page","type-page","status-publish","hentry"],"acf":[],"jetpack_shortlink":"https:\/\/wp.me\/P7v1Zk-1cG","jetpack_sharing_enabled":true,"_links":{"self":[{"href":"https:\/\/www.makivvik.ca\/fr\/wp-json\/wp\/v2\/pages\/4630","targetHints":{"allow":["GET"]}}],"collection":[{"href":"https:\/\/www.makivvik.ca\/fr\/wp-json\/wp\/v2\/pages"}],"about":[{"href":"https:\/\/www.makivvik.ca\/fr\/wp-json\/wp\/v2\/types\/page"}],"author":[{"embeddable":true,"href":"https:\/\/www.makivvik.ca\/fr\/wp-json\/wp\/v2\/users\/9"}],"replies":[{"embeddable":true,"href":"https:\/\/www.makivvik.ca\/fr\/wp-json\/wp\/v2\/comments?post=4630"}],"version-history":[{"count":4,"href":"https:\/\/www.makivvik.ca\/fr\/wp-json\/wp\/v2\/pages\/4630\/revisions"}],"predecessor-version":[{"id":18321,"href":"https:\/\/www.makivvik.ca\/fr\/wp-json\/wp\/v2\/pages\/4630\/revisions\/18321"}],"wp:attachment":[{"href":"https:\/\/www.makivvik.ca\/fr\/wp-json\/wp\/v2\/media?parent=4630"}],"curies":[{"name":"wp","href":"https:\/\/api.w.org\/{rel}","templated":true}]}}