{"id":4627,"date":"2013-02-25T16:20:04","date_gmt":"2013-02-25T16:20:04","guid":{"rendered":"http:\/\/www.makivik.org\/en-fr\/"},"modified":"2024-10-08T16:10:08","modified_gmt":"2024-10-08T20:10:08","slug":"kuujjuarapik","status":"publish","type":"page","link":"https:\/\/www.makivvik.ca\/fr\/kuujjuarapik\/","title":{"rendered":"Kuujjuarapik"},"content":{"rendered":"<p><strong>Signification :<\/strong> La petite grande rivi\u00e8re<br \/>\n<strong>Population :<\/strong> 792<\/p>\n<hr \/>\n<p><a href=\"https:\/\/i0.wp.com\/www.makivvik.ca\/wp-content\/uploads\/2013\/02\/kuujjuarapik1.jpg\"><img data-recalc-dims=\"1\" loading=\"lazy\" decoding=\"async\" id=\"exifviewer-img-1\" class=\"alignleft size-medium wp-image-380\" src=\"https:\/\/i0.wp.com\/www.makivvik.ca\/wp-content\/uploads\/2013\/02\/kuujjuarapik1-300x189.jpg?resize=300%2C189\" alt=\"kuujjuarapik1\" width=\"300\" height=\"189\" \/><\/a><\/p>\n<p>Blotti dans des dunes de sable blond, Kuujjuarapik se trouve \u00e0 l\u2019embouchure de la Grande rivi\u00e8re de la Baleine. Au-del\u00e0 du village, le terrain est plut\u00f4t plat; un tapis de mousse et de roches se d\u00e9roule \u00e0 perte de vue. Le haut des dunes offre une tr\u00e8s belle vue de la baie d\u2019Hudson et des \u00eeles Manitounuk qui sont situ\u00e9es juste un peu plus au nord, le long de la c\u00f4te. Ces \u00eeles, d\u2019une beaut\u00e9 saisissante, font partie des cuestas hudsoniennes qui se dressent le long de la c\u00f4te est de la baie d\u2019Hudson. Elles sont caract\u00e9ris\u00e9es par des plages rocheuses vers le large et par des falaises vertigineuses du c\u00f4t\u00e9 faisant face au continent. Les \u00eeles Manitounuk constituent un refuge id\u00e9al pour les oiseaux, les phoques, les baleines et les b\u00e9lugas. Environ 12 km en amont du village, il y a de charmantes chutes, les chutes Amitapanuch.<\/p>\n<blockquote><p>Blotti dans des dunes de sable blond, Kuujjuarapik se trouve \u00e0 l\u2019embouchure de la Grande rivi\u00e8re de la Baleine.<\/p><\/blockquote>\n<p>Kuujjuarapik est le village du Nunavik le plus au sud. C\u2019est un village tout \u00e0 fait unique, car il est habit\u00e9 par deux communaut\u00e9s, celle des Inuit et celle des Cris. La communaut\u00e9 crie se nomme Whapmagootsui (l\u00e0 o\u00f9 il y a des baleines en cri). De plus, ce village, qui a \u00e9galement \u00e9t\u00e9 nomm\u00e9 officiellement Poste-de-la-Baleine, est l\u2019un des rares endroits au Canada \u00e0 avoir trois noms officiels.<\/p>\n<p>Les anc\u00eatres des Inuit aussi bien que des Cris occupaient la r\u00e9gion il y a environ 2800 ans. Au XVIIIe si\u00e8cle, les chasseurs parcouraient la r\u00e9gion et ont \u00e9tabli des campements aux environs du lac Guillaume-Delisle, de la Petite rivi\u00e8re de la Baleine et de la Grande rivi\u00e8re de la Baleine. La Compagnie de la Baie d\u2019Hudson a ouvert un poste appel\u00e9 Great Whale River en 1820 \u00e0 l\u2019endroit o\u00f9 se trouve aujourd\u2019hui Kuujjuarapik. Les activit\u00e9s principales du poste consistaient \u00e0 transformer les produits de baleine des chasseurs commerciaux et \u00e0 faire le commerce de la fourrure. Une mission anglicane et une mission catholique s\u2019y sont \u00e9tablies en 1882 et 1890 respectivement. M\u00eame si le gouvernement f\u00e9d\u00e9ral a install\u00e9 une station m\u00e9t\u00e9orologique \u00e0 Great Whale River en 1895, il n\u2019a commenc\u00e9 \u00e0 procurer de l\u2019aide m\u00e9dicale et des services de maintien l\u2019ordre, par l\u2019entremise de la Gendarmerie royale du Canada, qu\u2019au cours de la premi\u00e8re moiti\u00e9 du XXe si\u00e8cle.<\/p>\n<p>Le village en tant que tel n\u2019a commenc\u00e9 \u00e0 se d\u00e9velopper que vers la fin des ann\u00e9es 1930. Au cours de la Seconde Guerre mondiale, les Am\u00e9ricains ont construit \u00e0 Kuujjuarapik une base militaire et un a\u00e9roport, qu\u2019ils ont ensuite transf\u00e9r\u00e9s au gouvernement canadien en 1948. Le poste de commande de la Ligne Mid-Canada, ligne de stations de radars militaires construite en 1955 le long du 55e parall\u00e8le de l\u2019oc\u00e9an Atlantique \u00e0 la baie d\u2019Hudson, se trouvait \u00e0 Kuujjuarapik. La population du village a toutefois r\u00e9gress\u00e9 en 1985, alors que bon nombre de familles, craignant les impacts n\u00e9gatifs du projet hydro\u00e9lectrique Grande-Baleine, ont d\u00e9cid\u00e9 d\u2019aller s\u2019\u00e9tablir \u00e0 Umiujaq, une autre communaut\u00e9 inuit situ\u00e9e \u00e0 160 km au nord de Kuujjuarapik.<\/p>\n<h2>ATTRAITS<\/h2>\n<ul>\n<li>Les \u00eeles Manitounuk : cuestas incroyables et faune abondante.<\/li>\n<li>Les chute Amitapanuch.<\/li>\n<li>Dans la vieille \u00e9glise, une fresque r\u00e9alis\u00e9e para Eddy Weetaluktuk repr\u00e9sentant le Christ marchant sur les eaux de la Grande rivi\u00e8re de la Baleine.<\/li>\n<li>\u00c9cole Asimautaq : superbe collection de sculptures inuit et de peintures d\u2019Eddy Weetaluktuk.<\/li>\n<\/ul>\n","protected":false},"excerpt":{"rendered":"<p>Signification : La petite grande rivi\u00e8re Population : 792 Blotti dans des dunes de sable blond, Kuujjuarapik se trouve \u00e0 l\u2019embouchure de la Grande rivi\u00e8re de<span class=\"excerpt-hellip\"> [\u2026]<\/span><\/p>\n","protected":false},"author":9,"featured_media":0,"parent":0,"menu_order":0,"comment_status":"closed","ping_status":"closed","template":"","meta":{"_acf_changed":false,"footnotes":""},"class_list":["post-4627","page","type-page","status-publish","hentry"],"acf":[],"jetpack_shortlink":"https:\/\/wp.me\/P7v1Zk-1cD","jetpack_sharing_enabled":true,"_links":{"self":[{"href":"https:\/\/www.makivvik.ca\/fr\/wp-json\/wp\/v2\/pages\/4627","targetHints":{"allow":["GET"]}}],"collection":[{"href":"https:\/\/www.makivvik.ca\/fr\/wp-json\/wp\/v2\/pages"}],"about":[{"href":"https:\/\/www.makivvik.ca\/fr\/wp-json\/wp\/v2\/types\/page"}],"author":[{"embeddable":true,"href":"https:\/\/www.makivvik.ca\/fr\/wp-json\/wp\/v2\/users\/9"}],"replies":[{"embeddable":true,"href":"https:\/\/www.makivvik.ca\/fr\/wp-json\/wp\/v2\/comments?post=4627"}],"version-history":[{"count":4,"href":"https:\/\/www.makivvik.ca\/fr\/wp-json\/wp\/v2\/pages\/4627\/revisions"}],"predecessor-version":[{"id":18295,"href":"https:\/\/www.makivvik.ca\/fr\/wp-json\/wp\/v2\/pages\/4627\/revisions\/18295"}],"wp:attachment":[{"href":"https:\/\/www.makivvik.ca\/fr\/wp-json\/wp\/v2\/media?parent=4627"}],"curies":[{"name":"wp","href":"https:\/\/api.w.org\/{rel}","templated":true}]}}