{"id":4624,"date":"2013-02-25T16:01:51","date_gmt":"2013-02-25T20:01:51","guid":{"rendered":"http:\/\/www.makivik.org\/en-fr\/"},"modified":"2018-01-17T15:46:24","modified_gmt":"2018-01-17T19:46:24","slug":"les-entreprises-halutik-inc","status":"publish","type":"page","link":"https:\/\/www.makivvik.ca\/fr\/les-entreprises-halutik-inc\/","title":{"rendered":"Les Entreprises Halutik inc."},"content":{"rendered":"<p lang=\"fr-CA\" align=\"justify\"><strong>Profil de l\u2019entreprise<\/strong><\/p>\n<p lang=\"en-CA\" align=\"justify\"><span lang=\"fr-CA\">Halutik est le principal fournisseur de mazout, d\u2019essence et de carburant pour avion \u00e0 Kuujjuaq. Il vend environ 18\u00a0millions de litres par ann\u00e9e de produits p\u00e9troliers et, malgr\u00e9 les r\u00e9cents d\u00e9clins des activit\u00e9s d\u2019exploration mini\u00e8re et de pourvoirie, ce chiffre est en constante augmentation.<\/span><\/p>\n<p lang=\"en-CA\" align=\"justify\"><span lang=\"fr-CA\">La livraison de produits p\u00e9troliers est un service essentiel offert aux r\u00e9sidents de Kuujjuaq dans toutes sortes de conditions m\u00e9t\u00e9orologiques et comprend notamment le ravitaillement en carburant des avions 24 heures par jour, 365 jours par ann\u00e9e. De plus, la liste de clients \u00e0 desservir s\u2019allonge chaque ann\u00e9e en raison de l\u2019expansion continue de la communaut\u00e9 tant en ce qui concerne le nombre de r\u00e9sidences que de b\u00e2timents commerciaux.<\/span><\/p>\n<p lang=\"en-CA\" align=\"justify\"><span lang=\"fr-CA\">Halutik a un garage \u00e0 Kuujjuaq o\u00f9 il offre des services de m\u00e9canique automobile \u00e0 la communaut\u00e9 et un service de location de v\u00e9hicules lourds. <\/span><\/p>\n<p lang=\"en-CA\" align=\"justify\"><span lang=\"fr-CA\">Halutik compte \u00e9galement une division de gestion de propri\u00e9t\u00e9s comptant trois maisons \u00e0 louer \u00e0 Kuujjuaq.<\/span><\/p>\n<p lang=\"en-CA\" align=\"justify\"><span lang=\"fr-CA\">Nous sommes fiers que tous nos employ\u00e9s soient des b\u00e9n\u00e9ficiaires de la Convention de la Baie-James et du Nord qu\u00e9b\u00e9cois.<\/span><\/p>\n","protected":false},"excerpt":{"rendered":"<p>Profil de l\u2019entreprise Halutik est le principal fournisseur de mazout, d\u2019essence et de carburant pour avion \u00e0 Kuujjuaq. Il vend environ 18\u00a0millions de litres par ann\u00e9e<span class=\"excerpt-hellip\"> [\u2026]<\/span><\/p>\n","protected":false},"author":9,"featured_media":0,"parent":0,"menu_order":0,"comment_status":"closed","ping_status":"closed","template":"","meta":{"_acf_changed":false,"footnotes":""},"class_list":["post-4624","page","type-page","status-publish","hentry"],"acf":[],"jetpack_shortlink":"https:\/\/wp.me\/P7v1Zk-1cA","jetpack_sharing_enabled":true,"_links":{"self":[{"href":"https:\/\/www.makivvik.ca\/fr\/wp-json\/wp\/v2\/pages\/4624","targetHints":{"allow":["GET"]}}],"collection":[{"href":"https:\/\/www.makivvik.ca\/fr\/wp-json\/wp\/v2\/pages"}],"about":[{"href":"https:\/\/www.makivvik.ca\/fr\/wp-json\/wp\/v2\/types\/page"}],"author":[{"embeddable":true,"href":"https:\/\/www.makivvik.ca\/fr\/wp-json\/wp\/v2\/users\/9"}],"replies":[{"embeddable":true,"href":"https:\/\/www.makivvik.ca\/fr\/wp-json\/wp\/v2\/comments?post=4624"}],"version-history":[{"count":4,"href":"https:\/\/www.makivvik.ca\/fr\/wp-json\/wp\/v2\/pages\/4624\/revisions"}],"predecessor-version":[{"id":5634,"href":"https:\/\/www.makivvik.ca\/fr\/wp-json\/wp\/v2\/pages\/4624\/revisions\/5634"}],"wp:attachment":[{"href":"https:\/\/www.makivvik.ca\/fr\/wp-json\/wp\/v2\/media?parent=4624"}],"curies":[{"name":"wp","href":"https:\/\/api.w.org\/{rel}","templated":true}]}}