{"id":4621,"date":"2013-02-25T16:01:26","date_gmt":"2013-02-25T16:01:26","guid":{"rendered":"http:\/\/www.makivik.org\/en-fr\/"},"modified":"2024-10-08T16:51:47","modified_gmt":"2024-10-08T20:51:47","slug":"kuujjuaq","status":"publish","type":"page","link":"https:\/\/www.makivvik.ca\/fr\/kuujjuaq\/","title":{"rendered":"Kuujjuaq"},"content":{"rendered":"<p><strong>Signification :<\/strong> La grande rivi\u00e8re<br \/>\n<strong>Population :<\/strong> 2,668<\/p>\n<hr \/>\n<p><a href=\"https:\/\/i0.wp.com\/www.makivvik.ca\/wp-content\/uploads\/2013\/02\/kuujjuaq1.jpg\"><img data-recalc-dims=\"1\" loading=\"lazy\" decoding=\"async\" class=\"alignleft size-medium wp-image-356\" src=\"https:\/\/i0.wp.com\/www.makivvik.ca\/wp-content\/uploads\/2013\/02\/kuujjuaq1-300x199.jpg?resize=300%2C199\" alt=\"kuujjuaq1\" width=\"300\" height=\"199\" srcset=\"https:\/\/i0.wp.com\/www.makivvik.ca\/wp-content\/uploads\/2013\/02\/kuujjuaq1.jpg?resize=300%2C199&amp;ssl=1 300w, https:\/\/i0.wp.com\/www.makivvik.ca\/wp-content\/uploads\/2013\/02\/kuujjuaq1.jpg?resize=470%2C313&amp;ssl=1 470w, https:\/\/i0.wp.com\/www.makivvik.ca\/wp-content\/uploads\/2013\/02\/kuujjuaq1.jpg?w=500&amp;ssl=1 500w\" sizes=\"auto, (max-width:767px) 300px, 300px\" \/><\/a><\/p>\n<p>Kuujjuaq, la plus importante communaut\u00e9 du Nunavik, se trouve sur la rive ouest de la rivi\u00e8re Koksoak, \u00e0 environ 50 km en amont de la baie d\u2019Ungava. La vie quotidienne des habitants de la communaut\u00e9 est \u00e9troitement li\u00e9e \u00e0 cette majestueuse rivi\u00e8re. Le flux et le reflux des mar\u00e9es modifient continuellement le paysage et dictent le rythme des activit\u00e9s traditionnelles estivales.<\/p>\n<blockquote><p>Kuujjuaq, la plus importante communaut\u00e9 du Nunavik, se trouve sur la rive ouest de la rivi\u00e8re Koksoak, \u00e0 environ 50 km en amont de la baie d\u2019Ungava.<\/p><\/blockquote>\n<p>Il y a des \u00eelots de for\u00eat bor\u00e9ale dans les environs de Kuujjuaq. En effet, des \u00e9pinettes noires et des m\u00e9l\u00e8zes poussent dans les vall\u00e9es mar\u00e9cageuses. Kuujjuaq se trouve \u00e9galement sur le chemin de migration annuelle du troupeau de caribou de la rivi\u00e8re George. Le caribou passe dans la r\u00e9gion pendant les mois d\u2019ao\u00fbt et de septembre.<\/p>\n<p>Kuujjuaq \u00e9tait connu auparavant sous un autre nom, soit celui de Fort Chimo. \u00ab Chimo \u00bb est une mauvaise prononciation de l\u2019expression inuktitut saimuk ou, en fran\u00e7ais, \u00ab Serrons-nous la main! \u00bb Les Inuit pronon\u00e7aient cette phrase pour souhaiter la bienvenue aux commer\u00e7ants de fourrure. Ces derniers l\u2019ont ensuite adopt\u00e9e pour nommer leur poste de traite.<\/p>\n<p>Les premiers contacts que les Inuit locaux ont eus avec les Europ\u00e9ens \u00e9taient avec les missionnaires moraves. Le 25 ao\u00fbt 1811, apr\u00e8s un voyage p\u00e9rilleux le long de la c\u00f4te du Labrador et de l\u2019Ungava, le fr\u00e8re Benjamin Kohlmeister et le fr\u00e8re George Kmoch sont arriv\u00e9s \u00e0 un campement inuit qui se trouvait sur la rive est de la rivi\u00e8re Koksoak, \u00e0 quelques kilom\u00e8tres en aval du village actuel. Le but de leur mission \u00e9tait de convertir \u00ab les Esquimaux au christianisme \u00bb. Selon le journal de bord du fr\u00e8re Kohlmeister, les Inuit de la rivi\u00e8re Koksoak avaient d\u00e9montr\u00e9 un vif int\u00e9r\u00eat pour l\u2019\u00e9tablissement d\u2019une mission dans la r\u00e9gion.<\/p>\n<p>L\u2019\u00e9tablissement d\u2019un poste de traite de la Compagnie de la Baie d\u2019Hudson (CBH) vers 1830 sur la rive est de la rivi\u00e8re Koksoak, \u00e0 environ 5 km en aval du village actuel, a marqu\u00e9 le d\u00e9but du commerce des fourrures au Nunavik. Le poste a ferm\u00e9 ses portes en 1842, puis les a rouvertes en 1866. \u00c0 cette \u00e9poque, les Inuit, les Montagnais et les Naskapis venaient \u00e9changer des fourrures au poste de la CBH.<\/p>\n<p>La construction d\u2019une base des forces arm\u00e9es am\u00e9ricaines (Crystal 1) en 1942, sur la rive ouest de la rivi\u00e8re Koksoak, \u00e0 l\u2019endroit o\u00f9 se trouve le village de Kuujjuaq aujourd\u2019hui, et l\u2019occupation du site par l\u2019arm\u00e9e am\u00e9ricaine de 1941 \u00e0 1945 ont eu pour effet d\u2019acc\u00e9l\u00e9rer le d\u00e9veloppement du village. \u00c0 la fin de la Seconde Guerre mondiale, les \u00c9tats-Unis ont c\u00e9d\u00e9 la base au gouvernement canadien. En 1948, une mission catholique s\u2019est \u00e9tablie dans le village en pleine croissance. Ont ensuite suivi un poste de soins infirmiers, une \u00e9cole et une station m\u00e9t\u00e9orologique. La CBH a d\u00e9m\u00e9nag\u00e9 pr\u00e8s des pistes d\u2019atterrissage en 1958. Les familles qui \u00e9taient toujours sur la rive est de la rivi\u00e8re lui ont alors embo\u00eet\u00e9 le pas. La coop\u00e9rative a \u00e9t\u00e9 fond\u00e9e en 1961.<\/p>\n<p>Les deux pistes d\u2019atterrissage de Kuujjuaq font de ce village la plaque tournante du transport au Nunavik. On trouve \u00e0 Kuujjuaq quelques h\u00f4tels, des restaurants, des magasins, des boutiques d\u2019arts et d\u2019artisanat, de m\u00eame qu\u2019une banque.<\/p>\n<h2>ATTRAITS<\/h2>\n<ul>\n<li>Occasions de p\u00eache au saumon de l\u2019Atlantique et \u00e0 l\u2019omble chevalier, de m\u00eame que de chasse au caribou.<\/li>\n<li>Vieux-Chimo : vestiges de l\u2019ancien village situ\u00e9 \u00e0 quelques kilom\u00e8tres en aval, de l\u2019autre c\u00f4t\u00e9 de la rivi\u00e8re.<\/li>\n<\/ul>\n","protected":false},"excerpt":{"rendered":"<p>Signification : La grande rivi\u00e8re Population : 2,668 Kuujjuaq, la plus importante communaut\u00e9 du Nunavik, se trouve sur la rive ouest de la rivi\u00e8re Koksoak, \u00e0<span class=\"excerpt-hellip\"> [\u2026]<\/span><\/p>\n","protected":false},"author":9,"featured_media":0,"parent":0,"menu_order":0,"comment_status":"closed","ping_status":"closed","template":"","meta":{"_acf_changed":false,"footnotes":""},"class_list":["post-4621","page","type-page","status-publish","hentry"],"acf":[],"jetpack_shortlink":"https:\/\/wp.me\/P7v1Zk-1cx","jetpack_sharing_enabled":true,"_links":{"self":[{"href":"https:\/\/www.makivvik.ca\/fr\/wp-json\/wp\/v2\/pages\/4621","targetHints":{"allow":["GET"]}}],"collection":[{"href":"https:\/\/www.makivvik.ca\/fr\/wp-json\/wp\/v2\/pages"}],"about":[{"href":"https:\/\/www.makivvik.ca\/fr\/wp-json\/wp\/v2\/types\/page"}],"author":[{"embeddable":true,"href":"https:\/\/www.makivvik.ca\/fr\/wp-json\/wp\/v2\/users\/9"}],"replies":[{"embeddable":true,"href":"https:\/\/www.makivvik.ca\/fr\/wp-json\/wp\/v2\/comments?post=4621"}],"version-history":[{"count":4,"href":"https:\/\/www.makivvik.ca\/fr\/wp-json\/wp\/v2\/pages\/4621\/revisions"}],"predecessor-version":[{"id":18318,"href":"https:\/\/www.makivvik.ca\/fr\/wp-json\/wp\/v2\/pages\/4621\/revisions\/18318"}],"wp:attachment":[{"href":"https:\/\/www.makivvik.ca\/fr\/wp-json\/wp\/v2\/media?parent=4621"}],"curies":[{"name":"wp","href":"https:\/\/api.w.org\/{rel}","templated":true}]}}