{"id":4618,"date":"2013-02-25T15:56:25","date_gmt":"2013-02-25T15:56:25","guid":{"rendered":"http:\/\/www.makivik.org\/en-fr\/"},"modified":"2023-02-24T17:24:13","modified_gmt":"2023-02-24T21:24:13","slug":"nunavik-furs","status":"publish","type":"page","link":"https:\/\/www.makivvik.ca\/fr\/nunavik-furs\/","title":{"rendered":"Nunavik Furs"},"content":{"rendered":"<p><img data-recalc-dims=\"1\" loading=\"lazy\" decoding=\"async\" class=\"alignleft size-medium wp-image-357\" style=\"border: 1px solid black;\" src=\"https:\/\/i0.wp.com\/www.makivvik.ca\/wp-content\/uploads\/2013\/02\/NunavikFurs-300x186.png?resize=300%2C186\" alt=\"NunavikFurs\" width=\"300\" height=\"186\" srcset=\"https:\/\/i0.wp.com\/www.makivvik.ca\/wp-content\/uploads\/2013\/02\/NunavikFurs.png?resize=300%2C186&amp;ssl=1 300w, https:\/\/i0.wp.com\/www.makivvik.ca\/wp-content\/uploads\/2013\/02\/NunavikFurs.png?w=395&amp;ssl=1 395w\" sizes=\"auto, (max-width:767px) 300px, 300px\" \/>Makivvik a cr\u00e9\u00e9 la filiale Nunavik Furs, afin d\u2019encourager la cr\u00e9ation d\u2019un plus grand nombre de petites entreprises dans le domaine du tannage et de la taxidermie. Des programmes de formation en tannage offerts dans toutes les communaut\u00e9s en 2003-2004 ont men\u00e9 \u00e0 la cr\u00e9ation d\u2019un atelier de tannage \u00e0 Kuujjuaq. Cet atelier traite les fourrures pour l\u2019ensemble de la r\u00e9gion.<\/p>\n<p>&nbsp;<\/p>\n","protected":false},"excerpt":{"rendered":"<p>Makivvik a cr\u00e9\u00e9 la filiale Nunavik Furs, afin d\u2019encourager la cr\u00e9ation d\u2019un plus grand nombre de petites entreprises dans le domaine du tannage et de la<span class=\"excerpt-hellip\"> [\u2026]<\/span><\/p>\n","protected":false},"author":9,"featured_media":0,"parent":0,"menu_order":0,"comment_status":"closed","ping_status":"closed","template":"","meta":{"_acf_changed":false,"footnotes":""},"class_list":["post-4618","page","type-page","status-publish","hentry"],"acf":[],"jetpack_shortlink":"https:\/\/wp.me\/P7v1Zk-1cu","jetpack_sharing_enabled":true,"_links":{"self":[{"href":"https:\/\/www.makivvik.ca\/fr\/wp-json\/wp\/v2\/pages\/4618","targetHints":{"allow":["GET"]}}],"collection":[{"href":"https:\/\/www.makivvik.ca\/fr\/wp-json\/wp\/v2\/pages"}],"about":[{"href":"https:\/\/www.makivvik.ca\/fr\/wp-json\/wp\/v2\/types\/page"}],"author":[{"embeddable":true,"href":"https:\/\/www.makivvik.ca\/fr\/wp-json\/wp\/v2\/users\/9"}],"replies":[{"embeddable":true,"href":"https:\/\/www.makivvik.ca\/fr\/wp-json\/wp\/v2\/comments?post=4618"}],"version-history":[{"count":2,"href":"https:\/\/www.makivvik.ca\/fr\/wp-json\/wp\/v2\/pages\/4618\/revisions"}],"predecessor-version":[{"id":15594,"href":"https:\/\/www.makivvik.ca\/fr\/wp-json\/wp\/v2\/pages\/4618\/revisions\/15594"}],"wp:attachment":[{"href":"https:\/\/www.makivvik.ca\/fr\/wp-json\/wp\/v2\/media?parent=4618"}],"curies":[{"name":"wp","href":"https:\/\/api.w.org\/{rel}","templated":true}]}}