{"id":4615,"date":"2013-02-25T15:49:14","date_gmt":"2013-02-25T15:49:14","guid":{"rendered":"http:\/\/www.makivik.org\/en-fr\/"},"modified":"2024-10-08T16:50:14","modified_gmt":"2024-10-08T20:50:14","slug":"kangirsuk","status":"publish","type":"page","link":"https:\/\/www.makivvik.ca\/fr\/kangirsuk\/","title":{"rendered":"Kangirsuk"},"content":{"rendered":"<p><strong>Meaning:<\/strong> The bay<br \/>\n<strong>Population:<\/strong> 561<\/p>\n<hr \/>\n<p><a href=\"https:\/\/i0.wp.com\/www.makivvik.ca\/wp-content\/uploads\/2013\/02\/kangirsuk1.jpg\"><img data-recalc-dims=\"1\" loading=\"lazy\" decoding=\"async\" class=\" wp-image-344 alignleft\" src=\"https:\/\/i0.wp.com\/www.makivvik.ca\/wp-content\/uploads\/2013\/02\/kangirsuk1.jpg?resize=450%2C302\" alt=\"kangirsuk1\" width=\"450\" height=\"302\" srcset=\"https:\/\/i0.wp.com\/www.makivvik.ca\/wp-content\/uploads\/2013\/02\/kangirsuk1.jpg?w=750&amp;ssl=1 750w, https:\/\/i0.wp.com\/www.makivvik.ca\/wp-content\/uploads\/2013\/02\/kangirsuk1.jpg?resize=300%2C201&amp;ssl=1 300w, https:\/\/i0.wp.com\/www.makivvik.ca\/wp-content\/uploads\/2013\/02\/kangirsuk1.jpg?resize=470%2C315&amp;ssl=1 470w\" sizes=\"auto, (max-width:767px) 450px, 450px\" \/><\/a><\/p>\n<p>Kangirsuk, qui signifie la baie en inuktitut, est situ\u00e9 sur la rive nord de la rivi\u00e8re Arnaud, soit \u00e0 13 km \u00e0 l\u2019int\u00e9rieur des terres de la baie d\u2019Ungava. Le village se trouve entre une falaise rocheuse au nord et une colline rocheuse \u00e0 l\u2019ouest. Il est situ\u00e9 \u00e0 environ 118 km au sud de Quaqtaq et \u00e0 230 km au nord de Kuujjuaq. Les innombrables lacs et rivi\u00e8res de la r\u00e9gion sont renomm\u00e9s pour leur abondance en ombles chevaliers et touladis. Par ailleurs, les grandes mar\u00e9es de la rivi\u00e8re Arnaud rendent la p\u00eache aux moules extraordinaire. La richesse de la faune et de la flore des environs de Kangirsuk est \u00e9galement impressionnante. D\u2019importantes colonies d\u2019eider nidifient chaque ann\u00e9e dans les \u00eeles de la baie Kyak et du lac Virgin, situ\u00e9s \u00e0 l\u2019est et au nord-est de Kangirsuk respectivement. Les femmes inuit ramassent le pr\u00e9cieux duvet de ces oiseaux pour confectionner les chauds parkas qui prot\u00e8gent les Kangirsuamiut durant les rudes hivers.<\/p>\n<blockquote><p>Kangirsuk, qui signifie la baie en inuktitut, est situ\u00e9 sur la rive nord de la rivi\u00e8re Arnaud, soit \u00e0 13 km \u00e0 l\u2019int\u00e9rieur des terres de la baie d\u2019Ungava.<\/p><\/blockquote>\n<p>\u00c0 l\u2019instar de nombreux villages inuit du Nord qu\u00e9b\u00e9cois, Kangirsuk s\u2019est d\u00e9velopp\u00e9 autour des postes de traite. En 1921, la soci\u00e9t\u00e9 fran\u00e7aise de fourrure R\u00e9villon Fr\u00e8res a construit un poste de traite dans la r\u00e9gion et, quatre ans plus tard, la Compagnie de la Baie d\u2019Hudson lui a embo\u00eet\u00e9 le pas. \u00c0 certains moments, ce sont des Inuit qui ont g\u00e9r\u00e9 les deux postes de traite. Apr\u00e8s que l\u2019\u00e9cole f\u00e9d\u00e9rale a \u00e9t\u00e9 inaugur\u00e9 en 1959, les Inuit de la r\u00e9gion ont commenc\u00e9 \u00e0 s\u2019\u00e9tablir de fa\u00e7on permanente dans le village. En 1961, le gouvernement f\u00e9d\u00e9ral a instaur\u00e9 des services de sant\u00e9 et d\u2019habitation, de m\u00eame que des services sociaux \u00e0 Kangirsuk et, tout au long des ann\u00e9es 1960, le d\u00e9veloppement du village s\u2019est intensifi\u00e9. En 1965, une mission anglicane y a construit une \u00e9glise et l\u2019ann\u00e9e suivant le magasin coop\u00e9ratif ouvrait ses portes. C\u2019est en 1981 que Kangirsuk a \u00e9t\u00e9 constitu\u00e9 en municipalit\u00e9.<\/p>\n<h2>ATTRAITS<\/h2>\n<ul>\n<li>Rivi\u00e8re Arnaud : rivi\u00e8re renomm\u00e9e pour ses grandes mar\u00e9es; excellente p\u00eache aux moules.<\/li>\n<li>Bon nombre de lacs et de rivi\u00e8res situ\u00e9s \u00e0 proximit\u00e9 regorgent d\u2019ombles chevaliers et de touladis.<\/li>\n<li>Observation de la faune : b\u00e9luga, phoque, caribou et de nombreuses esp\u00e8ces d\u2019oiseaux.<\/li>\n<li>Sites arch\u00e9ologiques : non loin du village, dans l\u2019\u00eele Pamiok, se trouvent les fondations de pierre d\u2019une longue maison, qui, selon certains arch\u00e9ologues, seraient des vestiges des Vikings qui auraient vraisemblablement s\u00e9journ\u00e9 dans la r\u00e9gion au XIe si\u00e8cle.<\/li>\n<\/ul>\n","protected":false},"excerpt":{"rendered":"<p>Meaning: The bay Population: 561 Kangirsuk, qui signifie la baie en inuktitut, est situ\u00e9 sur la rive nord de la rivi\u00e8re Arnaud, soit \u00e0 13 km<span class=\"excerpt-hellip\"> [\u2026]<\/span><\/p>\n","protected":false},"author":9,"featured_media":0,"parent":0,"menu_order":0,"comment_status":"closed","ping_status":"closed","template":"","meta":{"_acf_changed":false,"footnotes":""},"class_list":["post-4615","page","type-page","status-publish","hentry"],"acf":[],"jetpack_shortlink":"https:\/\/wp.me\/P7v1Zk-1cr","jetpack_sharing_enabled":true,"_links":{"self":[{"href":"https:\/\/www.makivvik.ca\/fr\/wp-json\/wp\/v2\/pages\/4615","targetHints":{"allow":["GET"]}}],"collection":[{"href":"https:\/\/www.makivvik.ca\/fr\/wp-json\/wp\/v2\/pages"}],"about":[{"href":"https:\/\/www.makivvik.ca\/fr\/wp-json\/wp\/v2\/types\/page"}],"author":[{"embeddable":true,"href":"https:\/\/www.makivvik.ca\/fr\/wp-json\/wp\/v2\/users\/9"}],"replies":[{"embeddable":true,"href":"https:\/\/www.makivvik.ca\/fr\/wp-json\/wp\/v2\/comments?post=4615"}],"version-history":[{"count":4,"href":"https:\/\/www.makivvik.ca\/fr\/wp-json\/wp\/v2\/pages\/4615\/revisions"}],"predecessor-version":[{"id":18315,"href":"https:\/\/www.makivvik.ca\/fr\/wp-json\/wp\/v2\/pages\/4615\/revisions\/18315"}],"wp:attachment":[{"href":"https:\/\/www.makivvik.ca\/fr\/wp-json\/wp\/v2\/media?parent=4615"}],"curies":[{"name":"wp","href":"https:\/\/api.w.org\/{rel}","templated":true}]}}