{"id":4612,"date":"2013-02-25T15:37:37","date_gmt":"2013-02-25T15:37:37","guid":{"rendered":"http:\/\/www.makivik.org\/en-fr\/"},"modified":"2024-10-08T16:48:12","modified_gmt":"2024-10-08T20:48:12","slug":"kangiqsujuaq","status":"publish","type":"page","link":"https:\/\/www.makivvik.ca\/fr\/kangiqsujuaq\/","title":{"rendered":"Kangiqsujuaq"},"content":{"rendered":"<p><strong>Signification :<\/strong> La grande baie<br \/>\n<strong>Population :<\/strong> 837<\/p>\n<hr \/>\n<p><a href=\"https:\/\/i0.wp.com\/www.makivvik.ca\/wp-content\/uploads\/2013\/02\/kangiqsujjuaq11.jpg\"><img data-recalc-dims=\"1\" loading=\"lazy\" decoding=\"async\" class=\"alignleft size-medium wp-image-332\" src=\"https:\/\/i0.wp.com\/www.makivvik.ca\/wp-content\/uploads\/2013\/02\/kangiqsujjuaq11-300x143.jpg?resize=300%2C143\" alt=\"kangiqsujjuaq11\" width=\"300\" height=\"143\" srcset=\"https:\/\/i0.wp.com\/www.makivvik.ca\/wp-content\/uploads\/2013\/02\/kangiqsujjuaq11.jpg?resize=300%2C143&amp;ssl=1 300w, https:\/\/i0.wp.com\/www.makivvik.ca\/wp-content\/uploads\/2013\/02\/kangiqsujjuaq11.jpg?resize=470%2C225&amp;ssl=1 470w, https:\/\/i0.wp.com\/www.makivvik.ca\/wp-content\/uploads\/2013\/02\/kangiqsujjuaq11.jpg?w=701&amp;ssl=1 701w\" sizes=\"auto, (max-width:767px) 300px, 300px\" \/><\/a>Kangiqsujuaq occupe un site exceptionnel, \u00e0 10 km du d\u00e9troit d\u2019Hudson, sur la rive sud-est de la baie Wakeham. Le village est blotti dans le creux d\u2019une splendide vall\u00e9e entour\u00e9e de montagnes majestueuses. Le paysage est d\u2019une beaut\u00e9 indicible. Les Inuit de Kangiqsujuaq ont une m\u00e9thode tout \u00e0 fait particuli\u00e8re de p\u00eacher les moules en hiver. Quand la mar\u00e9e descend, ils percent des trous dans la glace marine, l\u00e0 o\u00f9 la baie est peu profonde. Quand l\u2019eau s\u2019est enti\u00e8rement retir\u00e9e, ils se glissent dans les trous et rampent sous la glace pour ramasser ces succulents fruits de mer.<\/p>\n<blockquote><p>Kangiqsujuaq occupe un site exceptionnel, \u00e0 10 km du d\u00e9troit d\u2019Hudson, sur la rive sud-est de la baie Wakeham.<\/p><\/blockquote>\n<p>En 1884, des membres de l\u2019Exp\u00e9dition canadienne de la baie d\u2019Hudson, qui \u00e9taient \u00e0 bord du navire \u00e0 vapeur Neptune, sont arriv\u00e9s dans la r\u00e9gion dans le but d\u2019\u00e9tablir une route commerciale vers l\u2019Europe en passant par le d\u00e9troit d\u2019Hudson. Ils ont construit une station d\u2019observation du mouvement des glaces et d\u2019observations m\u00e9t\u00e9orologiques \u00e0 la baie Stupart (connue sous le nom de Aniuvarjuaq des Inuit). Les Inuit se sont alors rapproch\u00e9s de la station dans le but d\u2019y troquer avec les observateurs en poste mitaines et bottes en peaux de phoque contre tabac et poudre.<\/p>\n<p>Le nom de Wakeham Bay a d\u2019abord \u00e9t\u00e9 donn\u00e9 \u00e0 l\u2019endroit o\u00f9 se trouve Kangiqsujuaq en l\u2019honneur du capitaine William Wakeham, qui, en 1897, a men\u00e9 une exp\u00e9dition pour d\u00e9terminer la navigabilit\u00e9 du d\u00e9troit d\u2019Hudson. En 1961, le gouvernement provincial a renomm\u00e9 le village Sainte-Anne-de-Maricourt jusqu\u2019\u00e0 ce qu\u2019il soit l\u00e9galement constitu\u00e9 en municipalit\u00e9 et qu\u2019il re\u00e7oive officiellement le nom inuktitut de Kangiqsujuaq.<\/p>\n<p>En 1910, la soci\u00e9t\u00e9 fran\u00e7aise de fourrure R\u00e9villon Fr\u00e8res y a \u00e9tabli un poste de traite \u00e0 Kangiqsujuaq. Quatre ans plus tard, la Compagnie de la Baie d\u2019Hudson (CBH) imitait sa rivale fran\u00e7aise. En 1928, la CBH a am\u00e9nag\u00e9 une ferme exp\u00e9rimentale de renards qu\u2019elle a exploit\u00e9e pendant 12 ans. Le poste de R\u00e9villon Fr\u00e8res a ferm\u00e9 ses portes en 1936 et, au cours de la m\u00eame ann\u00e9e, une mission catholique s\u2019\u00e9tablissait dans le village. De nombreux pr\u00eatres oblats sont venus vivre \u00e0 la mission. L\u2019un d\u2019entre eux, le p\u00e8re Dion, est \u00e0 Kangiqsujuaq depuis 1964. La premi\u00e8re \u00e9cole a \u00e9t\u00e9 ouverte en 1960, suivie, en 1961, du poste de soins infirmiers. Une mission anglicane s\u2019est \u00e9tablie dans le village en 1963. Les Kangiqsujuammiut ont ouvert le magasin de la coop\u00e9rative en 1970.<\/p>\n<p>Kangiqsujuaq est situ\u00e9 au nord de la zone de plissements du Cape Smith, une r\u00e9gion riche en minerais. Le sol a \u00e9t\u00e9 exploit\u00e9 sporadiquement depuis les ann\u00e9es 1950. Pendant les ann\u00e9es 1970 et 1980, un gisement d\u2019amiante \u00e9tait exploit\u00e9 \u00e0 Purtuniq. Aujourd\u2019hui la Soci\u00e9t\u00e9 mini\u00e8re Raglan du Qu\u00e9bec dirige une mine de cuivre et de nickel dans la r\u00e9gion. Environ 15 % de la main-d\u2019uvre de la mine provient des communaut\u00e9s du Nunavik.<\/p>\n<h2>ATTRAITS<\/h2>\n<ul>\n<li>Pingualuit : accessible \u00e0 partir de Kangiqsujuaq.<\/li>\n<li>Le havre Douglas : spectaculaire fjord en forme de fourche aux abrupts parois de roc.<\/li>\n<li>L\u2019\u00eele Qikertaaluk et Qajartalik, situ\u00e9s \u00e0 seulement 15 km au sud-est du village. On y trouve \u00e9galement des p\u00e9troglyphes d\u2019environ 1200 ans, datant donc de la fin de la p\u00e9riode du peuple de Dorset. De plus, il y a des vestiges d\u2019habitations semi-souterraines construites il y a 800 ans par les Inuit de la p\u00e9riode de Thul\u00e9.<\/li>\n<li>Observation de la faune.<\/li>\n<\/ul>\n","protected":false},"excerpt":{"rendered":"<p>Signification : La grande baie Population : 837 Kangiqsujuaq occupe un site exceptionnel, \u00e0 10 km du d\u00e9troit d\u2019Hudson, sur la rive sud-est de la baie<span class=\"excerpt-hellip\"> [\u2026]<\/span><\/p>\n","protected":false},"author":9,"featured_media":0,"parent":0,"menu_order":0,"comment_status":"closed","ping_status":"closed","template":"","meta":{"_acf_changed":false,"footnotes":""},"class_list":["post-4612","page","type-page","status-publish","hentry"],"acf":[],"jetpack_shortlink":"https:\/\/wp.me\/P7v1Zk-1co","jetpack_sharing_enabled":true,"_links":{"self":[{"href":"https:\/\/www.makivvik.ca\/fr\/wp-json\/wp\/v2\/pages\/4612","targetHints":{"allow":["GET"]}}],"collection":[{"href":"https:\/\/www.makivvik.ca\/fr\/wp-json\/wp\/v2\/pages"}],"about":[{"href":"https:\/\/www.makivvik.ca\/fr\/wp-json\/wp\/v2\/types\/page"}],"author":[{"embeddable":true,"href":"https:\/\/www.makivvik.ca\/fr\/wp-json\/wp\/v2\/users\/9"}],"replies":[{"embeddable":true,"href":"https:\/\/www.makivvik.ca\/fr\/wp-json\/wp\/v2\/comments?post=4612"}],"version-history":[{"count":4,"href":"https:\/\/www.makivvik.ca\/fr\/wp-json\/wp\/v2\/pages\/4612\/revisions"}],"predecessor-version":[{"id":18312,"href":"https:\/\/www.makivvik.ca\/fr\/wp-json\/wp\/v2\/pages\/4612\/revisions\/18312"}],"wp:attachment":[{"href":"https:\/\/www.makivvik.ca\/fr\/wp-json\/wp\/v2\/media?parent=4612"}],"curies":[{"name":"wp","href":"https:\/\/api.w.org\/{rel}","templated":true}]}}