{"id":4606,"date":"2013-02-25T15:28:40","date_gmt":"2013-02-25T15:28:40","guid":{"rendered":"http:\/\/www.makivik.org\/en-fr\/"},"modified":"2024-10-08T16:46:09","modified_gmt":"2024-10-08T20:46:09","slug":"kangiqsualujjuaq","status":"publish","type":"page","link":"https:\/\/www.makivvik.ca\/fr\/kangiqsualujjuaq\/","title":{"rendered":"Kangiqsualujjuaq"},"content":{"rendered":"<p><strong>Signification:<\/strong> La tr\u00e8s grande baie<br \/>\n<strong>Population:<\/strong> 956<\/p>\n<hr \/>\n<p><a href=\"https:\/\/i0.wp.com\/www.makivvik.ca\/wp-content\/uploads\/2013\/02\/kangisualujjuaq1.jpg\"><img data-recalc-dims=\"1\" loading=\"lazy\" decoding=\"async\" class=\"alignleft size-medium wp-image-324\" src=\"https:\/\/i0.wp.com\/www.makivvik.ca\/wp-content\/uploads\/2013\/02\/kangisualujjuaq1-300x199.jpg?resize=300%2C199\" alt=\"kangisualujjuaq1\" width=\"300\" height=\"199\" srcset=\"https:\/\/i0.wp.com\/www.makivvik.ca\/wp-content\/uploads\/2013\/02\/kangisualujjuaq1.jpg?resize=300%2C199&amp;ssl=1 300w, https:\/\/i0.wp.com\/www.makivvik.ca\/wp-content\/uploads\/2013\/02\/kangisualujjuaq1.jpg?resize=470%2C313&amp;ssl=1 470w, https:\/\/i0.wp.com\/www.makivvik.ca\/wp-content\/uploads\/2013\/02\/kangisualujjuaq1.jpg?w=500&amp;ssl=1 500w\" sizes=\"auto, (max-width:767px) 300px, 300px\" \/><\/a>Situ\u00e9 \u00e0 environ 160 km au nord-est de Kuujjuaq, Kangiqsualujjuaq est le village le plus \u00e0 l\u2019est du Nunavik. Il se trouve \u00e0 25 km de la baie d\u2019Ungava, blotti au fond d\u2019une anse de la rivi\u00e8re George, appel\u00e9e Akilasakalluq. Les mouvements des mar\u00e9es se font sentir jusqu\u2019au village et, \u00e0 mar\u00e9e basse, l\u2019eau se retire presque enti\u00e8rement de l\u2019anse. En \u00e9t\u00e9, les Kangiqsualujjuamiut vivent donc au rythme des mar\u00e9es. Le village est b\u00e2ti \u00e0 l\u2019ombre d\u2019un imposant affleurement rocheux granitique qui s\u2019\u00e9l\u00e8ve au nord de l\u2019anse. Malgr\u00e9 la nordicit\u00e9, la vall\u00e9e qui abrite le village est merveilleusement couverte d\u2019une v\u00e9g\u00e9tation luxuriante. Dans les ann\u00e9es 1960, le village a m\u00eame exploit\u00e9 une petite scierie pour la coupe de bois d\u2019\u00e9pinette.<\/p>\n<blockquote><p>Situ\u00e9 \u00e0 environ 160 km au nord-est de Kuujjuaq, Kangiqsualujjuaq est le village le plus \u00e0 l\u2019est du Nunavik. Il se trouve \u00e0 25 km de la baie d\u2019Ungava, blotti au fond d\u2019une anse de la rivi\u00e8re George, appel\u00e9e Akilasakalluq.<\/p><\/blockquote>\n<p>Au grand bonheur des p\u00eacheurs, des chasseurs et des fervents d\u2019aventure, les environs de Kangiqsualujjuaq regorgent d\u2019attraits naturels. Les terrains de mise bas du plus grand troupeau d\u2019ongul\u00e9s du monde, lequel est estim\u00e9 \u00e0 plusieurs centaines de milliers de t\u00eates, se trouvent \u00e0 proximit\u00e9. La rivi\u00e8re George, de m\u00eame que d\u2019autres rivi\u00e8res de la r\u00e9gion, abondent en poissons, particuli\u00e8rement en ombles chevaliers, en saumons de l\u2019Atlantique et en truites. Aux alentours des magnifiques chutes H\u00e9l\u00e8ne, 64 km en amont de la rivi\u00e8re George, de nombreux camps de pourvoyeurs accueillent les visiteurs et offrent des aventures de p\u00eache incroyables.<\/p>\n<p>\u00c0 environ 100 km \u00e0 l\u2019est de Kangiqsualujjuaq se dressent les monts Torngat. Cette cha\u00eene de montagnes s\u2019\u00e9tend sur 300 km le long de la fronti\u00e8re Qu\u00e9bec-Labrador, entre la baie d\u2019Ungava et la mer du Labrador. Ses neiges \u00e9ternelles, auges glaciaires, cirques, fjords et le majestueux mont d\u2019Iberville, qui domine la cha\u00eene avec ses 1646 m, en font une destination extraordinaire. La rivi\u00e8re Koroc, qui sillonne les monts Torngat pour se jeter dans la baie d\u2019Ungava, et le fjord Abloviak rec\u00e8lent d\u2019innombrables beaut\u00e9s naturelles et offrent des d\u00e9cors enchanteurs aux randonneurs, canoteurs et kayakistes qui explorent la r\u00e9gion.<\/p>\n<p>\u00c9galement bien connu sous le nom de George River, Kangiqsualujjuaq n\u2019a pas r\u00e9ellement commenc\u00e9 \u00e0 se d\u00e9velopper avant le d\u00e9but des ann\u00e9es 1960. La Compagnie de la Baie d\u2019Hudson a exploit\u00e9 un poste au sud du village actuel de 1838 \u00e0 1842, de 1876 \u00e0 1915, puis de 1923 \u00e0 1932. Toutefois, les Inuit de la r\u00e9gion, qui pr\u00e9f\u00e9raient vivre le long de la c\u00f4te l\u2019\u00e9t\u00e9 et \u00e0 environ 50 km \u00e0 l\u2019int\u00e9rieur des terres l\u2019hiver, ne se sont jamais \u00e9tablis pr\u00e8s du poste de traite. En 1959, les Inuit locaux ont fond\u00e9 de leur propre chef la premi\u00e8re coop\u00e9rative du Nouveau-Qu\u00e9bec dans le but de commercialiser l\u2019omble chevalier. La construction du village a d\u00e9but\u00e9 en 1962 et, quelques ann\u00e9es plus tard, tous les habitants de George River vivaient dans des maisons pr\u00e9fabriqu\u00e9es. En 1963, une \u00e9cole, un magasin coop\u00e9ratif et des \u00e9difices gouvernementaux ont ouvert leurs portes. C\u2019est en 1980 que Kangiqsualujjuaq a l\u00e9galement \u00e9t\u00e9 constitu\u00e9 en municipalit\u00e9.<\/p>\n<h2>ATTRAITS<\/h2>\n<ul>\n<li>Excellentes occasions de p\u00eache au saumon de l\u2019Atlantique et \u00e0 l\u2019omble chevalier, de m\u00eame que de chasse au caribou.<\/li>\n<li>Les monts Torngat, dont le mont d\u2019Iberville qui culmine \u00e0 1646 m.<\/li>\n<li>La rivi\u00e8re Koroc.<\/li>\n<li>Le fjord Abloviak.<\/li>\n<li>La rivi\u00e8re George et les chutes H\u00e9l\u00e8ne.<\/li>\n<li>Observation de la faune : caribou, ours noir, renard et loup.<\/li>\n<\/ul>\n","protected":false},"excerpt":{"rendered":"<p>Signification: La tr\u00e8s grande baie Population: 956 Situ\u00e9 \u00e0 environ 160 km au nord-est de Kuujjuaq, Kangiqsualujjuaq est le village le plus \u00e0 l\u2019est du Nunavik.<span class=\"excerpt-hellip\"> [\u2026]<\/span><\/p>\n","protected":false},"author":9,"featured_media":0,"parent":0,"menu_order":0,"comment_status":"closed","ping_status":"closed","template":"","meta":{"_acf_changed":false,"footnotes":""},"class_list":["post-4606","page","type-page","status-publish","hentry"],"acf":[],"jetpack_shortlink":"https:\/\/wp.me\/P7v1Zk-1ci","jetpack_sharing_enabled":true,"_links":{"self":[{"href":"https:\/\/www.makivvik.ca\/fr\/wp-json\/wp\/v2\/pages\/4606","targetHints":{"allow":["GET"]}}],"collection":[{"href":"https:\/\/www.makivvik.ca\/fr\/wp-json\/wp\/v2\/pages"}],"about":[{"href":"https:\/\/www.makivvik.ca\/fr\/wp-json\/wp\/v2\/types\/page"}],"author":[{"embeddable":true,"href":"https:\/\/www.makivvik.ca\/fr\/wp-json\/wp\/v2\/users\/9"}],"replies":[{"embeddable":true,"href":"https:\/\/www.makivvik.ca\/fr\/wp-json\/wp\/v2\/comments?post=4606"}],"version-history":[{"count":4,"href":"https:\/\/www.makivvik.ca\/fr\/wp-json\/wp\/v2\/pages\/4606\/revisions"}],"predecessor-version":[{"id":18309,"href":"https:\/\/www.makivvik.ca\/fr\/wp-json\/wp\/v2\/pages\/4606\/revisions\/18309"}],"wp:attachment":[{"href":"https:\/\/www.makivvik.ca\/fr\/wp-json\/wp\/v2\/media?parent=4606"}],"curies":[{"name":"wp","href":"https:\/\/api.w.org\/{rel}","templated":true}]}}