{"id":4603,"date":"2013-02-25T15:22:45","date_gmt":"2013-02-25T19:22:45","guid":{"rendered":"http:\/\/www.makivik.org\/en-fr\/"},"modified":"2021-03-04T11:41:49","modified_gmt":"2021-03-04T15:41:49","slug":"canadian-north","status":"publish","type":"page","link":"https:\/\/www.makivvik.ca\/fr\/canadian-north\/","title":{"rendered":"Canadian North"},"content":{"rendered":"\n<p><strong>Profil de l\u2019entreprise<\/strong><\/p>\n\n\n\n<p>Canadian North r\u00e9pond aux besoins de transport de fret et de passagers d\u2019un plus grand nombre de communaut\u00e9s du Nord que tout autre transporteur a\u00e9rien au Canada. Notre service de vols r\u00e9guliers transporte environ 350\u2009000 passagers et plus de&nbsp;25&nbsp;millions de kilogrammes de fret et de courrier par ann\u00e9e gr\u00e2ce \u00e0 son vaste r\u00e9seau de liaisons a\u00e9riennes, qui relie 25 communaut\u00e9s nordiques aux grandes villes d\u2019Ottawa, Montr\u00e9al, Winnipeg et Edmonton.<\/p>\n\n\n\n<p>Canadian North a \u00e9t\u00e9 cr\u00e9\u00e9 par la fusion de First Air et Canadian North r\u00e9alis\u00e9e en&nbsp;2019. First Air a \u00e9t\u00e9 fond\u00e9e en 1946 par Russ Bradley \u00e0 Ottawa, en Ontario, sous le nom de Bradley Air Services. La compagnie a rapidement d\u00e9velopp\u00e9 une sp\u00e9cialit\u00e9 de soutien a\u00e9rien pour les activit\u00e9s d\u2019exploration dans l\u2019Arctique pour ensuite \u00e9tendre ses services de l\u2019Extr\u00eame-Arctique vers d\u2019autres r\u00e9gions de l\u2019Arctique canadien. Le transporteur a\u00e9rien a remplac\u00e9 son appellation d\u2019origine pour celle de First Air en 1973.<\/p>\n\n\n\n<p>Makivvik a achet\u00e9 First Air en 1990, consolidant ainsi ses investissements dans le domaine de l\u2019aviation pour y inclure le principal transporteur de passagers et de fret et exploitant de vols d\u2019affr\u00e8tement de l\u2019Arctique. La fusion en vue de cr\u00e9er la nouvelle entreprise Canadian North a \u00e9t\u00e9 annonc\u00e9e par Makivvik et la Inuvialuit Development Corporation le 28 septembre 2018. La compagnie a\u00e9rienne fusionn\u00e9e a commenc\u00e9 \u00e0 voler sous sa marque unifi\u00e9e le 1<sup>er<\/sup> novembre 2019, et l\u2019int\u00e9gration de toutes les op\u00e9rations a\u00e9riennes devrait \u00eatre compl\u00e9t\u00e9e d\u2019ici 2021.<\/p>\n\n\n\n<p>Canadian North est une soci\u00e9t\u00e9 enti\u00e8rement inuite d\u00e9tenue par Makivvik et la Inuvialuit Development Corporation. Canadian North est \u00e9galement le premier fournisseur de services d\u2019affr\u00e8tement a\u00e9rien pour d\u2019importants clients du secteur des ressources ayant besoin de services d\u2019affr\u00e8tement fiables, efficaces et \u00e9conomiques. Nous proposons \u00e9galement des vols nolis\u00e9s en Am\u00e9rique du Nord et au\u2011del\u00e0 pour des \u00e9quipes sportives, des croisi\u00e9ristes et d\u2019autres groupes.<\/p>\n\n\n\n<p>Les op\u00e9rations fructueuses de Canadian North dans l\u2019Arctique ont commenc\u00e9 dans le Nord canadien et se sont \u00e9tendues au fil des ans \u00e0 plusieurs autres endroits dans le monde. Le Programme du plateau continental polaire du gouvernement du Canada comprenait notamment des vols au Groenland et en Alaska. D\u2019autres contrats d\u2019affr\u00e8tement ont amen\u00e9 nos \u00e9quipes jusqu\u2019en Antarctique. Les missions dans ces endroits \u00e9loign\u00e9s comprenaient des travaux d\u2019exploration mini\u00e8re, p\u00e9troli\u00e8re et scientifique, l\u2019ex\u00e9cution de lev\u00e9s a\u00e9riens et de cartographie a\u00e9rienne, des services de transport de passagers et l\u2019exp\u00e9dition de marchandises diverses.<\/p>\n\n\n\n<p>Canadian North fait preuve de responsabilit\u00e9 sociale et de leadership dans le domaine du transport a\u00e9rien en milieu nordique en proc\u00e9dant \u00e0 des r\u00e9investissements dans les communaut\u00e9s tout en offrant des possibilit\u00e9s d\u2019emploi int\u00e9ressantes et des avantages tangibles aux b\u00e9n\u00e9ficiaires. L\u2019entreprise compte plus de&nbsp;215 employ\u00e9s autochtones. Canadian North soutient de nombreuses initiatives communautaires tout au long de l\u2019ann\u00e9e dans l\u2019Arctique.<\/p>\n","protected":false},"excerpt":{"rendered":"<p>Profil de l\u2019entreprise Canadian North r\u00e9pond aux besoins de transport de fret et de passagers d\u2019un plus grand nombre de communaut\u00e9s du Nord que tout autre<span class=\"excerpt-hellip\"> [\u2026]<\/span><\/p>\n","protected":false},"author":9,"featured_media":0,"parent":0,"menu_order":0,"comment_status":"closed","ping_status":"closed","template":"","meta":{"_acf_changed":false,"footnotes":""},"class_list":["post-4603","page","type-page","status-publish","hentry"],"acf":[],"jetpack_shortlink":"https:\/\/wp.me\/P7v1Zk-1cf","jetpack_sharing_enabled":true,"_links":{"self":[{"href":"https:\/\/www.makivvik.ca\/fr\/wp-json\/wp\/v2\/pages\/4603","targetHints":{"allow":["GET"]}}],"collection":[{"href":"https:\/\/www.makivvik.ca\/fr\/wp-json\/wp\/v2\/pages"}],"about":[{"href":"https:\/\/www.makivvik.ca\/fr\/wp-json\/wp\/v2\/types\/page"}],"author":[{"embeddable":true,"href":"https:\/\/www.makivvik.ca\/fr\/wp-json\/wp\/v2\/users\/9"}],"replies":[{"embeddable":true,"href":"https:\/\/www.makivvik.ca\/fr\/wp-json\/wp\/v2\/comments?post=4603"}],"version-history":[{"count":6,"href":"https:\/\/www.makivvik.ca\/fr\/wp-json\/wp\/v2\/pages\/4603\/revisions"}],"predecessor-version":[{"id":11577,"href":"https:\/\/www.makivvik.ca\/fr\/wp-json\/wp\/v2\/pages\/4603\/revisions\/11577"}],"wp:attachment":[{"href":"https:\/\/www.makivvik.ca\/fr\/wp-json\/wp\/v2\/media?parent=4603"}],"curies":[{"name":"wp","href":"https:\/\/api.w.org\/{rel}","templated":true}]}}