{"id":4600,"date":"2013-02-25T15:14:35","date_gmt":"2013-02-25T15:14:35","guid":{"rendered":"http:\/\/www.makivik.org\/en-fr\/"},"modified":"2024-10-08T16:44:19","modified_gmt":"2024-10-08T20:44:19","slug":"ivujivik","status":"publish","type":"page","link":"https:\/\/www.makivvik.ca\/fr\/ivujivik\/","title":{"rendered":"Ivujivik"},"content":{"rendered":"<p><strong>Signification:<\/strong> Place where ice accumulates because of strong currents<br \/>\n<strong>Population:<\/strong> 412<\/p>\n<hr \/>\n<p><a href=\"https:\/\/i0.wp.com\/www.makivvik.ca\/wp-content\/uploads\/2013\/02\/ivujivik1.jpg\"><img data-recalc-dims=\"1\" loading=\"lazy\" decoding=\"async\" class=\"alignleft size-medium wp-image-312\" src=\"https:\/\/i0.wp.com\/www.makivvik.ca\/wp-content\/uploads\/2013\/02\/ivujivik1-300x240.jpg?resize=300%2C240\" alt=\"ivujivik1\" width=\"300\" height=\"240\" \/><\/a>Situ\u00e9 \u00e0 environ 2000 km au nord de Montr\u00e9al, Ivujivik est le village le plus septentrional du Qu\u00e9bec. Il est nich\u00e9 au fond d\u2019une petite anse sablonneuse et entour\u00e9 de falaises imposantes qui plongent dans les eaux tourment\u00e9es de la passe Digges, \u00e0 l\u2019endroit o\u00f9 les forts courants de la baie d\u2019Hudson et du d\u00e9troit d\u2019Hudson se rencontrent. Quand les mar\u00e9es sont particuli\u00e8rement hautes, de pauvres animaux sont m\u00eame, semble-t-il, \u00e9cras\u00e9s par les violents mouvements de la glace marine. Sur le plateau d\u2019Ungava, qui couronne les falaises aux alentours d\u2019Ivujivik, seul le lichen se cramponne obstin\u00e9ment sur la toundra rocheuse.<\/p>\n<blockquote><p>Situ\u00e9 \u00e0 environ 2000 km au nord de Montr\u00e9al, Ivujivik est le village le plus septentrional du Qu\u00e9bec. Il est nich\u00e9 au fond d&#8217;une petite anse sablonneuse et entour\u00e9 de falaises imposantes qui plongent dans les eaux tourment\u00e9es de la passe Digges, \u00e0 l&#8217;endroit o\u00f9 les forts courants de la baie d&#8217;Hudson et du d\u00e9troit d&#8217;Hudson se rencontrent.<\/p><\/blockquote>\n<p>\u00c0 environ 30 km au nord-est d\u2019Ivujivik se trouve le cap Wolstenholme. Ses falaises battues par les vents sont le site de nidification d\u2019une des plus grandes colonies du monde de guillemots de Br\u00fcnnich. De plus, on compte pr\u00e8s des \u00eeles Nottingham et Salisbury, qui sont situ\u00e9es au nord-ouest d\u2019Ivujivik, des quantit\u00e9s impressionnantes de morses.<\/p>\n<p>Divers peuples, y compris les plus r\u00e9cents anc\u00eatres nomades des Inuit d\u2019aujourd\u2019hui, ont occup\u00e9 la c\u00f4te et les \u00eeles de la r\u00e9gion depuis environ 4000 ans. Ils se nourrissaient essentiellement de phoque, de morse et de b\u00e9luga. Ces mammif\u00e8res marins ont tendance \u00e0 \u00eatre abondants dans les eaux pr\u00e8s d\u2019Ivujivik, car il y a \u00e0 cet endroit une route de migration entre la baie d\u2019Hudson et le d\u00e9troit d\u2019Hudson. Les forts courants emp\u00eachent m\u00eame la mer de geler, ce qui permet aux chasseurs de pratiquer leur activit\u00e9 plus facilement toute l\u2019ann\u00e9e. Par ailleurs, la myriade d\u2019\u00eeles qui se trouvent \u00e0 proximit\u00e9 constituent un superbe refuge en \u00e9t\u00e9 pour la sauvagine.<\/p>\n<p>La premi\u00e8re rencontre rapport\u00e9e dans l\u2019histoire entre les Europ\u00e9ens et les Inuit du Nunavik a eu lieu en 1610, sur les \u00eeles Digges pr\u00e8s d\u2019Ivujivik, au cours la derni\u00e8re exp\u00e9dition d\u2019Henry Hudson dans l\u2019Arctique en qu\u00eate d\u2019un passage par les eaux polaires pour l\u2019Asie, exp\u00e9dition dans laquelle ce dernier a trouv\u00e9 la mort. Le capitaine Pierre LeMoyne d\u2019Iberville et son \u00e9quipage ont par la suite rencontr\u00e9 des Inuit en 1697 au cap Wolstenholme, alors qu\u2019ils \u00e9taient \u00e0 la recherche d\u2019occasions commerciales dans la baie d\u2019Hudson. En 1909, la Compagnie de la Baie d\u2019Hudson a install\u00e9 un poste de traite \u00e0 l\u2019endroit o\u00f9 se trouve Ivujivik aujourd\u2019hui. Une mission catholique s\u2019y est \u00e9galement \u00e9tablie en 1938, mais ce n\u2019est qu\u2019apr\u00e8s 1947 que les Inuit ont commenc\u00e9 peu \u00e0 peu \u00e0 se fixer pr\u00e8s de ces deux \u00e9tablissements. Quand la mission catholique a cess\u00e9 toute activit\u00e9 en 1960, le gouvernement f\u00e9d\u00e9ral a pris en charge la prestation de services dans ce nouveau village. En 1967, les Inuit d\u2019Ivujivik ont fond\u00e9 un magasin coop\u00e9ratif.<\/p>\n<p>De concert avec les habitants de Puvirnituq et 49 % de ceux de Salluit, les Inuit d\u2019Ivujivik ont refus\u00e9 de signer la Convention de la Baie-James et du Nord qu\u00e9b\u00e9cois (CBJNQ) en 1975. Ils ont plut\u00f4t form\u00e9 un mouvement appel\u00e9 Inuit Tungavinga Nunamini. En vertu de la CBJNQ, les autres Inuit du Nunavik ont c\u00e9d\u00e9 certaines revendications territoriales et certains droits sur le territoire, afin que le gouvernement du Qu\u00e9bec puisse r\u00e9aliser son ambitieux projet hydro\u00e9lectrique La Grande de la baie James.<\/p>\n<h2>ATTRAITS<\/h2>\n<ul>\n<li>Les \u00eeles Digges : premi\u00e8re rencontre rapport\u00e9e dans l\u2019histoire entre les Europ\u00e9ens et les Inuit du Nunavik (Henry Hudson en 1610).<\/li>\n<li>Cap Wolstenholme : poste de traite abandonn\u00e9 de la Compagnie de la Baie d\u2019Hudson et lieu o\u00f9 le capitaine Pierre LeMoyne d\u2019Iberville a fait ses premiers \u00e9changes commerciaux avec les Inuit du Nunavik.<\/li>\n<\/ul>\n","protected":false},"excerpt":{"rendered":"<p>Signification: Place where ice accumulates because of strong currents Population: 412 Situ\u00e9 \u00e0 environ 2000 km au nord de Montr\u00e9al, Ivujivik est le village le plus<span class=\"excerpt-hellip\"> [\u2026]<\/span><\/p>\n","protected":false},"author":9,"featured_media":0,"parent":0,"menu_order":0,"comment_status":"closed","ping_status":"closed","template":"","meta":{"_acf_changed":false,"footnotes":""},"class_list":["post-4600","page","type-page","status-publish","hentry"],"acf":[],"jetpack_shortlink":"https:\/\/wp.me\/P7v1Zk-1cc","jetpack_sharing_enabled":true,"_links":{"self":[{"href":"https:\/\/www.makivvik.ca\/fr\/wp-json\/wp\/v2\/pages\/4600","targetHints":{"allow":["GET"]}}],"collection":[{"href":"https:\/\/www.makivvik.ca\/fr\/wp-json\/wp\/v2\/pages"}],"about":[{"href":"https:\/\/www.makivvik.ca\/fr\/wp-json\/wp\/v2\/types\/page"}],"author":[{"embeddable":true,"href":"https:\/\/www.makivvik.ca\/fr\/wp-json\/wp\/v2\/users\/9"}],"replies":[{"embeddable":true,"href":"https:\/\/www.makivvik.ca\/fr\/wp-json\/wp\/v2\/comments?post=4600"}],"version-history":[{"count":4,"href":"https:\/\/www.makivvik.ca\/fr\/wp-json\/wp\/v2\/pages\/4600\/revisions"}],"predecessor-version":[{"id":18306,"href":"https:\/\/www.makivvik.ca\/fr\/wp-json\/wp\/v2\/pages\/4600\/revisions\/18306"}],"wp:attachment":[{"href":"https:\/\/www.makivvik.ca\/fr\/wp-json\/wp\/v2\/media?parent=4600"}],"curies":[{"name":"wp","href":"https:\/\/api.w.org\/{rel}","templated":true}]}}