{"id":4597,"date":"2013-02-25T15:01:46","date_gmt":"2013-02-25T15:01:46","guid":{"rendered":"http:\/\/www.makivik.org\/en-fr\/"},"modified":"2024-10-08T16:41:56","modified_gmt":"2024-10-08T20:41:56","slug":"inukjuak","status":"publish","type":"page","link":"https:\/\/www.makivvik.ca\/fr\/inukjuak\/","title":{"rendered":"Inukjuak"},"content":{"rendered":"<p><strong>Signification:<\/strong> The giant<br \/>\n<strong>Population:<\/strong> 1821<\/p>\n<hr \/>\n<p><a href=\"https:\/\/i0.wp.com\/www.makivvik.ca\/wp-content\/uploads\/2013\/02\/inukjuak.jpg\"><img data-recalc-dims=\"1\" loading=\"lazy\" decoding=\"async\" class=\"alignleft size-medium wp-image-304\" src=\"https:\/\/i0.wp.com\/www.makivvik.ca\/wp-content\/uploads\/2013\/02\/inukjuak-300x179.jpg?resize=300%2C179\" alt=\"inukjuak\" width=\"300\" height=\"179\" srcset=\"https:\/\/i0.wp.com\/www.makivvik.ca\/wp-content\/uploads\/2013\/02\/inukjuak.jpg?resize=300%2C179&amp;ssl=1 300w, https:\/\/i0.wp.com\/www.makivvik.ca\/wp-content\/uploads\/2013\/02\/inukjuak.jpg?resize=470%2C281&amp;ssl=1 470w, https:\/\/i0.wp.com\/www.makivvik.ca\/wp-content\/uploads\/2013\/02\/inukjuak.jpg?w=471&amp;ssl=1 471w\" sizes=\"auto, (max-width:767px) 300px, 300px\" \/><\/a>Inukjuak se trouve sur la rive nord de la rivi\u00e8re Innuksuak, rivi\u00e8re reconnue pour ses eaux turquoise et ses rapides turbulents. Les nombreux sites arch\u00e9ologiques qui pars\u00e8ment cette rivi\u00e8re sinueuse t\u00e9moignent que cette r\u00e9gion a \u00e9t\u00e9 habit\u00e9e depuis des milliers d\u2019ann\u00e9es. L\u2019arri\u00e8re-pays est domin\u00e9 par de douces collines onduleuses et des grands espaces qui empreignent le paysage d\u2019une \u00ab beaut\u00e9 silencieuse \u00bb, comme le disent les Inuit du village. Du haut des collines, il y a une vue splendide du village, du petit port, des \u00eeles Hopewells et de la baie d\u2019Hudson. Au printemps, la banquise entre ces \u00eeles et le littoral se soul\u00e8ve sous l\u2019effet des mar\u00e9es et des courants et cr\u00e9e un champ spectaculaire d\u2019immenses blocs de glace h\u00e9riss\u00e9s.<\/p>\n<blockquote><p>Inukjuak se trouve sur la rive nord de la rivi\u00e8re Innuksuak, rivi\u00e8re reconnue pour ses eaux turquoise et ses rapides turbulents.<\/p><\/blockquote>\n<p>Au d\u00e9but du XXe si\u00e8cle, le site a \u00e9t\u00e9 nomm\u00e9 Port Harrison et la soci\u00e9t\u00e9 fran\u00e7aise de fourrures R\u00e9villon Fr\u00e8res y a \u00e9tabli un poste de traite. La Compagnie de la Baie d\u2019Hudson (CBH) a pour sa part ouvert un poste dans les environs en 1920. La concurrence entre les deux commer\u00e7ants de fourrures a pris fin en 1936 quand la CBH a achet\u00e9 sa rivale fran\u00e7aise. La CBH a ensuite exerc\u00e9 un monopole sur le commerce des fourrures dans la r\u00e9gion jusqu\u2019en 1958. La mission anglicane St. Thomas est venue s\u2019\u00e9tablir \u00e0 Inukjuak en 1927 et, dans les ann\u00e9es qui ont suivi, le gouvernement f\u00e9d\u00e9ral a commenc\u00e9 \u00e0 fournir des services communautaires de base : un bureau de poste et un poste de police de la Gendarmerie royale du Canada ont \u00e9t\u00e9 ouverts en 1935, un poste de soins infirmiers en 1947 et une \u00e9cole en 1951. En 1962, la coop\u00e9rative a ouvert ses portes et, en 1980, Inukjuak \u00e9tait l\u00e9galement constitu\u00e9 en municipalit\u00e9. Tout au long de la p\u00e9riode o\u00f9 le village s\u2019est form\u00e9, les Inuit, eux, ont pr\u00e9f\u00e9r\u00e9 leur mode de vie traditionnel dans la nature et n\u2019ont commenc\u00e9 \u00e0 s\u2019\u00e9tablir dans le village que dans les ann\u00e9es 1950.<\/p>\n<p>Un \u00e9pisode beaucoup plus douloureux de l\u2019histoire des Inukjuamiut s\u2019est d\u00e9roul\u00e9 en 1953, alors que certains d\u2019entre eux ont \u00e9t\u00e9 d\u00e9plac\u00e9s contre leur gr\u00e9 \u00e0 Resolute Bay et Grise Fjord, deux communaut\u00e9s situ\u00e9es \u00e0 2000 km au nord d\u2019Inukjuak, dans l\u2019Extr\u00eame-Arctique. Le gouvernement du Canada voulait ainsi assurer l\u2019occupation du cercle arctique inhabit\u00e9 et contrecarrer les activit\u00e9s d\u2019expansion qu\u2019il redoutait des autres nations. Des familles ont \u00e9t\u00e9 s\u00e9par\u00e9es et les d\u00e9port\u00e9s se sont retrouv\u00e9s dans une position tr\u00e8s p\u00e9nible, car, pour survivre dans ces nouvelles conditions climatiques extr\u00eamement plus difficiles, ils ont d\u00fb rapidement acqu\u00e9rir de nouvelles techniques de chasse. En 1996, le gouvernement canadien a d\u00e9dommag\u00e9 les d\u00e9port\u00e9s survivants ainsi que leurs familles, mais ne s\u2019est pas excus\u00e9 aupr\u00e8s des Inuit pour les grandes difficult\u00e9s qu\u2019ils ont eues \u00e0 surmonter. Il a plut\u00f4t offert une \u00ab D\u00e9claration de r\u00e9conciliation \u00bb. L\u2019histoire ne devrait pas oublier ces Inuit qui ont jou\u00e9 un r\u00f4le important pour assurer une pr\u00e9sence canadienne dans l\u2019Extr\u00eame-Arctique.<\/p>\n<h2>ATTRAITS<\/h2>\n<ul>\n<li>Mus\u00e9e Daniel Weetaluktuk : ce mus\u00e9e pr\u00e9sente une magnifique collection d\u2019objets d\u2019art et d\u2019artisanat inuit, de m\u00eame que des outils, de l\u2019\u00e9quipement de chasse et de l\u2019attirail de p\u00eache traditionnels.<\/li>\n<li>Hall d\u2019entr\u00e9e de l\u2019\u00e9cole Innalik : exposition permanente d\u2019une s\u00e9rie de bas-reliefs illustrant la vie quotidienne dans une communaut\u00e9 inuit.<\/li>\n<li>Les \u00eeles Hopewells : aire de nidification estivale de nombreux oiseaux migrateurs. Observation de la faune.<\/li>\n<\/ul>\n","protected":false},"excerpt":{"rendered":"<p>Signification: The giant Population: 1821 Inukjuak se trouve sur la rive nord de la rivi\u00e8re Innuksuak, rivi\u00e8re reconnue pour ses eaux turquoise et ses rapides turbulents.<span class=\"excerpt-hellip\"> [\u2026]<\/span><\/p>\n","protected":false},"author":9,"featured_media":0,"parent":0,"menu_order":0,"comment_status":"closed","ping_status":"closed","template":"","meta":{"_acf_changed":false,"footnotes":""},"class_list":["post-4597","page","type-page","status-publish","hentry"],"acf":[],"jetpack_shortlink":"https:\/\/wp.me\/P7v1Zk-1c9","jetpack_sharing_enabled":true,"_links":{"self":[{"href":"https:\/\/www.makivvik.ca\/fr\/wp-json\/wp\/v2\/pages\/4597","targetHints":{"allow":["GET"]}}],"collection":[{"href":"https:\/\/www.makivvik.ca\/fr\/wp-json\/wp\/v2\/pages"}],"about":[{"href":"https:\/\/www.makivvik.ca\/fr\/wp-json\/wp\/v2\/types\/page"}],"author":[{"embeddable":true,"href":"https:\/\/www.makivvik.ca\/fr\/wp-json\/wp\/v2\/users\/9"}],"replies":[{"embeddable":true,"href":"https:\/\/www.makivvik.ca\/fr\/wp-json\/wp\/v2\/comments?post=4597"}],"version-history":[{"count":4,"href":"https:\/\/www.makivvik.ca\/fr\/wp-json\/wp\/v2\/pages\/4597\/revisions"}],"predecessor-version":[{"id":18303,"href":"https:\/\/www.makivvik.ca\/fr\/wp-json\/wp\/v2\/pages\/4597\/revisions\/18303"}],"wp:attachment":[{"href":"https:\/\/www.makivvik.ca\/fr\/wp-json\/wp\/v2\/media?parent=4597"}],"curies":[{"name":"wp","href":"https:\/\/api.w.org\/{rel}","templated":true}]}}