{"id":4594,"date":"2013-02-25T14:55:12","date_gmt":"2013-02-25T14:55:12","guid":{"rendered":"http:\/\/www.makivik.org\/filiales-et-entreprises-subsidiaires\/"},"modified":"2018-05-17T23:41:47","modified_gmt":"2018-05-18T03:41:47","slug":"filiales-et-entreprises-subsidiaires","status":"publish","type":"page","link":"https:\/\/www.makivvik.ca\/fr\/filiales-et-entreprises-subsidiaires\/","title":{"rendered":"Filiales et entreprises subsidiaires"},"content":{"rendered":"<p>Makivvik est un organisme \u00e0 but non lucratif. Elle doit toutefois chercher des moyens d\u2019investir ses ressources financi\u00e8res, afin de promouvoir le d\u00e9veloppement \u00e9conomique et la cr\u00e9ation d\u2019emplois pour les Inuit du Nunavik.<\/p>\n<p>Pour remplir ce mandat, elle a tout naturellement opt\u00e9 pour une approche qui lui paraissait strat\u00e9giquement judicieuse, soit celle de cr\u00e9er des filiales rentables. Chacune de ses filiales poss\u00e8de sa propre direction et son propre conseil d\u2019administration. Elles ont le mandat de g\u00e9rer des entreprises rentables et professionnelles repr\u00e9sentant les int\u00e9r\u00eats de leurs actionnaires, les Inuit du Nunavik.<\/p>\n<p>Nous vous donnons ici un bref aper\u00e7u de ces entreprises, lesquelles poss\u00e8dent \u00e9galement leur propre site Internet.<\/p>\n<h3>Filiales \u00e0 part enti\u00e8re<\/h3>\n<ul>\n<li>First Air<\/li>\n<li>Air Inuit<\/li>\n<li>Nunavik Creations<\/li>\n<li>Nunavik Furs<\/li>\n<li>Halutik Enterprises<\/li>\n<\/ul>\n<h3>Filiales en coparticipation<\/h3>\n<ul>\n<li>Cruise North Expeditions<\/li>\n<li>NEAS<\/li>\n<li>UNAAQ<\/li>\n<li>PAIL<\/li>\n<\/ul>\n","protected":false},"excerpt":{"rendered":"<p>Makivvik est un organisme \u00e0 but non lucratif. Elle doit toutefois chercher des moyens d\u2019investir ses ressources financi\u00e8res, afin de promouvoir le d\u00e9veloppement \u00e9conomique et la<span class=\"excerpt-hellip\"> [\u2026]<\/span><\/p>\n","protected":false},"author":9,"featured_media":6024,"parent":0,"menu_order":0,"comment_status":"closed","ping_status":"closed","template":"","meta":{"_acf_changed":false,"footnotes":""},"class_list":["post-4594","page","type-page","status-publish","has-post-thumbnail","hentry"],"acf":[],"jetpack_shortlink":"https:\/\/wp.me\/P7v1Zk-1c6","jetpack_sharing_enabled":true,"_links":{"self":[{"href":"https:\/\/www.makivvik.ca\/fr\/wp-json\/wp\/v2\/pages\/4594","targetHints":{"allow":["GET"]}}],"collection":[{"href":"https:\/\/www.makivvik.ca\/fr\/wp-json\/wp\/v2\/pages"}],"about":[{"href":"https:\/\/www.makivvik.ca\/fr\/wp-json\/wp\/v2\/types\/page"}],"author":[{"embeddable":true,"href":"https:\/\/www.makivvik.ca\/fr\/wp-json\/wp\/v2\/users\/9"}],"replies":[{"embeddable":true,"href":"https:\/\/www.makivvik.ca\/fr\/wp-json\/wp\/v2\/comments?post=4594"}],"version-history":[{"count":1,"href":"https:\/\/www.makivvik.ca\/fr\/wp-json\/wp\/v2\/pages\/4594\/revisions"}],"predecessor-version":[{"id":6028,"href":"https:\/\/www.makivvik.ca\/fr\/wp-json\/wp\/v2\/pages\/4594\/revisions\/6028"}],"wp:featuredmedia":[{"embeddable":true,"href":"https:\/\/www.makivvik.ca\/fr\/wp-json\/wp\/v2\/media\/6024"}],"wp:attachment":[{"href":"https:\/\/www.makivvik.ca\/fr\/wp-json\/wp\/v2\/media?parent=4594"}],"curies":[{"name":"wp","href":"https:\/\/api.w.org\/{rel}","templated":true}]}}