{"id":4591,"date":"2013-02-25T14:47:03","date_gmt":"2013-02-25T14:47:03","guid":{"rendered":"http:\/\/www.makivik.org\/en-fr\/"},"modified":"2024-10-09T09:01:32","modified_gmt":"2024-10-09T13:01:32","slug":"chisasibi","status":"publish","type":"page","link":"https:\/\/www.makivvik.ca\/fr\/chisasibi\/","title":{"rendered":"Chisasibi"},"content":{"rendered":"<p><strong>Signification:<\/strong> Grande Rivi\u00e8re<br \/>\n<strong>Population:<\/strong> 4,985<\/p>\n<hr \/>\n<p><a href=\"https:\/\/i0.wp.com\/www.makivvik.ca\/wp-content\/uploads\/2013\/02\/chisasibi.png\"><img data-recalc-dims=\"1\" loading=\"lazy\" decoding=\"async\" class=\"alignleft size-medium wp-image-300\" src=\"https:\/\/i0.wp.com\/www.makivvik.ca\/wp-content\/uploads\/2013\/02\/chisasibi-300x139.png?resize=300%2C139\" alt=\"chisasibi\" width=\"300\" height=\"139\" srcset=\"https:\/\/i0.wp.com\/www.makivvik.ca\/wp-content\/uploads\/2013\/02\/chisasibi.png?resize=300%2C139&amp;ssl=1 300w, https:\/\/i0.wp.com\/www.makivvik.ca\/wp-content\/uploads\/2013\/02\/chisasibi.png?resize=470%2C218&amp;ssl=1 470w, https:\/\/i0.wp.com\/www.makivvik.ca\/wp-content\/uploads\/2013\/02\/chisasibi.png?w=488&amp;ssl=1 488w\" sizes=\"auto, (max-width:767px) 300px, 300px\" \/><\/a>Chisasibi est une communaut\u00e9 jeune et dynamique qui n\u2019a cess\u00e9 de cro\u00eetre depuis sa relocalisation de l\u2019\u00eele de Fort George en 1980-81. La population compte environ 4,305 Cris, pr\u00e8s de 240 Inuits, et 245 non-autochtones qui ont d\u00e9cid\u00e9 de faire l\u2019exp\u00e9rience de vie et de travail dans le nord. Un chef et un conseil \u00e9lu participe \u00e0 l\u2019administration de la Nation crie de Chisasibi.<\/p>\n<blockquote><p>Chisasibi est la derni\u00e8re communaut\u00e9 crie accessible par les voies de transports terrestres publiques.<\/p><\/blockquote>\n<p>Les d\u00e9buts de la communaut\u00e9, cependant, remontent \u00e0 plusieurs si\u00e8cles, \u00e9poque \u00e0 laquelle, les Cris nomades utilisent une \u00eele voisine pour les assembl\u00e9es estivales. Cette \u00eele, plus tard connu sous le nom de Fort George, est devenu le site permanent des Cris de Chisasibi. La mise en place d\u2019un poste de traite par la Soci\u00e9t\u00e9 la Baie d\u2019Hudson en 1803 confirme l\u2019\u00eele comme site permanent. En 1852, une mission anglicane a \u00e9t\u00e9 cr\u00e9\u00e9e, suivie d\u2019une \u00e9cole anglicane en 1907 et une mission catholique en 1927. La population de la communaut\u00e9 s\u2019est vue cro\u00eetre \u00e0 partir d\u2019un estimations de 750 en 1940 \u00e0 pr\u00e8s de 2 000 personnes en 1980, date \u00e0 laquelle il la communaut\u00e9 a \u00e9t\u00e9 transf\u00e9r\u00e9e \u00e0 son emplacement actuel.<\/p>\n<p>La \u00abFort George Relocation Corporation\u00bb, une entit\u00e9 form\u00e9e en tant que r\u00e9sultante des n\u00e9gociations entre les Cris et le gouvernement du Qu\u00e9bec sur le projet de la Baie James, \u00e9tait responsable de la r\u00e9installation et la construction du site de la ville actuelle. Le d\u00e9m\u00e9nagement est devenu n\u00e9cessaire en raison de l\u2019\u00e9rosion possible, cons\u00e9quence de modifications pr\u00e9vues dans le d\u00e9bit d\u2019\u00e9coulement de la rivi\u00e8re La Grande et le d\u00e9sir de des Cris de Chisasibi d\u2019\u00eatre localis\u00e9 sur le territoire principal.<\/p>\n<p>Au cours de la relocalisation, plus de 200 maisons ont \u00e9t\u00e9 physiquement d\u00e9plac\u00e9s et r\u00e9nov\u00e9es sur le nouveau site. En outre, pr\u00e8s de 100 nouvelles maisons ont \u00e9t\u00e9 construites et de nombreuses maisons suite \u00e0 la relocalisation. Beaucoup de b\u00e2timents communautaires ont \u00e9t\u00e9 construits, des services communautaires mis en place et des entreprises \u00e9conomiques ont vu le jour dans cette communaut\u00e9 en pleine expansion.<\/p>\n<p>Chisasibi est la derni\u00e8re communaut\u00e9 crie accessible par les voies de transports terrestres publiques.<\/p>\n","protected":false},"excerpt":{"rendered":"<p>Signification: Grande Rivi\u00e8re Population: 4,985 Chisasibi est une communaut\u00e9 jeune et dynamique qui n\u2019a cess\u00e9 de cro\u00eetre depuis sa relocalisation de l\u2019\u00eele de Fort George en<span class=\"excerpt-hellip\"> [\u2026]<\/span><\/p>\n","protected":false},"author":9,"featured_media":0,"parent":0,"menu_order":0,"comment_status":"closed","ping_status":"closed","template":"","meta":{"_acf_changed":false,"footnotes":""},"class_list":["post-4591","page","type-page","status-publish","hentry"],"acf":[],"jetpack_shortlink":"https:\/\/wp.me\/P7v1Zk-1c3","jetpack_sharing_enabled":true,"_links":{"self":[{"href":"https:\/\/www.makivvik.ca\/fr\/wp-json\/wp\/v2\/pages\/4591","targetHints":{"allow":["GET"]}}],"collection":[{"href":"https:\/\/www.makivvik.ca\/fr\/wp-json\/wp\/v2\/pages"}],"about":[{"href":"https:\/\/www.makivvik.ca\/fr\/wp-json\/wp\/v2\/types\/page"}],"author":[{"embeddable":true,"href":"https:\/\/www.makivvik.ca\/fr\/wp-json\/wp\/v2\/users\/9"}],"replies":[{"embeddable":true,"href":"https:\/\/www.makivvik.ca\/fr\/wp-json\/wp\/v2\/comments?post=4591"}],"version-history":[{"count":6,"href":"https:\/\/www.makivvik.ca\/fr\/wp-json\/wp\/v2\/pages\/4591\/revisions"}],"predecessor-version":[{"id":18341,"href":"https:\/\/www.makivvik.ca\/fr\/wp-json\/wp\/v2\/pages\/4591\/revisions\/18341"}],"wp:attachment":[{"href":"https:\/\/www.makivvik.ca\/fr\/wp-json\/wp\/v2\/media?parent=4591"}],"curies":[{"name":"wp","href":"https:\/\/api.w.org\/{rel}","templated":true}]}}