{"id":4588,"date":"2013-02-25T14:34:02","date_gmt":"2013-02-25T14:34:02","guid":{"rendered":"http:\/\/www.makivik.org\/en-fr\/"},"modified":"2024-10-08T16:20:59","modified_gmt":"2024-10-08T20:20:59","slug":"akulivik","status":"publish","type":"page","link":"https:\/\/www.makivvik.ca\/fr\/akulivik\/","title":{"rendered":"Akulivik"},"content":{"rendered":"<p><strong>Signification :<\/strong> Fourchon central d\u2019un kakivak<br \/>\n<strong>Population :<\/strong> 642<\/p>\n<hr \/>\n<p><a href=\"https:\/\/i0.wp.com\/www.makivvik.ca\/wp-content\/uploads\/2013\/02\/Akulivik1.png\"><img data-recalc-dims=\"1\" loading=\"lazy\" decoding=\"async\" class=\"alignleft size-medium wp-image-294\" src=\"https:\/\/i0.wp.com\/www.makivvik.ca\/wp-content\/uploads\/2013\/02\/Akulivik1-300x188.png?resize=300%2C188\" alt=\"Akulivik\" width=\"300\" height=\"188\" srcset=\"https:\/\/i0.wp.com\/www.makivvik.ca\/wp-content\/uploads\/2013\/02\/Akulivik1.png?resize=300%2C188&amp;ssl=1 300w, https:\/\/i0.wp.com\/www.makivvik.ca\/wp-content\/uploads\/2013\/02\/Akulivik1.png?resize=470%2C294&amp;ssl=1 470w, https:\/\/i0.wp.com\/www.makivvik.ca\/wp-content\/uploads\/2013\/02\/Akulivik1.png?w=663&amp;ssl=1 663w\" sizes=\"auto, (max-width:767px) 300px, 300px\" \/><\/a>Le nom Akulivik fait r\u00e9f\u00e9rence \u00e0 la configuration g\u00e9ographique de son emplacement : une p\u00e9ninsule qui avance dans la baie d\u2019Hudson entre deux \u00e9tendues d\u2019eau et qui rappelle la forme d\u2019un kakivak, ou harpon inuit traditionnel en forme de trident utilis\u00e9 pour la p\u00eache. Le village est bord\u00e9 au sud par l\u2019embouchure de la rivi\u00e8re Illukotat et au nord par une baie profonde qui forme un port naturel et prot\u00e8ge le village des vents violents. Les glaces autour de la p\u00e9ninsule partent particuli\u00e8rement t\u00f4t au printemps, ce qui fait d\u2019Akulivik un lieu privil\u00e9gi\u00e9 pour la chasse. Le sol d\u2019Akulivik et de ses alentours est tr\u00e8s caract\u00e9ristique : vestiges de la derni\u00e8re p\u00e9riode glaciaire, des coquillages fossilis\u00e9s r\u00e9duits en miettes lui donnent une texture sablonneuse blanch\u00e2tre.<\/p>\n<blockquote><p>Le nom Akulivik fait r\u00e9f\u00e9rence \u00e0 la configuration g\u00e9ographique de son emplacement : une p\u00e9ninsule qui avance dans la baie d\u2019Hudson entre deux \u00e9tendues d\u2019eau et qui rappelle la forme d\u2019un kakivak, ou harpon inuit traditionnel en forme de trident utilis\u00e9 pour la p\u00eache.<\/p><\/blockquote>\n<p>Les environs d\u2019Akulivik abondent en gibier. Les nombreux lacs de la r\u00e9gion regorgent de poissons et les monts D\u2019Youville, ou Qimiit en inuktitut, constituent l\u2019habitat naturel du lagop\u00e8de, du li\u00e8vre arctique et du renard arctique. Diverses esp\u00e8ces d\u2019oiseaux trouvent refuge dans les innombrables \u00eeles situ\u00e9es \u00e0 proximit\u00e9 du village. \u00c0 quelques minutes \u00e0 peine du village se dresse l\u2019\u00eele Smith, connue sous le nom de Qikirtajuaq des Inuit. Cette \u00eele est l\u2019un de leurs lieux traditionnels de chasse. Les courants stables de la baie d\u2019Hudson font de cet endroit un habitat favorable pour la faune et la flore marine. En hiver, les Akulivimmiut ont une m\u00e9thode tr\u00e8s particuli\u00e8re de p\u00eacher les moules dans les eaux peu profondes des environs. Apr\u00e8s avoir perc\u00e9 des trous dans la glace, ils attachent un filet ajust\u00e9 \u00e0 un cerceau \u00e0 l\u2019extr\u00e9mit\u00e9 d\u2019un long manche et se servent de cet engin pour racler le fond de la mer et ainsi ramasser les moules.<\/p>\n<p>Akulivik a l\u00e9galement \u00e9t\u00e9 constitu\u00e9 en municipalit\u00e9 en 1976. Toutefois, l\u2019histoire de la r\u00e9gion remonte \u00e0 plusieurs milliers d\u2019ann\u00e9es. En 1610, l\u2019explorateur Henry Hudson a pass\u00e9 pr\u00e8s de Qikirtajuaq. Plus tard, en 1750, on a donn\u00e9 le nom de Smith \u00e0 l\u2019\u00eele en l\u2019honneur du marchant Thomas Smith, premier gouverneur de la Compagnie des aventuriers et d\u00e9couvreur du passage du Nord-Ouest.<\/p>\n<p>En 1922, la Compagnie de la Baie d\u2019Hudson (CBH) a ouvert un poste de traite \u00e0 l\u2019endroit o\u00f9 se trouve aujourd\u2019hui le village d\u2019Akulivik. En 1926, elle a d\u00e9m\u00e9nag\u00e9 ce poste satellite \u00e0 Qikirtajuaq, qui \u00e9tait un lieu plus strat\u00e9gique et plus accessible. \u00c0 cet \u00e9poque, les Inuit parcouraient toujours la c\u00f4te. Apr\u00e8s quelques temps, toutefois, certains groupes ont commenc\u00e9 \u00e0 se rassembler autour du poste de traite. De 1922 \u00e0 1955, l\u2019endroit o\u00f9 se trouve Akulivik aujourd\u2019hui \u00e9tait le campement d\u2019\u00e9t\u00e9 de ces groupes. En 1933, selon les registres tenus par la CBH, 140 Inuit vivaient \u00e0 Qikirtajuaq. Le poste de traite a ferm\u00e9 ses portes en 1952, ce qui a forc\u00e9 les groupes d\u2019Inuit qui \u00e9taient devenus pour ainsi dire s\u00e9dentaires \u00e0 s\u2019installer \u00e0 Puvirnituq, le poste de traite le plus proche.<\/p>\n<p>Ces personnes, toutefois, n\u2019ont jamais oubli\u00e9 les terres o\u00f9 elles avaient grandi. Une famille est retourn\u00e9e vivre \u00e0 Akulivik en 1973. L\u2019ann\u00e9e suivante, plusieurs familles lui ont embo\u00eet\u00e9 le pas et elles ont b\u00e2ti ensemble le village d\u2019Akulivik.<\/p>\n<h2>ATTRAITS<\/h2>\n<ul>\n<li>L\u2019\u00eele Smith pour ses beaut\u00e9s naturelles et pour les milliers de bernaches du Canada et d\u2019oies des neiges qui y s\u00e9journent au printemps lors de leur migration.<\/li>\n<li>Observation de la faune.<\/li>\n<\/ul>\n","protected":false},"excerpt":{"rendered":"<p>Signification : Fourchon central d\u2019un kakivak Population : 642 Le nom Akulivik fait r\u00e9f\u00e9rence \u00e0 la configuration g\u00e9ographique de son emplacement : une p\u00e9ninsule qui avance<span class=\"excerpt-hellip\"> [\u2026]<\/span><\/p>\n","protected":false},"author":9,"featured_media":0,"parent":0,"menu_order":0,"comment_status":"closed","ping_status":"closed","template":"","meta":{"_acf_changed":false,"footnotes":""},"class_list":["post-4588","page","type-page","status-publish","hentry"],"acf":[],"jetpack_shortlink":"https:\/\/wp.me\/P7v1Zk-1c0","jetpack_sharing_enabled":true,"_links":{"self":[{"href":"https:\/\/www.makivvik.ca\/fr\/wp-json\/wp\/v2\/pages\/4588","targetHints":{"allow":["GET"]}}],"collection":[{"href":"https:\/\/www.makivvik.ca\/fr\/wp-json\/wp\/v2\/pages"}],"about":[{"href":"https:\/\/www.makivvik.ca\/fr\/wp-json\/wp\/v2\/types\/page"}],"author":[{"embeddable":true,"href":"https:\/\/www.makivvik.ca\/fr\/wp-json\/wp\/v2\/users\/9"}],"replies":[{"embeddable":true,"href":"https:\/\/www.makivvik.ca\/fr\/wp-json\/wp\/v2\/comments?post=4588"}],"version-history":[{"count":4,"href":"https:\/\/www.makivvik.ca\/fr\/wp-json\/wp\/v2\/pages\/4588\/revisions"}],"predecessor-version":[{"id":18298,"href":"https:\/\/www.makivvik.ca\/fr\/wp-json\/wp\/v2\/pages\/4588\/revisions\/18298"}],"wp:attachment":[{"href":"https:\/\/www.makivvik.ca\/fr\/wp-json\/wp\/v2\/media?parent=4588"}],"curies":[{"name":"wp","href":"https:\/\/api.w.org\/{rel}","templated":true}]}}