{"id":4585,"date":"2013-02-25T14:00:52","date_gmt":"2013-02-25T14:00:52","guid":{"rendered":"http:\/\/www.makivik.org\/batir-le-nunavik\/"},"modified":"2018-05-17T23:42:47","modified_gmt":"2018-05-18T03:42:47","slug":"batir-le-nunavik","status":"publish","type":"page","link":"https:\/\/www.makivvik.ca\/fr\/batir-le-nunavik\/","title":{"rendered":"B\u00e2tir le Nunavik"},"content":{"rendered":"<p>En investissant prudemment les compensations financi\u00e8res et en utilisant certains titres inuit ancestraux, Makivvik a su d\u00e9montrer dans quelle mesure les revendications territoriales des Inuit et des Autochtones pouvaient influencer et orienter les investissements dans le d\u00e9veloppement \u00e9conomique et la mise en valeur des ressources, l\u2019\u00e9volution politique, la recherche scientifique et sur l\u2019environnement, ainsi que la construction d\u2019infrastructures communautaires.<\/p>\n<hr \/>\n<ul>\n<li>Gouvernement R\u00e9gional du Nunavik<\/li>\n<li>Infrastructures Maritimes<\/li>\n<li>Chaire de recherche sur le d\u00e9veloppement<\/li>\n<li>Plan Nunavik<\/li>\n<li>D\u00e9veloppement social<\/li>\n<li>Construction d&#8217;habitations<\/li>\n<li>Programme Ungaluk<\/li>\n<li>Pensionnats Indiens<\/li>\n<\/ul>\n","protected":false},"excerpt":{"rendered":"<p>En investissant prudemment les compensations financi\u00e8res et en utilisant certains titres inuit ancestraux, Makivvik a su d\u00e9montrer dans quelle mesure les revendications territoriales des Inuit et<span class=\"excerpt-hellip\"> [\u2026]<\/span><\/p>\n","protected":false},"author":9,"featured_media":0,"parent":0,"menu_order":0,"comment_status":"closed","ping_status":"closed","template":"","meta":{"_acf_changed":false,"footnotes":""},"class_list":["post-4585","page","type-page","status-publish","hentry"],"acf":[],"jetpack_shortlink":"https:\/\/wp.me\/P7v1Zk-1bX","jetpack_sharing_enabled":true,"_links":{"self":[{"href":"https:\/\/www.makivvik.ca\/fr\/wp-json\/wp\/v2\/pages\/4585","targetHints":{"allow":["GET"]}}],"collection":[{"href":"https:\/\/www.makivvik.ca\/fr\/wp-json\/wp\/v2\/pages"}],"about":[{"href":"https:\/\/www.makivvik.ca\/fr\/wp-json\/wp\/v2\/types\/page"}],"author":[{"embeddable":true,"href":"https:\/\/www.makivvik.ca\/fr\/wp-json\/wp\/v2\/users\/9"}],"replies":[{"embeddable":true,"href":"https:\/\/www.makivvik.ca\/fr\/wp-json\/wp\/v2\/comments?post=4585"}],"version-history":[{"count":1,"href":"https:\/\/www.makivvik.ca\/fr\/wp-json\/wp\/v2\/pages\/4585\/revisions"}],"predecessor-version":[{"id":6030,"href":"https:\/\/www.makivvik.ca\/fr\/wp-json\/wp\/v2\/pages\/4585\/revisions\/6030"}],"wp:attachment":[{"href":"https:\/\/www.makivvik.ca\/fr\/wp-json\/wp\/v2\/media?parent=4585"}],"curies":[{"name":"wp","href":"https:\/\/api.w.org\/{rel}","templated":true}]}}