{"id":4582,"date":"2013-02-25T13:49:08","date_gmt":"2013-02-25T13:49:08","guid":{"rendered":"http:\/\/www.makivik.org\/en-fr\/"},"modified":"2018-01-16T16:04:41","modified_gmt":"2018-01-16T20:04:41","slug":"imposition","status":"publish","type":"page","link":"https:\/\/www.makivvik.ca\/fr\/actuellement\/imposition\/","title":{"rendered":"Imposition"},"content":{"rendered":"<p>Depuis 1995, des porte-parole de Makivvik et de l\u2019Administration r\u00e9gionale Kativik ont rencontr\u00e9 \u00e0 maintes reprises les repr\u00e9sentants de divers minist\u00e8res f\u00e9d\u00e9raux charg\u00e9s de l\u2019\u00e9laboration de politiques concernant la perception des taxes. Il y a eu, \u00e0 ce jour, quelques progr\u00e8s dans le dossier de l\u2019application de la TPS sur les projets d\u2019immobilisation tels que le Programme d\u2019infrastructures maritimes. Cependant, les n\u00e9gociations s\u2019av\u00e8rent moins efficaces en ce qui concerne l\u2019imposition des \u00e9tudiants inuit appel\u00e9s \u00e0 voyager dans le sud pour parfaire leur \u00e9ducation et l\u2019all\u00e8gement fiscal des chasseurs, p\u00eacheurs et pi\u00e9geurs du Nunavik qui participent \u00e0 l\u2019exploitation \u00e0 des fins de subsistance.<\/p>\n<blockquote><p>Les repr\u00e9sentants de Makivvik continuent d\u2019exercer des pressions sur les gouvernements f\u00e9d\u00e9ral et provincial, afin de faire modifier le r\u00e9gime fiscal de telle sorte qu\u2019il refl\u00e8te la situation particuli\u00e8re et les besoins des Nunavimmiut.<\/p><\/blockquote>\n<p>Les efforts d\u00e9ploy\u00e9s par les deux organismes dans ce dossier s\u2019appuient sur de solides arguments, dont le fait que les Inuit paient des imp\u00f4ts sur le revenu, le fait que les Qu\u00e9b\u00e9cois sont les citoyens qui ont le taux d\u2019imposition le plus \u00e9lev\u00e9 au Canada, et le fait que le co\u00fbt de la vie au Nunavik est exorbitant.<\/p>\n<p>Les augmentations fulgurantes du co\u00fbt de l\u2019essence et la hausse des co\u00fbts de transport qui s\u2019en est suivie ces derniers temps auront peut-\u00eatre pour effet d\u2019attirer l\u2019attention de la population et des politiciens sur ce dossier.<\/p>\n<p>Si les r\u00e9cents budgets f\u00e9d\u00e9raux pr\u00e9voyaient un certain all\u00e8gement fiscal pour les familles et les \u00e9tudiants de niveau postsecondaire, nous n\u2019avons pas encore obtenu l\u2019exemption compl\u00e8te des subventions au transport offertes aux \u00e9tudiants qui poursuivent leurs \u00e9tudes en dehors de leur communaut\u00e9 de r\u00e9sidence.<\/p>\n<p>Les repr\u00e9sentants de Makivvik continuent d\u2019exercer des pressions sur les gouvernements f\u00e9d\u00e9ral et provincial, afin de faire modifier le r\u00e9gime fiscal de telle sorte qu\u2019il refl\u00e8te la situation particuli\u00e8re et les besoins des Nunavimmiut.<\/p>\n","protected":false},"excerpt":{"rendered":"<p>Depuis 1995, des porte-parole de Makivvik et de l\u2019Administration r\u00e9gionale Kativik ont rencontr\u00e9 \u00e0 maintes reprises les repr\u00e9sentants de divers minist\u00e8res f\u00e9d\u00e9raux charg\u00e9s de l\u2019\u00e9laboration de<span class=\"excerpt-hellip\"> [\u2026]<\/span><\/p>\n","protected":false},"author":9,"featured_media":0,"parent":4570,"menu_order":0,"comment_status":"closed","ping_status":"closed","template":"","meta":{"_acf_changed":false,"footnotes":""},"class_list":["post-4582","page","type-page","status-publish","hentry"],"acf":[],"jetpack_shortlink":"https:\/\/wp.me\/P7v1Zk-1bU","jetpack_sharing_enabled":true,"_links":{"self":[{"href":"https:\/\/www.makivvik.ca\/fr\/wp-json\/wp\/v2\/pages\/4582","targetHints":{"allow":["GET"]}}],"collection":[{"href":"https:\/\/www.makivvik.ca\/fr\/wp-json\/wp\/v2\/pages"}],"about":[{"href":"https:\/\/www.makivvik.ca\/fr\/wp-json\/wp\/v2\/types\/page"}],"author":[{"embeddable":true,"href":"https:\/\/www.makivvik.ca\/fr\/wp-json\/wp\/v2\/users\/9"}],"replies":[{"embeddable":true,"href":"https:\/\/www.makivvik.ca\/fr\/wp-json\/wp\/v2\/comments?post=4582"}],"version-history":[{"count":1,"href":"https:\/\/www.makivvik.ca\/fr\/wp-json\/wp\/v2\/pages\/4582\/revisions"}],"predecessor-version":[{"id":5266,"href":"https:\/\/www.makivvik.ca\/fr\/wp-json\/wp\/v2\/pages\/4582\/revisions\/5266"}],"up":[{"embeddable":true,"href":"https:\/\/www.makivvik.ca\/fr\/wp-json\/wp\/v2\/pages\/4570"}],"wp:attachment":[{"href":"https:\/\/www.makivvik.ca\/fr\/wp-json\/wp\/v2\/media?parent=4582"}],"curies":[{"name":"wp","href":"https:\/\/api.w.org\/{rel}","templated":true}]}}