{"id":4579,"date":"2013-02-25T13:32:47","date_gmt":"2013-02-25T13:32:47","guid":{"rendered":"http:\/\/www.makivik.org\/abattage-de-chiens\/"},"modified":"2023-02-24T17:19:51","modified_gmt":"2023-02-24T21:19:51","slug":"abattage-de-chiens","status":"publish","type":"page","link":"https:\/\/www.makivvik.ca\/fr\/abattage-de-chiens\/","title":{"rendered":"Abattage de chiens"},"content":{"rendered":"<p><img data-recalc-dims=\"1\" loading=\"lazy\" decoding=\"async\" class=\"alignleft\" src=\"https:\/\/i0.wp.com\/www.makivvik.ca\/wp-content\/uploads\/2013\/02\/dog_slaughter.png?resize=300%2C184\" alt=\"dog_slaughter\" width=\"300\" height=\"184\" \/>Quelque 200 rapports ont \u00e9t\u00e9 pr\u00e9sent\u00e9s par les Inuit du Nunavik au sujet de chiens abattus dans des communaut\u00e9s du Nunavik soit par des fonctionnaires du Canada et du Qu\u00e9bec ou leurs repr\u00e9sentants, soit sur leur ordre, du milieu des ann\u00e9es 1950 \u00e0 la fin des ann\u00e9es 1960. Ces derniers n\u2019ont pas tenu de consultation aupr\u00e8s des Inuit du Nunavik et n\u2019ont pas cherch\u00e9 \u00e0 obtenir leur consentement. Makivvik tente d\u2019obtenir des gouvernements qu\u2019ils admettent leur responsabilit\u00e9 dans ces \u00e9v\u00e9nements et proposent des mesures correctives.<\/p>\n<p>Il y a deux ans, Makivvik a pr\u00e9sent\u00e9 un m\u00e9moire sur ce dossier aux gouvernements f\u00e9d\u00e9ral et provincial. Dans son m\u00e9moire, la Soci\u00e9t\u00e9 a r\u00e9clam\u00e9 de nouveau qu\u2019une enqu\u00eate ind\u00e9pendante sur cette affaire soit r\u00e9alis\u00e9e. En outre, Makivvik a produit un documentaire sur l\u2019abattage des chiens intitul\u00e9 Echo of the Last Howl.<\/p>\n<p>Le Comit\u00e9 permanent des affaires autochtones et du d\u00e9veloppement du Grand Nord du gouvernement f\u00e9d\u00e9ral a entendu des t\u00e9moignages provenant du Nunavik et du Nunavut, apr\u00e8s quoi il a adopt\u00e9 une motion demandant au gouvernement de nommer un juge de la Cour sup\u00e9rieure pour enqu\u00eater sur la question.<\/p>\n<p>Par suite de cette recommandation, le commissaire de la Gendarmerie royale du Canada (GRC) a \u00e9t\u00e9 pri\u00e9 de passer en revue les gestes qu\u2019avait pos\u00e9s la GRC concernant l\u2019abattage des chiens. Le r\u00e9sum\u00e9 du rapport de la GRC a \u00e9t\u00e9 pr\u00e9sent\u00e9 au Parlement en novembre 2006. Makivvik a, pour sa part, re\u00e7u la version compl\u00e8te du rapport de 775 pages en d\u00e9cembre 2006.<\/p>\n<p>Le rapport conclut qu\u2019aucun renseignement ne d\u00e9montre l\u2019existence d\u2019une politique de la GRC ou du gouvernement f\u00e9d\u00e9ral visant l\u2019\u00e9limination des chiens de tra\u00eeneau, mais que la GRC a effectivement abattu certains chiens qui \u00e9taient malades ou dangereux, ou encore, parce qu\u2019ils \u00e9taient trop nombreux.<\/p>\n<p>Makivvik a exerc\u00e9 de fortes pressions aupr\u00e8s du gouvernement du Qu\u00e9bec pour qu\u2019il examine le dossier de l\u2019abattage des chiens au Nunavik. De plus, elle fournira un soutien financier \u00e0 la Qikiqtani Inuit Association (QIA) et collaborera avec ses repr\u00e9sentants \u00e0 l\u2019\u00e9tablissement d\u2019une commission de la v\u00e9rit\u00e9 au sujet de l\u2019abattage des chiens.<\/p>\n<p>\u00c0 la suite d\u2019une rencontre entre le pr\u00e9sident de Makivvik et le ministre responsable des Affaires autochtones, Beno\u00eet Pelletier, les parties ont convenu d\u2019examiner la question par l\u2019entremise d\u2019un comit\u00e9 ind\u00e9pendant. Le gouvernement du Qu\u00e9bec et Makivvik ont conjointement nomm\u00e9 Jean-Jacques Croteau, ancien juge de la Cour sup\u00e9rieure du Qu\u00e9bec, afin qu\u2019il examine et analyse les \u00e9v\u00e9nements qui se sont produits dans les ann\u00e9es 1950 et 1960 concernant l\u2019abattage des chiens de tra\u00eeneau inuit.<\/p>\n","protected":false},"excerpt":{"rendered":"<p>Quelque 200 rapports ont \u00e9t\u00e9 pr\u00e9sent\u00e9s par les Inuit du Nunavik au sujet de chiens abattus dans des communaut\u00e9s du Nunavik soit par des fonctionnaires du<span class=\"excerpt-hellip\"> [\u2026]<\/span><\/p>\n","protected":false},"author":9,"featured_media":0,"parent":0,"menu_order":0,"comment_status":"closed","ping_status":"closed","template":"","meta":{"_acf_changed":false,"footnotes":""},"class_list":["post-4579","page","type-page","status-publish","hentry"],"acf":[],"jetpack_shortlink":"https:\/\/wp.me\/P7v1Zk-1bR","jetpack_sharing_enabled":true,"_links":{"self":[{"href":"https:\/\/www.makivvik.ca\/fr\/wp-json\/wp\/v2\/pages\/4579","targetHints":{"allow":["GET"]}}],"collection":[{"href":"https:\/\/www.makivvik.ca\/fr\/wp-json\/wp\/v2\/pages"}],"about":[{"href":"https:\/\/www.makivvik.ca\/fr\/wp-json\/wp\/v2\/types\/page"}],"author":[{"embeddable":true,"href":"https:\/\/www.makivvik.ca\/fr\/wp-json\/wp\/v2\/users\/9"}],"replies":[{"embeddable":true,"href":"https:\/\/www.makivvik.ca\/fr\/wp-json\/wp\/v2\/comments?post=4579"}],"version-history":[{"count":1,"href":"https:\/\/www.makivvik.ca\/fr\/wp-json\/wp\/v2\/pages\/4579\/revisions"}],"predecessor-version":[{"id":15281,"href":"https:\/\/www.makivvik.ca\/fr\/wp-json\/wp\/v2\/pages\/4579\/revisions\/15281"}],"wp:attachment":[{"href":"https:\/\/www.makivvik.ca\/fr\/wp-json\/wp\/v2\/media?parent=4579"}],"curies":[{"name":"wp","href":"https:\/\/api.w.org\/{rel}","templated":true}]}}